{"id":4990,"date":"2024-02-29T10:33:23","date_gmt":"2024-02-29T06:33:23","guid":{"rendered":"https:\/\/zubochistka.az\/?post_type=product&#038;p=4990"},"modified":"2025-02-05T16:49:21","modified_gmt":"2025-02-05T12:49:21","slug":"curasept-gold-lux-75-ml-%d0%b7%d1%83%d0%b1%d0%bd%d0%b0%d1%8f-%d1%89%d0%b5%d1%82%d0%ba%d0%b0","status":"publish","type":"product","link":"https:\/\/zubochistka.az\/az\/product\/curasept-gold-lux-75-ml-%d0%b7%d1%83%d0%b1%d0%bd%d0%b0%d1%8f-%d1%89%d0%b5%d1%82%d0%ba%d0%b0\/","title":{"rendered":"Curasept Gold Lux, 75 ML + \u0437\u0443\u0431\u043d\u0430\u044f \u0449\u0435\u0442\u043a\u0430"},"content":{"rendered":"","protected":false},"excerpt":{"rendered":"<p>Curasept Gold Luxury, \u0259vv\u0259lc\u0259d\u0259n qabla\u015fd\u0131r\u0131lan di\u015f f\u0131r\u00e7as\u0131 il\u0259 birlikd\u0259 istifad\u0259 edil\u0259n \u00e7ox g\u00fccl\u00fc a\u011fard\u0131c\u0131 formulaya malik di\u015f m\u0259cunudur.<\/p>\n<p>Aktiv komponentl\u0259rin birg\u0259 h\u0259r\u0259k\u0259ti v\u0259 bir-birin\u0259 madd\u0259l\u0259r \u0259lav\u0259 ed\u0259n sinerji qanunlar\u0131n\u0131n t\u0259tbiqi say\u0259sind\u0259 m\u0259hsul di\u015fl\u0259ri effektiv \u015f\u0259kild\u0259 a\u011fartmaqla yana\u015f\u0131, patentl\u0259\u015fdirilmi\u015f unikal hidroksiapatit say\u0259sind\u0259 minan\u0131 remineralla\u015fd\u0131r\u0131r v\u0259 b\u0259rpa edir, \u00e7at\u0131\u015fmayan madd\u0259l\u0259ri doldurur.<br \/>\nT\u0259rkibind\u0259 1450 ppm fl\u00fcor var. A\u015fa\u011f\u0131 abrazivdir.<\/p>\n<p>T\u0259rkibind\u0259ki koloidal q\u0131z\u0131l oksidl\u0259\u015fdirici stressd\u0259n sonra da q\u0131c\u0131qlanm\u0131\u015f a\u011f\u0131z mukozas\u0131n\u0131 qoruyur.<\/p>\n<p>Bel\u0259likl\u0259, a\u011fard\u0131c\u0131 di\u015f m\u0259cunu istifad\u0259 ed\u0259rk\u0259n he\u00e7 bir h\u0259ssasl\u0131q hiss etm\u0259d\u0259n bir ne\u00e7\u0259 ton daha a\u011farm\u0131\u015f v\u0259 eyni zamanda daha g\u00fccl\u00fc olan di\u015fl\u0259rd\u0259n h\u0259zz ala bil\u0259rsiniz.<\/p>\n<p>Di\u015f f\u0131r\u00e7as\u0131 aktivl\u0259\u015fdirilmi\u015f karbonla \u00f6rt\u00fclm\u00fc\u015fd\u00fcr, bu da g\u00fcn \u0259rzind\u0259 y\u0131\u011f\u0131lm\u0131\u015f \u0259rpi effektiv \u015f\u0259kild\u0259 t\u0259mizl\u0259yir.<br \/>\nDi\u015f m\u0259cun il\u0259 birlikd\u0259 istifad\u0259 edildikd\u0259 \u0259la n\u0259tic\u0259l\u0259r verir - di\u015fl\u0259r bir ne\u00e7\u0259 ton a\u011far\u0131r.<\/p>","protected":false},"featured_media":5571,"comment_status":"open","ping_status":"closed","template":"","meta":{"_eb_attr":"","site-sidebar-layout":"default","site-content-layout":"","ast-site-content-layout":"default","site-content-style":"default","site-sidebar-style":"default","ast-global-header-display":"","ast-banner-title-visibility":"","ast-main-header-display":"","ast-hfb-above-header-display":"","ast-hfb-below-header-display":"","ast-hfb-mobile-header-display":"","site-post-title":"","ast-breadcrumbs-content":"","ast-featured-img":"","footer-sml-layout":"","ast-disable-related-posts":"","theme-transparent-header-meta":"default","adv-header-id-meta":"","stick-header-meta":"","header-above-stick-meta":"","header-main-stick-meta":"","header-below-stick-meta":"","astra-migrate-meta-layouts":"set","ast-page-background-enabled":"default","ast-page-background-meta":{"desktop":{"background-color":"var(--ast-global-color-4)","background-image":"","background-repeat":"repeat","background-position":"center center","background-size":"auto","background-attachment":"scroll","background-type":"","background-media":"","overlay-type":"","overlay-color":"","overlay-opacity":"","overlay-gradient":""},"tablet":{"background-color":"","background-image":"","background-repeat":"repeat","background-position":"center center","background-size":"auto","background-attachment":"scroll","background-type":"","background-media":"","overlay-type":"","overlay-color":"","overlay-opacity":"","overlay-gradient":""},"mobile":{"background-color":"","background-image":"","background-repeat":"repeat","background-position":"center center","background-size":"auto","background-attachment":"scroll","background-type":"","background-media":"","overlay-type":"","overlay-color":"","overlay-opacity":"","overlay-gradient":""}},"ast-content-background-meta":{"desktop":{"background-color":"var(--ast-global-color-5)","background-image":"","background-repeat":"repeat","background-position":"center center","background-size":"auto","background-attachment":"scroll","background-type":"","background-media":"","overlay-type":"","overlay-color":"","overlay-opacity":"","overlay-gradient":""},"tablet":{"background-color":"var(--ast-global-color-5)","background-image":"","background-repeat":"repeat","background-position":"center center","background-size":"auto","background-attachment":"scroll","background-type":"","background-media":"","overlay-type":"","overlay-color":"","overlay-opacity":"","overlay-gradient":""},"mobile":{"background-color":"var(--ast-global-color-5)","background-image":"","background-repeat":"repeat","background-position":"center center","background-size":"auto","background-attachment":"scroll","background-type":"","background-media":"","overlay-type":"","overlay-color":"","overlay-opacity":"","overlay-gradient":""}}},"product_brand":[74],"product_cat":[21,45],"product_tag":[],"class_list":{"0":"post-4990","1":"product","2":"type-product","3":"status-publish","4":"has-post-thumbnail","6":"product_brand-curasept","7":"product_cat-21","8":"product_cat-45","9":"desktop-align-left","10":"tablet-align-left","11":"mobile-align-left","13":"first","14":"instock","15":"shipping-taxable","16":"purchasable","17":"product-type-simple"},"jetpack_sharing_enabled":true,"_links":{"self":[{"href":"https:\/\/zubochistka.az\/az\/wp-json\/wp\/v2\/product\/4990","targetHints":{"allow":["GET"]}}],"collection":[{"href":"https:\/\/zubochistka.az\/az\/wp-json\/wp\/v2\/product"}],"about":[{"href":"https:\/\/zubochistka.az\/az\/wp-json\/wp\/v2\/types\/product"}],"replies":[{"embeddable":true,"href":"https:\/\/zubochistka.az\/az\/wp-json\/wp\/v2\/comments?post=4990"}],"wp:featuredmedia":[{"embeddable":true,"href":"https:\/\/zubochistka.az\/az\/wp-json\/wp\/v2\/media\/5571"}],"wp:attachment":[{"href":"https:\/\/zubochistka.az\/az\/wp-json\/wp\/v2\/media?parent=4990"}],"wp:term":[{"taxonomy":"product_brand","embeddable":true,"href":"https:\/\/zubochistka.az\/az\/wp-json\/wp\/v2\/product_brand?post=4990"},{"taxonomy":"product_cat","embeddable":true,"href":"https:\/\/zubochistka.az\/az\/wp-json\/wp\/v2\/product_cat?post=4990"},{"taxonomy":"product_tag","embeddable":true,"href":"https:\/\/zubochistka.az\/az\/wp-json\/wp\/v2\/product_tag?post=4990"}],"curies":[{"name":"wp","href":"https:\/\/api.w.org\/{rel}","templated":true}]}}