{"id":5018,"date":"2024-02-29T11:22:23","date_gmt":"2024-02-29T07:22:23","guid":{"rendered":"https:\/\/zubochistka.az\/?post_type=product&#038;p=5018"},"modified":"2026-02-20T10:28:03","modified_gmt":"2026-02-20T06:28:03","slug":"curasept-daycare-booster-%d1%84%d1%80%d1%83%d0%ba%d1%82%d0%be%d0%b2%d0%b0%d1%8f-%d1%81%d0%b5%d0%bd%d1%81%d0%b0%d1%86%d0%b8%d1%8f-100-ml","status":"publish","type":"product","link":"https:\/\/zubochistka.az\/az\/product\/curasept-daycare-booster-%d1%84%d1%80%d1%83%d0%ba%d1%82%d0%be%d0%b2%d0%b0%d1%8f-%d1%81%d0%b5%d0%bd%d1%81%d0%b0%d1%86%d0%b8%d1%8f-100-ml\/","title":{"rendered":"CURASEPT DAYCARE BOOSTER \u0424\u0440\u0443\u043a\u0442\u043e\u0432\u0430\u044f \u0441\u0435\u043d\u0441\u0430\u0446\u0438\u044f, 100 ml"},"content":{"rendered":"","protected":false},"excerpt":{"rendered":"<p>CURASEPT Daycare Protection Booster - b\u00fct\u00fcn problemli sah\u0259l\u0259r\u0259 t\u0259sir edir:<\/p>\n<p>1. \u018frp il\u0259 effektiv m\u00fcbariz\u0259.<\/p>\n<p>2. Antibakterial f\u0259aliyy\u0259t.<\/p>\n<p>3. Uzunm\u00fcdd\u0259tli antiviral t\u0259sir.<\/p>\n<p>4. \u0130ltihab \u0259leyhin\u0259 t\u0259sir g\u00f6st\u0259rir.<\/p>\n<p>5. Xo\u015fag\u0259lm\u0259z qoxunun aradan qald\u0131r\u0131lmas\u0131.<\/p>\n<p>T\u0259rkibind\u0259 SLS, spirt yoxdur<\/p>","protected":false},"featured_media":5332,"comment_status":"open","ping_status":"closed","template":"","meta":{"_eb_attr":"","site-sidebar-layout":"default","site-content-layout":"","ast-site-content-layout":"default","site-content-style":"default","site-sidebar-style":"default","ast-global-header-display":"","ast-banner-title-visibility":"","ast-main-header-display":"","ast-hfb-above-header-display":"","ast-hfb-below-header-display":"","ast-hfb-mobile-header-display":"","site-post-title":"","ast-breadcrumbs-content":"","ast-featured-img":"","footer-sml-layout":"","ast-disable-related-posts":"","theme-transparent-header-meta":"default","adv-header-id-meta":"","stick-header-meta":"","header-above-stick-meta":"","header-main-stick-meta":"","header-below-stick-meta":"","astra-migrate-meta-layouts":"set","ast-page-background-enabled":"default","ast-page-background-meta":{"desktop":{"background-color":"var(--ast-global-color-4)","background-image":"","background-repeat":"repeat","background-position":"center center","background-size":"auto","background-attachment":"scroll","background-type":"","background-media":"","overlay-type":"","overlay-color":"","overlay-opacity":"","overlay-gradient":""},"tablet":{"background-color":"","background-image":"","background-repeat":"repeat","background-position":"center center","background-size":"auto","background-attachment":"scroll","background-type":"","background-media":"","overlay-type":"","overlay-color":"","overlay-opacity":"","overlay-gradient":""},"mobile":{"background-color":"","background-image":"","background-repeat":"repeat","background-position":"center center","background-size":"auto","background-attachment":"scroll","background-type":"","background-media":"","overlay-type":"","overlay-color":"","overlay-opacity":"","overlay-gradient":""}},"ast-content-background-meta":{"desktop":{"background-color":"var(--ast-global-color-5)","background-image":"","background-repeat":"repeat","background-position":"center center","background-size":"auto","background-attachment":"scroll","background-type":"","background-media":"","overlay-type":"","overlay-color":"","overlay-opacity":"","overlay-gradient":""},"tablet":{"background-color":"var(--ast-global-color-5)","background-image":"","background-repeat":"repeat","background-position":"center center","background-size":"auto","background-attachment":"scroll","background-type":"","background-media":"","overlay-type":"","overlay-color":"","overlay-opacity":"","overlay-gradient":""},"mobile":{"background-color":"var(--ast-global-color-5)","background-image":"","background-repeat":"repeat","background-position":"center center","background-size":"auto","background-attachment":"scroll","background-type":"","background-media":"","overlay-type":"","overlay-color":"","overlay-opacity":"","overlay-gradient":""}}},"product_brand":[74],"product_cat":[43,29],"product_tag":[],"class_list":{"0":"post-5018","1":"product","2":"type-product","3":"status-publish","4":"has-post-thumbnail","6":"product_brand-curasept","7":"product_cat-43","8":"product_cat-29","9":"desktop-align-left","10":"tablet-align-left","11":"mobile-align-left","13":"first","14":"outofstock","15":"shipping-taxable","16":"purchasable","17":"product-type-simple"},"jetpack_sharing_enabled":true,"_links":{"self":[{"href":"https:\/\/zubochistka.az\/az\/wp-json\/wp\/v2\/product\/5018","targetHints":{"allow":["GET"]}}],"collection":[{"href":"https:\/\/zubochistka.az\/az\/wp-json\/wp\/v2\/product"}],"about":[{"href":"https:\/\/zubochistka.az\/az\/wp-json\/wp\/v2\/types\/product"}],"replies":[{"embeddable":true,"href":"https:\/\/zubochistka.az\/az\/wp-json\/wp\/v2\/comments?post=5018"}],"wp:featuredmedia":[{"embeddable":true,"href":"https:\/\/zubochistka.az\/az\/wp-json\/wp\/v2\/media\/5332"}],"wp:attachment":[{"href":"https:\/\/zubochistka.az\/az\/wp-json\/wp\/v2\/media?parent=5018"}],"wp:term":[{"taxonomy":"product_brand","embeddable":true,"href":"https:\/\/zubochistka.az\/az\/wp-json\/wp\/v2\/product_brand?post=5018"},{"taxonomy":"product_cat","embeddable":true,"href":"https:\/\/zubochistka.az\/az\/wp-json\/wp\/v2\/product_cat?post=5018"},{"taxonomy":"product_tag","embeddable":true,"href":"https:\/\/zubochistka.az\/az\/wp-json\/wp\/v2\/product_tag?post=5018"}],"curies":[{"name":"wp","href":"https:\/\/api.w.org\/{rel}","templated":true}]}}