{"id":5020,"date":"2024-02-29T11:38:55","date_gmt":"2024-02-29T07:38:55","guid":{"rendered":"https:\/\/zubochistka.az\/?post_type=product&#038;p=5020"},"modified":"2025-08-19T12:44:02","modified_gmt":"2025-08-19T08:44:02","slug":"curasept-ads-020-regenerative-chx-020","status":"publish","type":"product","link":"https:\/\/zubochistka.az\/az\/product\/curasept-ads-020-regenerative-chx-020\/","title":{"rendered":"Curasept ADS 020 Regenerating CHX 0,20%"},"content":{"rendered":"","protected":false},"excerpt":{"rendered":"<p>CURASEPT ADS 020-ni hialuron tur\u015fusu il\u0259. A\u011fz\u0131 yaxalamaq \u00fc\u00e7\u00fcn uy\u011fundur. Kariyesd\u0259n qorunma\u011fa v\u0259 qar\u015f\u0131s\u0131n\u0131 alma\u011fa k\u00f6m\u0259k edir. Hialuron tur\u015fusu selikli qi\u015falarda v\u0259 di\u015f \u0259tl\u0259rind\u0259 bir lent  yarad\u0131r, bu da onlar\u0131 n\u0259ml\u0259ndirm\u0259y\u0259 k\u00f6m\u0259k edir v\u0259 h\u0259m\u00e7inin regenerasiya prosesl\u0259rini t\u0259\u015fviq edir. Xlorheksidin 0,2% \u0259rp v\u0259 iltihab\u0131 azaltma\u011fa k\u00f6m\u0259k edir.<\/p>\n<p>M\u0259hsuldi\u015f \u0259m\u0259liyyat\u0131ndan \u0259vv\u0259l v\u0259 ya sonra a\u011f\u0131z bo\u015flu\u011funu m\u00fcalic\u0259 etm\u0259y\u0259 k\u00f6m\u0259k edir. A\u011f\u0131z yaxalay\u0131c\u0131s\u0131 h\u0259m\u00e7inin a\u011f\u0131z mikrofloras\u0131n\u0131n balans\u0131n\u0131 qoruyub normalla\u015fd\u0131rma\u011fa, \u0259rpin v\u0259 da\u015flar\u0131n \u0259m\u0259l\u0259 g\u0259lm\u0259sini l\u0259ngitm\u0259y\u0259 qadirdir.<\/p>","protected":false},"featured_media":5330,"comment_status":"open","ping_status":"closed","template":"","meta":{"_eb_attr":"","site-sidebar-layout":"default","site-content-layout":"","ast-site-content-layout":"default","site-content-style":"default","site-sidebar-style":"default","ast-global-header-display":"","ast-banner-title-visibility":"","ast-main-header-display":"","ast-hfb-above-header-display":"","ast-hfb-below-header-display":"","ast-hfb-mobile-header-display":"","site-post-title":"","ast-breadcrumbs-content":"","ast-featured-img":"","footer-sml-layout":"","ast-disable-related-posts":"","theme-transparent-header-meta":"default","adv-header-id-meta":"","stick-header-meta":"","header-above-stick-meta":"","header-main-stick-meta":"","header-below-stick-meta":"","astra-migrate-meta-layouts":"set","ast-page-background-enabled":"default","ast-page-background-meta":{"desktop":{"background-color":"var(--ast-global-color-4)","background-image":"","background-repeat":"repeat","background-position":"center center","background-size":"auto","background-attachment":"scroll","background-type":"","background-media":"","overlay-type":"","overlay-color":"","overlay-opacity":"","overlay-gradient":""},"tablet":{"background-color":"","background-image":"","background-repeat":"repeat","background-position":"center center","background-size":"auto","background-attachment":"scroll","background-type":"","background-media":"","overlay-type":"","overlay-color":"","overlay-opacity":"","overlay-gradient":""},"mobile":{"background-color":"","background-image":"","background-repeat":"repeat","background-position":"center center","background-size":"auto","background-attachment":"scroll","background-type":"","background-media":"","overlay-type":"","overlay-color":"","overlay-opacity":"","overlay-gradient":""}},"ast-content-background-meta":{"desktop":{"background-color":"var(--ast-global-color-5)","background-image":"","background-repeat":"repeat","background-position":"center center","background-size":"auto","background-attachment":"scroll","background-type":"","background-media":"","overlay-type":"","overlay-color":"","overlay-opacity":"","overlay-gradient":""},"tablet":{"background-color":"var(--ast-global-color-5)","background-image":"","background-repeat":"repeat","background-position":"center center","background-size":"auto","background-attachment":"scroll","background-type":"","background-media":"","overlay-type":"","overlay-color":"","overlay-opacity":"","overlay-gradient":""},"mobile":{"background-color":"var(--ast-global-color-5)","background-image":"","background-repeat":"repeat","background-position":"center center","background-size":"auto","background-attachment":"scroll","background-type":"","background-media":"","overlay-type":"","overlay-color":"","overlay-opacity":"","overlay-gradient":""}}},"product_brand":[74],"product_cat":[42,29],"product_tag":[],"class_list":{"0":"post-5020","1":"product","2":"type-product","3":"status-publish","4":"has-post-thumbnail","6":"product_brand-curasept","7":"product_cat-42","8":"product_cat-29","9":"desktop-align-left","10":"tablet-align-left","11":"mobile-align-left","13":"first","14":"outofstock","15":"shipping-taxable","16":"purchasable","17":"product-type-simple"},"jetpack_sharing_enabled":true,"_links":{"self":[{"href":"https:\/\/zubochistka.az\/az\/wp-json\/wp\/v2\/product\/5020","targetHints":{"allow":["GET"]}}],"collection":[{"href":"https:\/\/zubochistka.az\/az\/wp-json\/wp\/v2\/product"}],"about":[{"href":"https:\/\/zubochistka.az\/az\/wp-json\/wp\/v2\/types\/product"}],"replies":[{"embeddable":true,"href":"https:\/\/zubochistka.az\/az\/wp-json\/wp\/v2\/comments?post=5020"}],"wp:featuredmedia":[{"embeddable":true,"href":"https:\/\/zubochistka.az\/az\/wp-json\/wp\/v2\/media\/5330"}],"wp:attachment":[{"href":"https:\/\/zubochistka.az\/az\/wp-json\/wp\/v2\/media?parent=5020"}],"wp:term":[{"taxonomy":"product_brand","embeddable":true,"href":"https:\/\/zubochistka.az\/az\/wp-json\/wp\/v2\/product_brand?post=5020"},{"taxonomy":"product_cat","embeddable":true,"href":"https:\/\/zubochistka.az\/az\/wp-json\/wp\/v2\/product_cat?post=5020"},{"taxonomy":"product_tag","embeddable":true,"href":"https:\/\/zubochistka.az\/az\/wp-json\/wp\/v2\/product_tag?post=5020"}],"curies":[{"name":"wp","href":"https:\/\/api.w.org\/{rel}","templated":true}]}}