{"id":5027,"date":"2024-02-29T12:56:45","date_gmt":"2024-02-29T08:56:45","guid":{"rendered":"https:\/\/zubochistka.az\/?post_type=product&#038;p=5027"},"modified":"2025-02-05T16:17:17","modified_gmt":"2025-02-05T12:17:17","slug":"curasept-ads-720-protective-%d0%b7%d1%83%d0%b1%d0%bd%d0%b0%d1%8f-%d0%bf%d0%b0%d1%81%d1%82%d0%b0","status":"publish","type":"product","link":"https:\/\/zubochistka.az\/az\/product\/curasept-ads-720-protective-%d0%b7%d1%83%d0%b1%d0%bd%d0%b0%d1%8f-%d0%bf%d0%b0%d1%81%d1%82%d0%b0\/","title":{"rendered":"Curasept ADS 720 PROTECTIVE \u0417\u0443\u0431\u043d\u0430\u044f \u043f\u0430\u0441\u0442\u0430"},"content":{"rendered":"","protected":false},"excerpt":{"rendered":"<p>0,20% xlorheksidin + T\u0259mizl\u0259nmi\u015f kolostrum + PVP VA kompleksi.<\/p>\n<p>Quru a\u011f\u0131za qar\u015f\u0131 di\u015f pastas\u0131. Selikli qi\u015fan\u0131n iltihabl\u0131 v\u0259 t\u0259krarlanan di\u015f \u0259ti x\u0259st\u0259likl\u0259rind\u0259n qorunmas\u0131na k\u00f6m\u0259k edir, sa\u011falma v\u0259 b\u0259rpa prosesini yax\u015f\u0131la\u015fd\u0131r\u0131r.<\/p>\n<p>Siqaret \u00e7\u0259k\u0259nl\u0259r, a\u011f\u0131z qurulu\u011fu olan x\u0259st\u0259l\u0259r, immun \u00e7at\u0131\u015fmazl\u0131\u011f\u0131 olan insanlar, \u015f\u0259k\u0259rli diabet, radiasiya v\u0259 kemoterapiya m\u0259ruz qalanlar, a\u011f\u0131z mukozas\u0131n\u0131n otoimm\u00fcn lezyonlar\u0131, \u015f\u0259k\u0259rli diabet, xerostomiya v\u0259 hiposalivasiya olan x\u0259st\u0259l\u0259r \u00fc\u00e7\u00fcn t\u0259yin edilir.<\/p>","protected":false},"featured_media":5328,"comment_status":"open","ping_status":"closed","template":"","meta":{"_eb_attr":"","site-sidebar-layout":"default","site-content-layout":"","ast-site-content-layout":"default","site-content-style":"default","site-sidebar-style":"default","ast-global-header-display":"","ast-banner-title-visibility":"","ast-main-header-display":"","ast-hfb-above-header-display":"","ast-hfb-below-header-display":"","ast-hfb-mobile-header-display":"","site-post-title":"","ast-breadcrumbs-content":"","ast-featured-img":"","footer-sml-layout":"","ast-disable-related-posts":"","theme-transparent-header-meta":"default","adv-header-id-meta":"","stick-header-meta":"","header-above-stick-meta":"","header-main-stick-meta":"","header-below-stick-meta":"","astra-migrate-meta-layouts":"set","ast-page-background-enabled":"default","ast-page-background-meta":{"desktop":{"background-color":"var(--ast-global-color-4)","background-image":"","background-repeat":"repeat","background-position":"center center","background-size":"auto","background-attachment":"scroll","background-type":"","background-media":"","overlay-type":"","overlay-color":"","overlay-opacity":"","overlay-gradient":""},"tablet":{"background-color":"","background-image":"","background-repeat":"repeat","background-position":"center center","background-size":"auto","background-attachment":"scroll","background-type":"","background-media":"","overlay-type":"","overlay-color":"","overlay-opacity":"","overlay-gradient":""},"mobile":{"background-color":"","background-image":"","background-repeat":"repeat","background-position":"center center","background-size":"auto","background-attachment":"scroll","background-type":"","background-media":"","overlay-type":"","overlay-color":"","overlay-opacity":"","overlay-gradient":""}},"ast-content-background-meta":{"desktop":{"background-color":"var(--ast-global-color-5)","background-image":"","background-repeat":"repeat","background-position":"center center","background-size":"auto","background-attachment":"scroll","background-type":"","background-media":"","overlay-type":"","overlay-color":"","overlay-opacity":"","overlay-gradient":""},"tablet":{"background-color":"var(--ast-global-color-5)","background-image":"","background-repeat":"repeat","background-position":"center center","background-size":"auto","background-attachment":"scroll","background-type":"","background-media":"","overlay-type":"","overlay-color":"","overlay-opacity":"","overlay-gradient":""},"mobile":{"background-color":"var(--ast-global-color-5)","background-image":"","background-repeat":"repeat","background-position":"center center","background-size":"auto","background-attachment":"scroll","background-type":"","background-media":"","overlay-type":"","overlay-color":"","overlay-opacity":"","overlay-gradient":""}}},"product_brand":[74],"product_cat":[21,59],"product_tag":[],"class_list":{"0":"post-5027","1":"product","2":"type-product","3":"status-publish","4":"has-post-thumbnail","6":"product_brand-curasept","7":"product_cat-21","8":"product_cat-59","9":"desktop-align-left","10":"tablet-align-left","11":"mobile-align-left","13":"first","14":"instock","15":"shipping-taxable","16":"purchasable","17":"product-type-simple"},"jetpack_sharing_enabled":true,"_links":{"self":[{"href":"https:\/\/zubochistka.az\/az\/wp-json\/wp\/v2\/product\/5027","targetHints":{"allow":["GET"]}}],"collection":[{"href":"https:\/\/zubochistka.az\/az\/wp-json\/wp\/v2\/product"}],"about":[{"href":"https:\/\/zubochistka.az\/az\/wp-json\/wp\/v2\/types\/product"}],"replies":[{"embeddable":true,"href":"https:\/\/zubochistka.az\/az\/wp-json\/wp\/v2\/comments?post=5027"}],"wp:featuredmedia":[{"embeddable":true,"href":"https:\/\/zubochistka.az\/az\/wp-json\/wp\/v2\/media\/5328"}],"wp:attachment":[{"href":"https:\/\/zubochistka.az\/az\/wp-json\/wp\/v2\/media?parent=5027"}],"wp:term":[{"taxonomy":"product_brand","embeddable":true,"href":"https:\/\/zubochistka.az\/az\/wp-json\/wp\/v2\/product_brand?post=5027"},{"taxonomy":"product_cat","embeddable":true,"href":"https:\/\/zubochistka.az\/az\/wp-json\/wp\/v2\/product_cat?post=5027"},{"taxonomy":"product_tag","embeddable":true,"href":"https:\/\/zubochistka.az\/az\/wp-json\/wp\/v2\/product_tag?post=5027"}],"curies":[{"name":"wp","href":"https:\/\/api.w.org\/{rel}","templated":true}]}}