{"id":5128,"date":"2024-05-22T13:22:30","date_gmt":"2024-05-22T09:22:30","guid":{"rendered":"https:\/\/zubochistka.az\/?post_type=product&#038;p=5128"},"modified":"2025-05-30T17:57:21","modified_gmt":"2025-05-30T13:57:21","slug":"%d0%b7%d1%83%d0%b1%d0%bd%d0%b0%d1%8f-%d0%bf%d0%b0%d1%81%d1%82%d0%b0-splat-daily-complex-100-%d0%b3","status":"publish","type":"product","link":"https:\/\/zubochistka.az\/az\/product\/%d0%b7%d1%83%d0%b1%d0%bd%d0%b0%d1%8f-%d0%bf%d0%b0%d1%81%d1%82%d0%b0-splat-daily-complex-100-%d0%b3\/","title":{"rendered":"\u0417\u0443\u0431\u043d\u0430\u044f \u043f\u0430\u0441\u0442\u0430 Splat Daily Complex++ 100 \u0433"},"content":{"rendered":"","protected":false},"excerpt":{"rendered":"<p>Multiaktiv di\u015f pastas\u0131 Aloe + limon ya\u011f\u0131 Kompleksi++ Effektiv t\u0259mizl\u0259yici Nan\u0259 t\u0259rav\u0259ti. Di\u015f \u0259tinin m\u00fchafiz\u0259si T\u0259rkibind\u0259dir: Limon v\u0259 nan\u0259 efir ya\u011flar\u0131 Splat g\u00fcnd\u0259lik kompleks++ multiaktiv di\u015f pastas\u0131n\u0131n t\u0259bii limon v\u0259 nan\u0259 efir ya\u011flar\u0131 t\u0259rav\u0259tli n\u0259f\u0259s verir. Nan\u0259 efir ya\u011f\u0131 Nan\u0259 efir ya\u011f\u0131 antibakterial t\u0259sir\u0259 malikdir, di\u015f \u0259tinin qanamas\u0131n\u0131 azaltma\u011fa k\u00f6m\u0259k edir, a\u011f\u0131z bo\u015flu\u011funu t\u0259rav\u0259tl\u0259ndirir, antiseptik t\u0259sir g\u00f6st\u0259rir. Aloe Vera Gel A\u011f\u0131z \u00fc\u00e7\u00fcn faydal\u0131 aktiv madd\u0259l\u0259rl\u0259 z\u0259ngin olan aloe gel di\u015f \u0259ti iltihab\u0131n\u0131 azaltma\u011fa k\u00f6m\u0259k edir. T\u0259rkibind\u0259 yoxdur: parabenl\u0259r, sintetik boyalar, triklosan, xlorheksidin, fl\u00fcorlu peg<\/p>","protected":false},"featured_media":5314,"comment_status":"open","ping_status":"closed","template":"","meta":{"_eb_attr":"","site-sidebar-layout":"default","site-content-layout":"","ast-site-content-layout":"default","site-content-style":"default","site-sidebar-style":"default","ast-global-header-display":"","ast-banner-title-visibility":"","ast-main-header-display":"","ast-hfb-above-header-display":"","ast-hfb-below-header-display":"","ast-hfb-mobile-header-display":"","site-post-title":"","ast-breadcrumbs-content":"","ast-featured-img":"","footer-sml-layout":"","ast-disable-related-posts":"","theme-transparent-header-meta":"default","adv-header-id-meta":"","stick-header-meta":"","header-above-stick-meta":"","header-main-stick-meta":"","header-below-stick-meta":"","astra-migrate-meta-layouts":"set","ast-page-background-enabled":"default","ast-page-background-meta":{"desktop":{"background-color":"var(--ast-global-color-4)","background-image":"","background-repeat":"repeat","background-position":"center center","background-size":"auto","background-attachment":"scroll","background-type":"","background-media":"","overlay-type":"","overlay-color":"","overlay-opacity":"","overlay-gradient":""},"tablet":{"background-color":"","background-image":"","background-repeat":"repeat","background-position":"center center","background-size":"auto","background-attachment":"scroll","background-type":"","background-media":"","overlay-type":"","overlay-color":"","overlay-opacity":"","overlay-gradient":""},"mobile":{"background-color":"","background-image":"","background-repeat":"repeat","background-position":"center center","background-size":"auto","background-attachment":"scroll","background-type":"","background-media":"","overlay-type":"","overlay-color":"","overlay-opacity":"","overlay-gradient":""}},"ast-content-background-meta":{"desktop":{"background-color":"var(--ast-global-color-5)","background-image":"","background-repeat":"repeat","background-position":"center center","background-size":"auto","background-attachment":"scroll","background-type":"","background-media":"","overlay-type":"","overlay-color":"","overlay-opacity":"","overlay-gradient":""},"tablet":{"background-color":"var(--ast-global-color-5)","background-image":"","background-repeat":"repeat","background-position":"center center","background-size":"auto","background-attachment":"scroll","background-type":"","background-media":"","overlay-type":"","overlay-color":"","overlay-opacity":"","overlay-gradient":""},"mobile":{"background-color":"var(--ast-global-color-5)","background-image":"","background-repeat":"repeat","background-position":"center center","background-size":"auto","background-attachment":"scroll","background-type":"","background-media":"","overlay-type":"","overlay-color":"","overlay-opacity":"","overlay-gradient":""}}},"product_brand":[85],"product_cat":[21,59,22],"product_tag":[],"class_list":{"0":"post-5128","1":"product","2":"type-product","3":"status-publish","4":"has-post-thumbnail","6":"product_brand-splat","7":"product_cat-21","8":"product_cat-59","9":"product_cat-22","10":"desktop-align-left","11":"tablet-align-left","12":"mobile-align-left","14":"first","15":"outofstock","16":"shipping-taxable","17":"purchasable","18":"product-type-simple"},"jetpack_sharing_enabled":true,"_links":{"self":[{"href":"https:\/\/zubochistka.az\/az\/wp-json\/wp\/v2\/product\/5128","targetHints":{"allow":["GET"]}}],"collection":[{"href":"https:\/\/zubochistka.az\/az\/wp-json\/wp\/v2\/product"}],"about":[{"href":"https:\/\/zubochistka.az\/az\/wp-json\/wp\/v2\/types\/product"}],"replies":[{"embeddable":true,"href":"https:\/\/zubochistka.az\/az\/wp-json\/wp\/v2\/comments?post=5128"}],"wp:featuredmedia":[{"embeddable":true,"href":"https:\/\/zubochistka.az\/az\/wp-json\/wp\/v2\/media\/5314"}],"wp:attachment":[{"href":"https:\/\/zubochistka.az\/az\/wp-json\/wp\/v2\/media?parent=5128"}],"wp:term":[{"taxonomy":"product_brand","embeddable":true,"href":"https:\/\/zubochistka.az\/az\/wp-json\/wp\/v2\/product_brand?post=5128"},{"taxonomy":"product_cat","embeddable":true,"href":"https:\/\/zubochistka.az\/az\/wp-json\/wp\/v2\/product_cat?post=5128"},{"taxonomy":"product_tag","embeddable":true,"href":"https:\/\/zubochistka.az\/az\/wp-json\/wp\/v2\/product_tag?post=5128"}],"curies":[{"name":"wp","href":"https:\/\/api.w.org\/{rel}","templated":true}]}}