{"id":5138,"date":"2024-05-22T14:05:15","date_gmt":"2024-05-22T10:05:15","guid":{"rendered":"https:\/\/zubochistka.az\/?post_type=product&#038;p=5138"},"modified":"2025-08-19T12:39:42","modified_gmt":"2025-08-19T08:39:42","slug":"spasta-fresh-oclock-%d0%b0%d0%ba%d1%82%d0%b8%d0%b2%d0%bd%d1%8b%d0%b9-%d0%ba%d0%b0%d0%bb%d1%8c%d1%86%d0%b8%d0%b990-%d0%bc%d0%bb","status":"publish","type":"product","link":"https:\/\/zubochistka.az\/az\/product\/spasta-fresh-oclock-%d0%b0%d0%ba%d1%82%d0%b8%d0%b2%d0%bd%d1%8b%d0%b9-%d0%ba%d0%b0%d0%bb%d1%8c%d1%86%d0%b8%d0%b990-%d0%bc%d0%bb\/","title":{"rendered":"SPA&#8217;STA FRESH O&#8217;CLOCK \u0410\u043a\u0442\u0438\u0432\u043d\u044b\u0439 \u043a\u0430\u043b\u044c\u0446\u0438\u0439,90 \u043c\u043b"},"content":{"rendered":"","protected":false},"excerpt":{"rendered":"<p class=\"translation-block\">\u2022&nbsp;&nbsp;&nbsp;&nbsp;\u0410\u043a\u0442\u0438\u0432\u043d\u044b\u0439 \u043a\u0430\u043b\u044c\u0446\u0438\u0439: \u0438\u043d\u043d\u043e\u0432\u0430\u0446\u0438\u043e\u043d\u043d\u0430\u044f \u043e\u0442\u0431\u0435\u043b\u0438\u0432\u0430\u044e\u0449\u0430\u044f \u0441\u0438\u0441\u0442\u0435\u043c\u0430 \u043d\u0430 \u043e\u0441\u043d\u043e\u0432\u0435 \u0430\u043a\u0442\u0438\u0432\u043d\u043e\u0433\u043e \u043a\u0430\u043b\u044c\u0446\u0438\u044f \u043e\u0441\u0432\u0435\u0442\u043b\u044f\u0435\u0442 \u0438 \u0443\u043a\u0440\u0435\u043f\u043b\u044f\u0435\u0442 \u044d\u043c\u0430\u043b\u044c.<br>\r\n\u2022&nbsp;&nbsp;&nbsp;&nbsp;\u0423\u043a\u0440\u0435\u043f\u043b\u0435\u043d\u0438\u0435 \u044d\u043c\u0430\u043b\u0438: \u0431\u0435\u043b\u0430\u044f \u0438 \u0433\u043e\u043b\u0443\u0431\u0430\u044f \u0433\u043b\u0438\u043d\u044b \u0441\u043f\u043e\u0441\u043e\u0431\u0441\u0442\u0432\u0443\u044e\u0442 \u043c\u0438\u043d\u0435\u0440\u0430\u043b\u0438\u0437\u0430\u0446\u0438\u0438 \u044d\u043c\u0430\u043b\u0438.<br>\r\n\u2022&nbsp;&nbsp;&nbsp;&nbsp;\u0421\u043d\u0438\u0436\u0435\u043d\u0438\u0435 \u0447\u0443\u0432\u0441\u0442\u0432\u0438\u0442\u0435\u043b\u044c\u043d\u043e\u0441\u0442\u0438: \u0438\u043e\u043d\u044b \u043a\u0430\u043b\u0438\u044f \u0441\u043d\u0438\u0436\u0430\u044e\u0442 \u0447\u0443\u0432\u0441\u0442\u0432\u0438\u0442\u0435\u043b\u044c\u043d\u043e\u0441\u0442\u044c \u0437\u0443\u0431\u043e\u0432.<\/p>\n<p><a class=\"active\" href=\"https:\/\/www.spasta.com\/catalog\/fresh\/fresh-o-clock\/#composition\" data-tab=\"composition\">T\u0259rkibi<\/a><\/p>\n<p>Sorbitol, n\u0259ml\u0259nmi\u015f silisium, su, bitki qliserini, natrium lauroil sarkosinat, hidroksiapatit, kalsium karbonat, kaolin (a\u011f gil), monmorillonit v\u0259 illit (mavi gil), tetrapotassium pirofosfat, mentha piperit (Pepperruit ekstrakt\u0131) Melia Azadirachta \u00e7i\u00e7\u0259k ekstrakt\u0131, Coccinia Indica meyv\u0259 ekstrakt\u0131, Centella Asiatica ekstrakt\u0131, Polygonum Cuspidatum k\u00f6k ekstrakt\u0131, Scutellaria Baicalensis k\u00f6k ekstrakt\u0131, Glycyrrhiza Glabra (biyan) k\u00f6k ekstrakt\u0131, \u00c7obanyast\u0131\u011f\u0131 (Rosematrica) ekstrakt\u0131 ) Yarpaq ekstrakt\u0131, Salvia Officinalis (ada\u00e7ay\u0131) ekstrakt\u0131, sell\u00fcloza saqq\u0131z\u0131, aroma, ksantan saqq\u0131z\u0131, natrium saxarin, propandiol, natrium benzoat, kalium sorbat, limon tur\u015fusu, limonenl\u0259r.<\/p>","protected":false},"featured_media":5308,"comment_status":"open","ping_status":"closed","template":"","meta":{"_eb_attr":"","site-sidebar-layout":"default","site-content-layout":"","ast-site-content-layout":"default","site-content-style":"default","site-sidebar-style":"default","ast-global-header-display":"","ast-banner-title-visibility":"","ast-main-header-display":"","ast-hfb-above-header-display":"","ast-hfb-below-header-display":"","ast-hfb-mobile-header-display":"","site-post-title":"","ast-breadcrumbs-content":"","ast-featured-img":"","footer-sml-layout":"","ast-disable-related-posts":"","theme-transparent-header-meta":"default","adv-header-id-meta":"","stick-header-meta":"","header-above-stick-meta":"","header-main-stick-meta":"","header-below-stick-meta":"","astra-migrate-meta-layouts":"set","ast-page-background-enabled":"default","ast-page-background-meta":{"desktop":{"background-color":"var(--ast-global-color-4)","background-image":"","background-repeat":"repeat","background-position":"center center","background-size":"auto","background-attachment":"scroll","background-type":"","background-media":"","overlay-type":"","overlay-color":"","overlay-opacity":"","overlay-gradient":""},"tablet":{"background-color":"","background-image":"","background-repeat":"repeat","background-position":"center center","background-size":"auto","background-attachment":"scroll","background-type":"","background-media":"","overlay-type":"","overlay-color":"","overlay-opacity":"","overlay-gradient":""},"mobile":{"background-color":"","background-image":"","background-repeat":"repeat","background-position":"center center","background-size":"auto","background-attachment":"scroll","background-type":"","background-media":"","overlay-type":"","overlay-color":"","overlay-opacity":"","overlay-gradient":""}},"ast-content-background-meta":{"desktop":{"background-color":"var(--ast-global-color-5)","background-image":"","background-repeat":"repeat","background-position":"center center","background-size":"auto","background-attachment":"scroll","background-type":"","background-media":"","overlay-type":"","overlay-color":"","overlay-opacity":"","overlay-gradient":""},"tablet":{"background-color":"var(--ast-global-color-5)","background-image":"","background-repeat":"repeat","background-position":"center center","background-size":"auto","background-attachment":"scroll","background-type":"","background-media":"","overlay-type":"","overlay-color":"","overlay-opacity":"","overlay-gradient":""},"mobile":{"background-color":"var(--ast-global-color-5)","background-image":"","background-repeat":"repeat","background-position":"center center","background-size":"auto","background-attachment":"scroll","background-type":"","background-media":"","overlay-type":"","overlay-color":"","overlay-opacity":"","overlay-gradient":""}}},"product_brand":[88],"product_cat":[21,59,22],"product_tag":[],"class_list":{"0":"post-5138","1":"product","2":"type-product","3":"status-publish","4":"has-post-thumbnail","6":"product_brand-spasta","7":"product_cat-21","8":"product_cat-59","9":"product_cat-22","10":"desktop-align-left","11":"tablet-align-left","12":"mobile-align-left","14":"first","15":"outofstock","16":"shipping-taxable","17":"purchasable","18":"product-type-simple"},"jetpack_sharing_enabled":true,"_links":{"self":[{"href":"https:\/\/zubochistka.az\/az\/wp-json\/wp\/v2\/product\/5138","targetHints":{"allow":["GET"]}}],"collection":[{"href":"https:\/\/zubochistka.az\/az\/wp-json\/wp\/v2\/product"}],"about":[{"href":"https:\/\/zubochistka.az\/az\/wp-json\/wp\/v2\/types\/product"}],"replies":[{"embeddable":true,"href":"https:\/\/zubochistka.az\/az\/wp-json\/wp\/v2\/comments?post=5138"}],"wp:featuredmedia":[{"embeddable":true,"href":"https:\/\/zubochistka.az\/az\/wp-json\/wp\/v2\/media\/5308"}],"wp:attachment":[{"href":"https:\/\/zubochistka.az\/az\/wp-json\/wp\/v2\/media?parent=5138"}],"wp:term":[{"taxonomy":"product_brand","embeddable":true,"href":"https:\/\/zubochistka.az\/az\/wp-json\/wp\/v2\/product_brand?post=5138"},{"taxonomy":"product_cat","embeddable":true,"href":"https:\/\/zubochistka.az\/az\/wp-json\/wp\/v2\/product_cat?post=5138"},{"taxonomy":"product_tag","embeddable":true,"href":"https:\/\/zubochistka.az\/az\/wp-json\/wp\/v2\/product_tag?post=5138"}],"curies":[{"name":"wp","href":"https:\/\/api.w.org\/{rel}","templated":true}]}}