{"id":5157,"date":"2024-05-24T17:38:55","date_gmt":"2024-05-24T13:38:55","guid":{"rendered":"https:\/\/zubochistka.az\/?post_type=product&#038;p=5157"},"modified":"2025-02-05T14:51:26","modified_gmt":"2025-02-05T10:51:26","slug":"%d0%b7%d1%83%d0%b1%d0%bd%d1%8b%d0%b5-%d1%89%d0%b5%d1%82%d0%ba%d0%b8-curaprox-cs-5460-ultra-soft-%d0%ba%d0%be%d1%80%d0%be%d0%b1%d0%ba%d0%b0-%d0%b4%d0%bb%d1%8f-%d1%81%d1%82%d1%83%d0%bb%d0%b0","status":"publish","type":"product","link":"https:\/\/zubochistka.az\/az\/product\/%d0%b7%d1%83%d0%b1%d0%bd%d1%8b%d0%b5-%d1%89%d0%b5%d1%82%d0%ba%d0%b8-curaprox-cs-5460-ultra-soft-%d0%ba%d0%be%d1%80%d0%be%d0%b1%d0%ba%d0%b0-%d0%b4%d0%bb%d1%8f-%d1%81%d1%82%d1%83%d0%bb%d0%b0\/","title":{"rendered":"\u0411\u043e\u043a\u0441 \u0437\u0443\u0431\u043d\u044b\u0445 \u0449\u0435\u0442\u043e\u043a Curaprox CS 5460 Ultra Soft. \u0431\u0435\u0437 \u0443\u043f\u0430\u043a\u043e\u0432\u043a\u0438 \u0441 \u0431\u0443\u043c\u0430\u0436\u043d\u044b\u043c\u0438 \u043a\u043e\u043d\u0432\u0435\u0440\u0442\u0430\u043c\u0438"},"content":{"rendered":"","protected":false},"excerpt":{"rendered":"<ul>\n<li>5460 Curen\u00ae t\u00fckc\u00fckl\u0259ri... h\u0259r birinin diametri 0,1 mm<\/li>\n<li>Kompakt, \u0259yilmi\u015f ba\u015fl\u0131q<\/li>\n<li>45 d\u0259r\u0259c\u0259 t\u0259mizl\u0259m\u0259 buca\u011f\u0131 \u00fc\u00e7\u00fcn s\u0259kkizbucaql\u0131 tutacaq.<\/li>\n<li>H\u0259r qutuda qoruyucu qapaql\u0131 (m\u00fcxt\u0259lif r\u0259ngl\u0259rd\u0259) 36 di\u015f f\u0131r\u00e7as\u0131 var.<\/li>\n<\/ul>","protected":false},"featured_media":5158,"comment_status":"open","ping_status":"closed","template":"","meta":{"_eb_attr":"","site-sidebar-layout":"default","site-content-layout":"","ast-site-content-layout":"default","site-content-style":"default","site-sidebar-style":"default","ast-global-header-display":"","ast-banner-title-visibility":"","ast-main-header-display":"","ast-hfb-above-header-display":"","ast-hfb-below-header-display":"","ast-hfb-mobile-header-display":"","site-post-title":"","ast-breadcrumbs-content":"","ast-featured-img":"","footer-sml-layout":"","ast-disable-related-posts":"","theme-transparent-header-meta":"default","adv-header-id-meta":"","stick-header-meta":"","header-above-stick-meta":"","header-main-stick-meta":"","header-below-stick-meta":"","astra-migrate-meta-layouts":"set","ast-page-background-enabled":"default","ast-page-background-meta":{"desktop":{"background-color":"var(--ast-global-color-4)","background-image":"","background-repeat":"repeat","background-position":"center center","background-size":"auto","background-attachment":"scroll","background-type":"","background-media":"","overlay-type":"","overlay-color":"","overlay-opacity":"","overlay-gradient":""},"tablet":{"background-color":"","background-image":"","background-repeat":"repeat","background-position":"center center","background-size":"auto","background-attachment":"scroll","background-type":"","background-media":"","overlay-type":"","overlay-color":"","overlay-opacity":"","overlay-gradient":""},"mobile":{"background-color":"","background-image":"","background-repeat":"repeat","background-position":"center center","background-size":"auto","background-attachment":"scroll","background-type":"","background-media":"","overlay-type":"","overlay-color":"","overlay-opacity":"","overlay-gradient":""}},"ast-content-background-meta":{"desktop":{"background-color":"var(--ast-global-color-5)","background-image":"","background-repeat":"repeat","background-position":"center center","background-size":"auto","background-attachment":"scroll","background-type":"","background-media":"","overlay-type":"","overlay-color":"","overlay-opacity":"","overlay-gradient":""},"tablet":{"background-color":"var(--ast-global-color-5)","background-image":"","background-repeat":"repeat","background-position":"center center","background-size":"auto","background-attachment":"scroll","background-type":"","background-media":"","overlay-type":"","overlay-color":"","overlay-opacity":"","overlay-gradient":""},"mobile":{"background-color":"var(--ast-global-color-5)","background-image":"","background-repeat":"repeat","background-position":"center center","background-size":"auto","background-attachment":"scroll","background-type":"","background-media":"","overlay-type":"","overlay-color":"","overlay-opacity":"","overlay-gradient":""}}},"product_brand":[73],"product_cat":[40,23,60],"product_tag":[],"class_list":{"0":"post-5157","1":"product","2":"type-product","3":"status-publish","4":"has-post-thumbnail","6":"product_brand-curaprox","7":"product_cat-40","8":"product_cat-23","9":"product_cat-60","10":"desktop-align-left","11":"tablet-align-left","12":"mobile-align-left","14":"first","15":"instock","16":"shipping-taxable","17":"purchasable","18":"product-type-simple"},"jetpack_sharing_enabled":true,"_links":{"self":[{"href":"https:\/\/zubochistka.az\/az\/wp-json\/wp\/v2\/product\/5157","targetHints":{"allow":["GET"]}}],"collection":[{"href":"https:\/\/zubochistka.az\/az\/wp-json\/wp\/v2\/product"}],"about":[{"href":"https:\/\/zubochistka.az\/az\/wp-json\/wp\/v2\/types\/product"}],"replies":[{"embeddable":true,"href":"https:\/\/zubochistka.az\/az\/wp-json\/wp\/v2\/comments?post=5157"}],"wp:featuredmedia":[{"embeddable":true,"href":"https:\/\/zubochistka.az\/az\/wp-json\/wp\/v2\/media\/5158"}],"wp:attachment":[{"href":"https:\/\/zubochistka.az\/az\/wp-json\/wp\/v2\/media?parent=5157"}],"wp:term":[{"taxonomy":"product_brand","embeddable":true,"href":"https:\/\/zubochistka.az\/az\/wp-json\/wp\/v2\/product_brand?post=5157"},{"taxonomy":"product_cat","embeddable":true,"href":"https:\/\/zubochistka.az\/az\/wp-json\/wp\/v2\/product_cat?post=5157"},{"taxonomy":"product_tag","embeddable":true,"href":"https:\/\/zubochistka.az\/az\/wp-json\/wp\/v2\/product_tag?post=5157"}],"curies":[{"name":"wp","href":"https:\/\/api.w.org\/{rel}","templated":true}]}}