{"id":5180,"date":"2024-05-25T17:26:42","date_gmt":"2024-05-25T13:26:42","guid":{"rendered":"https:\/\/zubochistka.az\/?post_type=product&#038;p=5180"},"modified":"2026-01-12T14:06:03","modified_gmt":"2026-01-12T10:06:03","slug":"%d0%b7%d1%83%d0%b1%d0%bd%d0%b0%d1%8f-%d0%bf%d0%b0%d1%81%d1%82%d0%b0-biomed-sensitive-%d1%81%d0%bd%d0%b8%d0%b6%d0%b5%d0%bd%d0%b8%d0%b5-%d1%87%d1%83%d0%b2%d1%81%d1%82%d0%b2%d0%b8%d1%82%d0%b5%d0%bb%d1%8c","status":"publish","type":"product","link":"https:\/\/zubochistka.az\/az\/product\/%d0%b7%d1%83%d0%b1%d0%bd%d0%b0%d1%8f-%d0%bf%d0%b0%d1%81%d1%82%d0%b0-biomed-sensitive-%d1%81%d0%bd%d0%b8%d0%b6%d0%b5%d0%bd%d0%b8%d0%b5-%d1%87%d1%83%d0%b2%d1%81%d1%82%d0%b2%d0%b8%d1%82%d0%b5%d0%bb%d1%8c\/","title":{"rendered":"\u0417\u0443\u0431\u043d\u0430\u044f \u043f\u0430\u0441\u0442\u0430 Biomed SENSITIVE \u0421\u043d\u0438\u0436\u0435\u043d\u0438\u0435 \u0447\u0443\u0432\u0441\u0442\u0432\u0438\u0442\u0435\u043b\u044c\u043d\u043e\u0441\u0442\u0438 \u0438 \u0443\u043a\u0440\u0435\u043f\u043b\u0435\u043d\u0438\u0435 \u044d\u043c\u0430\u043b\u0438, 100ml"},"content":{"rendered":"","protected":false},"excerpt":{"rendered":"<ul>\n<li>Minan\u0131 g\u00fccl\u0259ndirir v\u0259 h\u0259ssasl\u0131\u011f\u0131 azald\u0131r.<\/li>\n<li>\u018frpi yum\u015faq bir \u015f\u0259kild\u0259 \u00e7\u0131xar\u0131r v\u0259 kariyesd\u0259n qoruyur.<\/li>\n<li>98% t\u0259bii madd\u0259l\u0259rd\u0259n ibar\u0259tdir<\/li>\n<li>Halal v\u0259 V-Label sertifikatlar\u0131na malikdir.<\/li>\n<\/ul>\n<p>\u00dcz\u00fcm toxumu ekstrakt\u0131 il\u0259 t\u0259bii di\u015f pastas\u0131 Biomed SENSITIVE h\u0259rt\u0259r\u0259fli a\u011f\u0131z bax\u0131m\u0131 t\u0259min edir. Pastan\u0131n t\u0259rkibind\u0259ki aktiv madd\u0259l\u0259r minan\u0131 g\u00fccl\u0259ndirir, bakteriyalar\u0131n inki\u015faf\u0131n\u0131n qar\u015f\u0131s\u0131n\u0131 al\u0131r v\u0259 di\u015f \u0259tinin sa\u011flaml\u0131\u011f\u0131n\u0131n qay\u011f\u0131s\u0131na qal\u0131r.<\/p>\n<p><strong>Aktiv madd\u0259l\u0259r:<\/strong><\/p>\n<ul>\n<li>Kalsium hidroksiapatit v\u0259 L-Arginin di\u015f minas\u0131n\u0131 g\u00fccl\u0259ndirir v\u0259 b\u0259rpa edir, di\u015f h\u0259ssasl\u0131\u011f\u0131n\u0131 azald\u0131r.<\/li>\n<li>Natrium bikarbonat \u0259rpi yum\u015faq bir \u015f\u0259kild\u0259 aradan qald\u0131r\u0131r v\u0259 antibakterial t\u0259sir g\u00f6st\u0259rir.<\/li>\n<li>Ba\u011fayarpa\u011f\u0131, a\u011fcaqay\u0131n yarpaqlar\u0131 v\u0259 q\u0131rm\u0131z\u0131 \u00fcz\u00fcm toxumlar\u0131n\u0131n ekstraktlar\u0131 kariyes\u0259 qar\u015f\u0131 t\u0259sir g\u00f6st\u0259rir v\u0259 di\u015f \u0259tl\u0259rini g\u00fccl\u0259ndirir.<\/li>\n<li>Buxur v\u0259 neem efir ya\u011flar\u0131 sakitl\u0259\u015fdirir v\u0259 bakteriyalardan qoruyur.<\/li>\n<\/ul>\n<p class=\"translation-block\">T\u0259rkibi:Su, hidrogenl\u0259\u015fdirilmi\u015f ni\u015fasta hidrolizat, dikalsium fosfat dihidrat, n\u0259ml\u0259ndirilmi\u015f silisium oksidi, qliserin, sell\u00fcloza saqq\u0131z\u0131, natrium kokosulfat, l\u0259zz\u0259t, benzil spirti, monosodyum qlutamat diasetat, natrium bikarbonat, pal\u0131d qab\u0131\u011f\u0131 ekstrakt\u0131, natrium hidrogen benzoat, natrium hidroksium sorpatian, mentil laktat, arginin, titan dioksid,q\u0131rm\u0131z\u0131 \u00fcz\u00fcm ekstrakt\u0131, papain, desil ql\u00fckozid, neem toxumu ya\u011f\u0131, ananas ekstrakt\u0131, steviya rebaudiana ekstrakt\u0131, timus serpillum ekstrakt\u0131, a\u011fcaqay\u0131n ziyilli yarpa\u011f\u0131 ekstrakt\u0131, ba\u011fayarpa\u011f\u0131 ekstrakt\u0131, boswellia serrata ya\u011f\u0131, sitrus limon qab\u0131\u011f\u0131 ya\u011f\u0131, paprika ekstrakt\u0131, kapsantin, kapsorubin, carmine, D-limonen, eugenol, linalool.<\/p>\n<p><strong>Florid, SLES, gluten, natrium saxarin v\u0259 parabenl\u0259rd\u0259n azadd\u0131r.<\/strong>\u00a0\u0444\u0442\u043e\u0440, SLES, \u0433\u043b\u044e\u0442\u0435\u043d, \u0441\u0430\u0445\u0430\u0440\u0438\u043d\u0430\u0442 \u043d\u0430\u0442\u0440\u0438\u044f \u0438 \u043f\u0430\u0440\u0430\u0431\u0435\u043d\u044b.<\/p>","protected":false},"featured_media":5182,"comment_status":"open","ping_status":"closed","template":"","meta":{"_eb_attr":"","site-sidebar-layout":"default","site-content-layout":"","ast-site-content-layout":"default","site-content-style":"default","site-sidebar-style":"default","ast-global-header-display":"","ast-banner-title-visibility":"","ast-main-header-display":"","ast-hfb-above-header-display":"","ast-hfb-below-header-display":"","ast-hfb-mobile-header-display":"","site-post-title":"","ast-breadcrumbs-content":"","ast-featured-img":"","footer-sml-layout":"","ast-disable-related-posts":"","theme-transparent-header-meta":"default","adv-header-id-meta":"","stick-header-meta":"","header-above-stick-meta":"","header-main-stick-meta":"","header-below-stick-meta":"","astra-migrate-meta-layouts":"set","ast-page-background-enabled":"default","ast-page-background-meta":{"desktop":{"background-color":"var(--ast-global-color-4)","background-image":"","background-repeat":"repeat","background-position":"center center","background-size":"auto","background-attachment":"scroll","background-type":"","background-media":"","overlay-type":"","overlay-color":"","overlay-opacity":"","overlay-gradient":""},"tablet":{"background-color":"","background-image":"","background-repeat":"repeat","background-position":"center center","background-size":"auto","background-attachment":"scroll","background-type":"","background-media":"","overlay-type":"","overlay-color":"","overlay-opacity":"","overlay-gradient":""},"mobile":{"background-color":"","background-image":"","background-repeat":"repeat","background-position":"center center","background-size":"auto","background-attachment":"scroll","background-type":"","background-media":"","overlay-type":"","overlay-color":"","overlay-opacity":"","overlay-gradient":""}},"ast-content-background-meta":{"desktop":{"background-color":"var(--ast-global-color-5)","background-image":"","background-repeat":"repeat","background-position":"center center","background-size":"auto","background-attachment":"scroll","background-type":"","background-media":"","overlay-type":"","overlay-color":"","overlay-opacity":"","overlay-gradient":""},"tablet":{"background-color":"var(--ast-global-color-5)","background-image":"","background-repeat":"repeat","background-position":"center center","background-size":"auto","background-attachment":"scroll","background-type":"","background-media":"","overlay-type":"","overlay-color":"","overlay-opacity":"","overlay-gradient":""},"mobile":{"background-color":"var(--ast-global-color-5)","background-image":"","background-repeat":"repeat","background-position":"center center","background-size":"auto","background-attachment":"scroll","background-type":"","background-media":"","overlay-type":"","overlay-color":"","overlay-opacity":"","overlay-gradient":""}}},"product_brand":[84],"product_cat":[62,21,59,22],"product_tag":[],"class_list":{"0":"post-5180","1":"product","2":"type-product","3":"status-publish","4":"has-post-thumbnail","6":"product_brand-biomed","7":"product_cat-62","8":"product_cat-21","9":"product_cat-59","10":"product_cat-22","11":"desktop-align-left","12":"tablet-align-left","13":"mobile-align-left","15":"first","16":"outofstock","17":"shipping-taxable","18":"purchasable","19":"product-type-simple"},"jetpack_sharing_enabled":true,"_links":{"self":[{"href":"https:\/\/zubochistka.az\/az\/wp-json\/wp\/v2\/product\/5180","targetHints":{"allow":["GET"]}}],"collection":[{"href":"https:\/\/zubochistka.az\/az\/wp-json\/wp\/v2\/product"}],"about":[{"href":"https:\/\/zubochistka.az\/az\/wp-json\/wp\/v2\/types\/product"}],"replies":[{"embeddable":true,"href":"https:\/\/zubochistka.az\/az\/wp-json\/wp\/v2\/comments?post=5180"}],"wp:featuredmedia":[{"embeddable":true,"href":"https:\/\/zubochistka.az\/az\/wp-json\/wp\/v2\/media\/5182"}],"wp:attachment":[{"href":"https:\/\/zubochistka.az\/az\/wp-json\/wp\/v2\/media?parent=5180"}],"wp:term":[{"taxonomy":"product_brand","embeddable":true,"href":"https:\/\/zubochistka.az\/az\/wp-json\/wp\/v2\/product_brand?post=5180"},{"taxonomy":"product_cat","embeddable":true,"href":"https:\/\/zubochistka.az\/az\/wp-json\/wp\/v2\/product_cat?post=5180"},{"taxonomy":"product_tag","embeddable":true,"href":"https:\/\/zubochistka.az\/az\/wp-json\/wp\/v2\/product_tag?post=5180"}],"curies":[{"name":"wp","href":"https:\/\/api.w.org\/{rel}","templated":true}]}}