{"id":5185,"date":"2024-05-25T18:17:27","date_gmt":"2024-05-25T14:17:27","guid":{"rendered":"https:\/\/zubochistka.az\/?post_type=product&#038;p=5185"},"modified":"2026-03-04T12:04:03","modified_gmt":"2026-03-04T08:04:03","slug":"%d1%81%d0%b5%d1%80%d0%be%d0%bc%d0%b5%d0%b4-%d1%84%d0%b8%d1%82%d0%be%d0%b3%d0%b5%d0%bb%d1%8c-%d0%bf%d1%80%d0%be%d0%b4%d0%b5%d0%bd%d1%82-%d0%b4%d0%b5%d1%82%d1%81%d0%ba%d0%b8%d0%b9-%d1%82%d1%80%d0%b0","status":"publish","type":"product","link":"https:\/\/zubochistka.az\/az\/product\/%d1%81%d0%b5%d1%80%d0%be%d0%bc%d0%b5%d0%b4-%d1%84%d0%b8%d1%82%d0%be%d0%b3%d0%b5%d0%bb%d1%8c-%d0%bf%d1%80%d0%be%d0%b4%d0%b5%d0%bd%d1%82-%d0%b4%d0%b5%d1%82%d1%81%d0%ba%d0%b8%d0%b9-%d1%82%d1%80%d0%b0\/","title":{"rendered":"\u0421\u0415\u0420\u041e\u041c\u0415\u0414 \u0424\u0438\u0442\u043e\u0433\u0435\u043b\u044c  \u041f\u0420\u041e\u0414\u0415\u041d\u0422 \u0434\u0435\u0442\u0441\u043a\u0438\u0439 \u0442\u0440\u0430\u0432\u044f\u043d\u043e\u0439 \u043a\u043e\u043c\u043f\u043b\u0435\u043a\u0441"},"content":{"rendered":"","protected":false},"excerpt":{"rendered":"<p>\u201cFitogel Prodent BABY bitki kompleksi\u201d  - D\u0259rman vasit\u0259si deyil! \u201cFitogel Prodent BABY bitki kompleksi\u201d - t\u0259rkibind\u0259ki komponentl\u0259r say\u0259sind\u0259 n\u0259f\u0259si t\u0259rav\u0259tl\u0259ndirir, a\u011f\u0131z bo\u015flu\u011funun selikli qi\u015fas\u0131na iltihab\u0259leyhin\u0259 t\u0259sir g\u00f6st\u0259rir, dama\u011f\u0131 b\u0259rkidir. \u00c7obanyast\u0131\u011f\u0131 \u00e7i\u00e7\u0259yi, boymad\u0259r\u0259n v\u0259 ada\u00e7ay\u0131 ekstraktlar\u0131 selikli qi\u015faya iltihab\u0259leyhin\u0259, bakteriosid h\u0259m\u00e7inin antiseptik t\u0259sir edir. Palid qab\u0131\u011f\u0131 ekstrakt\u0131 b\u00fcz\u00fcc\u00fc v\u0259 iltihab \u0259leyhin\u0259 t\u0259sir ed\u0259r\u0259k damaq qanaxmas\u0131n\u0131 \u00f6nl\u0259yir. Nan\u0259 efir ya\u011f\u0131 tonusland\u0131r\u0131c\u0131, iltihab \u0259leyhin\u0259 yerli keyl\u0259\u015fdirici t\u0259sirl\u0259r\u0259 malikdir, buna g\u00f6r\u0259 d\u0259 selikli qi\u015faya a\u011fr\u0131k\u0259sici t\u0259sir edir v\u0259 a\u011f\u0131z bo\u015flu\u011fundak\u0131 diskomfort hissini azald\u0131r. \u00c7aytikan\u0131 ekstrakti selikli qi\u015fan\u0131n regenerasiyas\u0131n\u0131 s\u00fcr\u0259tl\u0259ndirir. A\u011f\u0131z bo\u015flugundak\u0131 yaralar\u0131n tez sa\u011falmas\u0131n\u0131 t\u0259min edir. Xlorheksidin yerli antiseptikdir. Yerli istifad\u0259 olunmaqla, xlorheksidin, d\u0259rhal bakterisid t\u0259sir, daha sonra is\u0259 uzunm\u00fcdd\u0259tli bakteriostatik t\u0259sir g\u00f6st\u0259rir. Xlorheksidin uzunm\u00fcdd\u0259tli s\u0259thi t\u0259sir g\u00f6st\u0259rir, mikrob h\u00fcceyr\u0259sinin membranina absorbsiya olunur, bakteriyalar\u0131n artmas\u0131n\u0131 l\u0259ngidir v\u0259 sonradan h\u00fcceyr\u0259 membranlar\u0131n\u0131 z\u0259d\u0259l\u0259y\u0259r\u0259k m\u0259hv edir. \u0130stifad\u0259 qaydas\u0131: Prodent gel bitki kompleksi a\u011f\u0131z bo\u015flu\u011funun selikli qi\u015fas\u0131na v\u0259 ya dama\u011fa g\u00fcnd\u0259 2-3 d\u0259f\u0259 yem\u0259kd\u0259n sonra s\u00fcrtm\u0259k t\u00f6vsiy\u0259 olunur. \u0130stifad\u0259d\u0259n sonra 15 d\u0259qiq\u0259 \u0259rzind\u0259 qida q\u0259bulu v\u0259 ya a\u011f\u0131z\u0131 yaxalamaq olmaz. \u018flav\u0259 t\u0259sirl\u0259ri: T\u0259rkibind\u0259ki h\u0259r hans\u0131 bir komponent\u0259 qar\u015f\u0131 hiperh\u0259ssasl\u0131q. Yararl\u0131l\u0131q m\u00fcdd\u0259ti: 36 ayd\u0131r.<\/p>\n<p>T\u0259rkibi: Achillea millefolum extract, Quercus extract, Chamomilla recutita flower extract, Salvia officinalis L. Extract, Glycerin, Allantoin, Colve oil, Carbomer, Sodium Hydroxide, Sacharin Sodium, Propolis, Vitamin A, Vitamin E ,Food coloring, Aqua,  Boymad\u0259r\u0259n ekstarkt\u0131, pal\u0131d qab\u0131\u011f\u0131 ekstrakt\u0131, \u00e7obanyast\u0131\u011f\u0131 ekstrakt\u0131, ada\u00e7ay\u0131 ekstrakt\u0131, qliserin, allantoin, mix\u0259k ya\u011f\u0131, karbomer, natrium hidroksid, saxarin duzu, propolis, A vitamini, E vitamini,qida boyas\u0131, su.<\/p>","protected":false},"featured_media":5186,"comment_status":"open","ping_status":"closed","template":"","meta":{"_eb_attr":"","site-sidebar-layout":"default","site-content-layout":"","ast-site-content-layout":"default","site-content-style":"default","site-sidebar-style":"default","ast-global-header-display":"","ast-banner-title-visibility":"","ast-main-header-display":"","ast-hfb-above-header-display":"","ast-hfb-below-header-display":"","ast-hfb-mobile-header-display":"","site-post-title":"","ast-breadcrumbs-content":"","ast-featured-img":"","footer-sml-layout":"","theme-transparent-header-meta":"default","adv-header-id-meta":"","stick-header-meta":"","header-above-stick-meta":"","header-main-stick-meta":"","header-below-stick-meta":"","astra-migrate-meta-layouts":"set","ast-page-background-enabled":"default","ast-page-background-meta":{"desktop":{"background-color":"var(--ast-global-color-4)","background-image":"","background-repeat":"repeat","background-position":"center center","background-size":"auto","background-attachment":"scroll","background-type":"","background-media":"","overlay-type":"","overlay-color":"","overlay-opacity":"","overlay-gradient":""},"tablet":{"background-color":"","background-image":"","background-repeat":"repeat","background-position":"center center","background-size":"auto","background-attachment":"scroll","background-type":"","background-media":"","overlay-type":"","overlay-color":"","overlay-opacity":"","overlay-gradient":""},"mobile":{"background-color":"","background-image":"","background-repeat":"repeat","background-position":"center center","background-size":"auto","background-attachment":"scroll","background-type":"","background-media":"","overlay-type":"","overlay-color":"","overlay-opacity":"","overlay-gradient":""}},"ast-content-background-meta":{"desktop":{"background-color":"var(--ast-global-color-5)","background-image":"","background-repeat":"repeat","background-position":"center center","background-size":"auto","background-attachment":"scroll","background-type":"","background-media":"","overlay-type":"","overlay-color":"","overlay-opacity":"","overlay-gradient":""},"tablet":{"background-color":"var(--ast-global-color-5)","background-image":"","background-repeat":"repeat","background-position":"center center","background-size":"auto","background-attachment":"scroll","background-type":"","background-media":"","overlay-type":"","overlay-color":"","overlay-opacity":"","overlay-gradient":""},"mobile":{"background-color":"var(--ast-global-color-5)","background-image":"","background-repeat":"repeat","background-position":"center center","background-size":"auto","background-attachment":"scroll","background-type":"","background-media":"","overlay-type":"","overlay-color":"","overlay-opacity":"","overlay-gradient":""}}},"product_brand":[89],"product_cat":[62,28,36,59],"product_tag":[],"class_list":{"0":"post-5185","1":"product","2":"type-product","3":"status-publish","4":"has-post-thumbnail","6":"product_brand-prodent","7":"product_cat-62","8":"product_cat-28","9":"product_cat-36","10":"product_cat-59","11":"desktop-align-left","12":"tablet-align-left","13":"mobile-align-left","15":"first","16":"outofstock","17":"shipping-taxable","18":"purchasable","19":"product-type-simple"},"jetpack_sharing_enabled":true,"_links":{"self":[{"href":"https:\/\/zubochistka.az\/az\/wp-json\/wp\/v2\/product\/5185","targetHints":{"allow":["GET"]}}],"collection":[{"href":"https:\/\/zubochistka.az\/az\/wp-json\/wp\/v2\/product"}],"about":[{"href":"https:\/\/zubochistka.az\/az\/wp-json\/wp\/v2\/types\/product"}],"replies":[{"embeddable":true,"href":"https:\/\/zubochistka.az\/az\/wp-json\/wp\/v2\/comments?post=5185"}],"wp:featuredmedia":[{"embeddable":true,"href":"https:\/\/zubochistka.az\/az\/wp-json\/wp\/v2\/media\/5186"}],"wp:attachment":[{"href":"https:\/\/zubochistka.az\/az\/wp-json\/wp\/v2\/media?parent=5185"}],"wp:term":[{"taxonomy":"product_brand","embeddable":true,"href":"https:\/\/zubochistka.az\/az\/wp-json\/wp\/v2\/product_brand?post=5185"},{"taxonomy":"product_cat","embeddable":true,"href":"https:\/\/zubochistka.az\/az\/wp-json\/wp\/v2\/product_cat?post=5185"},{"taxonomy":"product_tag","embeddable":true,"href":"https:\/\/zubochistka.az\/az\/wp-json\/wp\/v2\/product_tag?post=5185"}],"curies":[{"name":"wp","href":"https:\/\/api.w.org\/{rel}","templated":true}]}}