{"id":5190,"date":"2024-05-27T12:38:56","date_gmt":"2024-05-27T08:38:56","guid":{"rendered":"https:\/\/zubochistka.az\/?post_type=product&#038;p=5190"},"modified":"2025-02-26T10:37:39","modified_gmt":"2025-02-26T06:37:39","slug":"%d0%b7%d1%83%d0%b1%d0%bd%d0%b0%d1%8f-%d0%bd%d0%b8%d1%82%d1%8c-oral-b-pro-expert-clinic-line-%d0%bf%d1%80%d0%be%d1%85%d0%bb%d0%b0%d0%b4%d0%bd%d0%b0%d1%8f-%d0%bc%d1%8f%d1%82%d0%b0-25-%d0%bc","status":"publish","type":"product","link":"https:\/\/zubochistka.az\/az\/product\/%d0%b7%d1%83%d0%b1%d0%bd%d0%b0%d1%8f-%d0%bd%d0%b8%d1%82%d1%8c-oral-b-pro-expert-clinic-line-%d0%bf%d1%80%d0%be%d1%85%d0%bb%d0%b0%d0%b4%d0%bd%d0%b0%d1%8f-%d0%bc%d1%8f%d1%82%d0%b0-25-%d0%bc\/","title":{"rendered":"\u0417\u0443\u0431\u043d\u0430\u044f \u043d\u0438\u0442\u044c Oral-B Pro-Expert Clinic Line \u041f\u0440\u043e\u0445\u043b\u0430\u0434\u043d\u0430\u044f \u043c\u044f\u0442\u0430 25 \u043c"},"content":{"rendered":"","protected":false},"excerpt":{"rendered":"<p>Oral-B Clinic Line Extra Strength Dental Floss di\u015f \u0259ti x\u0259ttinin alt\u0131nda \u0259lav\u0259 \u0259rpin \u00e7\u0131xar\u0131lmas\u0131n\u0131 t\u0259min edir. Anti-\u00e7ip texnologiyas\u0131 di\u015f ipinin asanl\u0131qla di\u015fl\u0259r aras\u0131nda v\u0259 di\u015f \u0259ti x\u0259ttinin alt\u0131na s\u00fcr\u00fc\u015fm\u0259sin\u0259 imkan verir ki, \u0259rp \u00e7\u0131xar\u0131ls\u0131n. \u0130p monofilamentd\u0259n (palytetrafluaroe thylenetype) ibar\u0259tdir ki, bu da onun ayr\u0131-ayr\u0131 ipl\u0259r\u0259 b\u00f6l\u00fcn\u0259 bil\u0259n multifilamentli saplardan \u00fcst\u00fcnl\u00fcy\u00fcn\u00fc m\u00fc\u0259yy\u0259n edir. \u0130stifad\u0259 ed\u0259rk\u0259n daha az s\u0259y t\u0259l\u0259b olunur, \u00e7\u00fcnki di\u015f ipi asanl\u0131qla di\u015fl\u0259r aras\u0131nda s\u00fcr\u00fc\u015f\u00fcr, bu da di\u015f \u0259tinin z\u0259d\u0259l\u0259nm\u0259sinin qar\u015f\u0131s\u0131n\u0131 al\u0131r. Oral-B Clinic Line di\u015f ipind\u0259n istifad\u0259 di\u015f \u0259tinin sa\u011flaml\u0131\u011f\u0131n\u0131 yax\u015f\u0131la\u015fd\u0131r\u0131r, \u00e7\u00fcnki di\u015f f\u0131r\u00e7as\u0131 di\u015f \u0259ti x\u0259ttinin alt\u0131ndak\u0131 \u0259rp t\u0259mizl\u0259mir.<\/p>","protected":false},"featured_media":5191,"comment_status":"open","ping_status":"closed","template":"","meta":{"_eb_attr":"","site-sidebar-layout":"default","site-content-layout":"","ast-site-content-layout":"default","site-content-style":"default","site-sidebar-style":"default","ast-global-header-display":"","ast-banner-title-visibility":"","ast-main-header-display":"","ast-hfb-above-header-display":"","ast-hfb-below-header-display":"","ast-hfb-mobile-header-display":"","site-post-title":"","ast-breadcrumbs-content":"","ast-featured-img":"","footer-sml-layout":"","ast-disable-related-posts":"","theme-transparent-header-meta":"default","adv-header-id-meta":"","stick-header-meta":"","header-above-stick-meta":"","header-main-stick-meta":"","header-below-stick-meta":"","astra-migrate-meta-layouts":"set","ast-page-background-enabled":"default","ast-page-background-meta":{"desktop":{"background-color":"var(--ast-global-color-4)","background-image":"","background-repeat":"repeat","background-position":"center center","background-size":"auto","background-attachment":"scroll","background-type":"","background-media":"","overlay-type":"","overlay-color":"","overlay-opacity":"","overlay-gradient":""},"tablet":{"background-color":"","background-image":"","background-repeat":"repeat","background-position":"center center","background-size":"auto","background-attachment":"scroll","background-type":"","background-media":"","overlay-type":"","overlay-color":"","overlay-opacity":"","overlay-gradient":""},"mobile":{"background-color":"","background-image":"","background-repeat":"repeat","background-position":"center center","background-size":"auto","background-attachment":"scroll","background-type":"","background-media":"","overlay-type":"","overlay-color":"","overlay-opacity":"","overlay-gradient":""}},"ast-content-background-meta":{"desktop":{"background-color":"var(--ast-global-color-5)","background-image":"","background-repeat":"repeat","background-position":"center center","background-size":"auto","background-attachment":"scroll","background-type":"","background-media":"","overlay-type":"","overlay-color":"","overlay-opacity":"","overlay-gradient":""},"tablet":{"background-color":"var(--ast-global-color-5)","background-image":"","background-repeat":"repeat","background-position":"center center","background-size":"auto","background-attachment":"scroll","background-type":"","background-media":"","overlay-type":"","overlay-color":"","overlay-opacity":"","overlay-gradient":""},"mobile":{"background-color":"var(--ast-global-color-5)","background-image":"","background-repeat":"repeat","background-position":"center center","background-size":"auto","background-attachment":"scroll","background-type":"","background-media":"","overlay-type":"","overlay-color":"","overlay-opacity":"","overlay-gradient":""}}},"product_brand":[83],"product_cat":[30],"product_tag":[],"class_list":{"0":"post-5190","1":"product","2":"type-product","3":"status-publish","4":"has-post-thumbnail","6":"product_brand-oral-b","7":"product_cat-30","8":"desktop-align-left","9":"tablet-align-left","10":"mobile-align-left","12":"first","13":"outofstock","14":"shipping-taxable","15":"purchasable","16":"product-type-simple"},"jetpack_sharing_enabled":true,"_links":{"self":[{"href":"https:\/\/zubochistka.az\/az\/wp-json\/wp\/v2\/product\/5190","targetHints":{"allow":["GET"]}}],"collection":[{"href":"https:\/\/zubochistka.az\/az\/wp-json\/wp\/v2\/product"}],"about":[{"href":"https:\/\/zubochistka.az\/az\/wp-json\/wp\/v2\/types\/product"}],"replies":[{"embeddable":true,"href":"https:\/\/zubochistka.az\/az\/wp-json\/wp\/v2\/comments?post=5190"}],"wp:featuredmedia":[{"embeddable":true,"href":"https:\/\/zubochistka.az\/az\/wp-json\/wp\/v2\/media\/5191"}],"wp:attachment":[{"href":"https:\/\/zubochistka.az\/az\/wp-json\/wp\/v2\/media?parent=5190"}],"wp:term":[{"taxonomy":"product_brand","embeddable":true,"href":"https:\/\/zubochistka.az\/az\/wp-json\/wp\/v2\/product_brand?post=5190"},{"taxonomy":"product_cat","embeddable":true,"href":"https:\/\/zubochistka.az\/az\/wp-json\/wp\/v2\/product_cat?post=5190"},{"taxonomy":"product_tag","embeddable":true,"href":"https:\/\/zubochistka.az\/az\/wp-json\/wp\/v2\/product_tag?post=5190"}],"curies":[{"name":"wp","href":"https:\/\/api.w.org\/{rel}","templated":true}]}}