{"id":5193,"date":"2024-05-27T12:59:32","date_gmt":"2024-05-27T08:59:32","guid":{"rendered":"https:\/\/zubochistka.az\/?post_type=product&#038;p=5193"},"modified":"2025-02-05T14:29:07","modified_gmt":"2025-02-05T10:29:07","slug":"%d0%bd%d0%b8%d1%82%d1%8c-miradent-%d1%81-%d1%85%d0%bb%d0%be%d1%80%d0%b3%d0%b5%d0%ba%d1%81%d0%b8%d0%b4%d0%b8%d0%bd%d0%be%d0%bc-mirafloss-implant-chx-medium-2-2-%d0%bc%d0%bc-50-%d1%88%d1%82-%d0%bf","status":"publish","type":"product","link":"https:\/\/zubochistka.az\/az\/product\/%d0%bd%d0%b8%d1%82%d1%8c-miradent-%d1%81-%d1%85%d0%bb%d0%be%d1%80%d0%b3%d0%b5%d0%ba%d1%81%d0%b8%d0%b4%d0%b8%d0%bd%d0%be%d0%bc-mirafloss-implant-chx-medium-2-2-%d0%bc%d0%bc-50-%d1%88%d1%82-%d0%bf\/","title":{"rendered":"\u041d\u0438\u0442\u044c Miradent \u0441 \u0445\u043b\u043e\u0440\u0433\u0435\u043a\u0441\u0438\u0434\u0438\u043d\u043e\u043c Mirafloss Implant chx medium 2.2 \u043c\u043c, 50 \u0448\u0442 \u043f\u043e 15 \u0441\u043c"},"content":{"rendered":"","protected":false},"excerpt":{"rendered":"<p>Mirafloss Implant chx Orta Antibakterial di\u015f ipi implantlar v\u0259 breketl\u0259r \u00fc\u00e7\u00fcn \"Super-floss\" - Adi di\u015f f\u0131r\u00e7as\u0131 t\u0259sirsiz olduqda implantlar v\u0259 k\u00f6rp\u00fcl\u0259r \u00fc\u00e7\u00fcn ideal qulluq g\u00f6st\u0259rir. Praktik makarada sap diametri 2,2 mm olan 50 ip var, onlar asanl\u0131qla qura\u015fd\u0131r\u0131lm\u0131\u015f b\u0131\u00e7aqla k\u0259silir v\u0259 bir-bir \u00e7\u0131xar\u0131l\u0131r. K\u0259skin uclar di\u015f ipini asanla\u015fd\u0131r\u0131r. Di\u015f ipinin orta hiss\u0259si bakteriya v\u0259 mikroorqanizml\u0259rin \u00e7oxalmas\u0131n\u0131n qar\u015f\u0131s\u0131n\u0131 alan v\u0259 \u0259m\u0259l\u0259 g\u0259lm\u0259sinin qar\u015f\u0131s\u0131n\u0131 alan 0,2% xlorheksidin m\u0259hlulu il\u0259 hopdurulmu\u015fdur. \u0130stifad\u0259 qaydas\u0131 \u2013 Di\u015fl\u0259r aras\u0131nda, implantlar\u0131n \u0259traf\u0131ndak\u0131 k\u00f6rp\u00fcl\u0259rin alt\u0131nda v\u0259 ya breketl\u0259ri t\u0259mizl\u0259m\u0259k \u00fc\u00e7\u00fcn istifad\u0259 edin. A\u015f\u0131nd\u0131r\u0131c\u0131 pasta istifad\u0259 ed\u0259rk\u0259n di\u015fl\u0259raras\u0131 bo\u015fluqlar\u0131 cilalamaq \u00fc\u00e7\u00fcn d\u0259 \u0259lad\u0131r. Bal\u0131q\u00e7\u0131l\u0131q x\u0259tti h\u0259r hans\u0131 \u00e7\u0259tin \u0259ld\u0259 edil\u0259n bo\u015fluqlara daxil edilir.<\/p>\n<h3>T\u0259tbiq \u00fcsulu<\/h3>\n<p>Korpusda h\u0259r biri 15 sm olan 50 ip var, bu m\u0259qs\u0259d \u00fc\u00e7\u00fcn n\u0259z\u0259rd\u0259 tutulmu\u015f b\u0131\u00e7aqla asanl\u0131qla k\u0259sil\u0259 bil\u0259r. \u0130nterdental di\u015f ipi h\u0259r iki \u0259lin orta barmaqlar\u0131 il\u0259 b\u0259rkidilm\u0259li v\u0259 a\u011f\u0131z bo\u015flu\u011fundak\u0131 v\u0259ziyy\u0259ti d\u00fcz\u0259ldilm\u0259lidir, \u0259lav\u0259 olaraq indeks v\u0259 ba\u015f barmaqdan tutmal\u0131d\u0131r. K\u00f6rp\u00fc v\u0259 implantlar\u0131 olan x\u0259st\u0259l\u0259r\u0259 di\u015f aras\u0131 di\u015f ipi t\u00f6vsiy\u0259 olunur. Di\u015f \u0259tini z\u0259d\u0259l\u0259m\u0259m\u0259k \u00fc\u00e7\u00fcn di\u015f ipi yava\u015f-yava\u015f di\u015fl\u0259raras\u0131 bo\u015flu\u011fa daxil edilm\u0259lidir. Di\u015fin yan s\u0259thl\u0259ri boyunca 4-5 d\u0259f\u0259 yum\u015faq bir \u015f\u0259kild\u0259 s\u00fcr\u00fc\u015fd\u00fcr\u00fcn. \u0130p yaln\u0131z \u015faquli istiqam\u0259td\u0259 apar\u0131lmal\u0131d\u0131r. B\u00fct\u00fcn di\u015f aras\u0131 di\u015f ipl\u0259ri bird\u0259f\u0259lik istifad\u0259 olunan m\u0259hsuldur!<\/p>","protected":false},"featured_media":5304,"comment_status":"open","ping_status":"closed","template":"","meta":{"_eb_attr":"","site-sidebar-layout":"default","site-content-layout":"","ast-site-content-layout":"default","site-content-style":"default","site-sidebar-style":"default","ast-global-header-display":"","ast-banner-title-visibility":"","ast-main-header-display":"","ast-hfb-above-header-display":"","ast-hfb-below-header-display":"","ast-hfb-mobile-header-display":"","site-post-title":"","ast-breadcrumbs-content":"","ast-featured-img":"","footer-sml-layout":"","ast-disable-related-posts":"","theme-transparent-header-meta":"default","adv-header-id-meta":"","stick-header-meta":"","header-above-stick-meta":"","header-main-stick-meta":"","header-below-stick-meta":"","astra-migrate-meta-layouts":"set","ast-page-background-enabled":"default","ast-page-background-meta":{"desktop":{"background-color":"var(--ast-global-color-4)","background-image":"","background-repeat":"repeat","background-position":"center center","background-size":"auto","background-attachment":"scroll","background-type":"","background-media":"","overlay-type":"","overlay-color":"","overlay-opacity":"","overlay-gradient":""},"tablet":{"background-color":"","background-image":"","background-repeat":"repeat","background-position":"center center","background-size":"auto","background-attachment":"scroll","background-type":"","background-media":"","overlay-type":"","overlay-color":"","overlay-opacity":"","overlay-gradient":""},"mobile":{"background-color":"","background-image":"","background-repeat":"repeat","background-position":"center center","background-size":"auto","background-attachment":"scroll","background-type":"","background-media":"","overlay-type":"","overlay-color":"","overlay-opacity":"","overlay-gradient":""}},"ast-content-background-meta":{"desktop":{"background-color":"var(--ast-global-color-5)","background-image":"","background-repeat":"repeat","background-position":"center center","background-size":"auto","background-attachment":"scroll","background-type":"","background-media":"","overlay-type":"","overlay-color":"","overlay-opacity":"","overlay-gradient":""},"tablet":{"background-color":"var(--ast-global-color-5)","background-image":"","background-repeat":"repeat","background-position":"center center","background-size":"auto","background-attachment":"scroll","background-type":"","background-media":"","overlay-type":"","overlay-color":"","overlay-opacity":"","overlay-gradient":""},"mobile":{"background-color":"var(--ast-global-color-5)","background-image":"","background-repeat":"repeat","background-position":"center center","background-size":"auto","background-attachment":"scroll","background-type":"","background-media":"","overlay-type":"","overlay-color":"","overlay-opacity":"","overlay-gradient":""}}},"product_brand":[81],"product_cat":[30],"product_tag":[],"class_list":{"0":"post-5193","1":"product","2":"type-product","3":"status-publish","4":"has-post-thumbnail","6":"product_brand-miradent","7":"product_cat-30","8":"desktop-align-left","9":"tablet-align-left","10":"mobile-align-left","12":"first","13":"instock","14":"shipping-taxable","15":"purchasable","16":"product-type-simple"},"jetpack_sharing_enabled":true,"_links":{"self":[{"href":"https:\/\/zubochistka.az\/az\/wp-json\/wp\/v2\/product\/5193","targetHints":{"allow":["GET"]}}],"collection":[{"href":"https:\/\/zubochistka.az\/az\/wp-json\/wp\/v2\/product"}],"about":[{"href":"https:\/\/zubochistka.az\/az\/wp-json\/wp\/v2\/types\/product"}],"replies":[{"embeddable":true,"href":"https:\/\/zubochistka.az\/az\/wp-json\/wp\/v2\/comments?post=5193"}],"wp:featuredmedia":[{"embeddable":true,"href":"https:\/\/zubochistka.az\/az\/wp-json\/wp\/v2\/media\/5304"}],"wp:attachment":[{"href":"https:\/\/zubochistka.az\/az\/wp-json\/wp\/v2\/media?parent=5193"}],"wp:term":[{"taxonomy":"product_brand","embeddable":true,"href":"https:\/\/zubochistka.az\/az\/wp-json\/wp\/v2\/product_brand?post=5193"},{"taxonomy":"product_cat","embeddable":true,"href":"https:\/\/zubochistka.az\/az\/wp-json\/wp\/v2\/product_cat?post=5193"},{"taxonomy":"product_tag","embeddable":true,"href":"https:\/\/zubochistka.az\/az\/wp-json\/wp\/v2\/product_tag?post=5193"}],"curies":[{"name":"wp","href":"https:\/\/api.w.org\/{rel}","templated":true}]}}