{"id":5375,"date":"2024-08-17T11:50:10","date_gmt":"2024-08-17T07:50:10","guid":{"rendered":"https:\/\/zubochistka.az\/?post_type=product&#038;p=5375"},"modified":"2025-02-05T13:39:53","modified_gmt":"2025-02-05T09:39:53","slug":"%d0%b7%d1%83%d0%b1%d0%bd%d0%b0%d1%8f-%d0%bf%d0%b0%d1%81%d1%82%d0%b0-%d0%b0%d1%81%d0%b5%d0%bf%d1%82%d0%b0-plus-%d0%ba%d0%be%d1%84%d0%b5-%d0%b8-%d1%82%d0%b0%d0%b1%d0%b0%d0%ba-75-%d0%bc%d0%bb","status":"publish","type":"product","link":"https:\/\/zubochistka.az\/az\/product\/%d0%b7%d1%83%d0%b1%d0%bd%d0%b0%d1%8f-%d0%bf%d0%b0%d1%81%d1%82%d0%b0-%d0%b0%d1%81%d0%b5%d0%bf%d1%82%d0%b0-plus-%d0%ba%d0%be%d1%84%d0%b5-%d0%b8-%d1%82%d0%b0%d0%b1%d0%b0%d0%ba-75-%d0%bc%d0%bb\/","title":{"rendered":"\u0417\u0443\u0431\u043d\u0430\u044f \u043f\u0430\u0441\u0442\u0430 \u0410\u0441\u0435\u043f\u0442\u0430 Plus \u041a\u043e\u0444\u0435 \u0438 \u0422\u0430\u0431\u0430\u043a, 75 \u043c\u043b"},"content":{"rendered":"","protected":false},"excerpt":{"rendered":"<p>Asepta Plus Q\u0259hv\u0259 v\u0259 T\u00fct\u00fcn piqmentli \u0259rpd\u0259n minan\u0131 yum\u015faq bir \u015f\u0259kild\u0259 a\u011fard\u0131r, q\u0259hv\u0259, t\u00fct\u00fcn, \u00e7ay v\u0259 \u015f\u0259rab i\u00e7\u0259rk\u0259n di\u015fl\u0259ri v\u0259 a\u011f\u0131z mukozas\u0131n\u0131 qoruyur. \u018frpi yax\u015f\u0131 \u00e7\u0131xar\u0131r, siqaretin m\u0259nfi t\u0259sirl\u0259rini neytralla\u015fd\u0131r\u0131r, selikli qi\u015fan\u0131 n\u0259ml\u0259ndirir v\u0259 xo\u015fag\u0259lm\u0259z qoxunu aradan qald\u0131r\u0131r. A\u011fard\u0131c\u0131 t\u0259siri il\u0259 pasta t\u0259rkibind\u0259ki fl\u00fcorid say\u0259sind\u0259 minan\u0131n remineralizasiya prosesini h\u0259yata ke\u00e7ir\u0259c\u0259k.<\/p>\n<p>A\u011fard\u0131c\u0131 di\u015f m\u0259cunu Asepta Plus Q\u0259hv\u0259 v\u0259 T\u00fct\u00fcn kofe, \u00e7ay, t\u00fct\u00fcn v\u0259 q\u0131rm\u0131z\u0131 \u015f\u0259rab\u0131n m\u00fcnt\u0259z\u0259m istifad\u0259si il\u0259 di\u015fl\u0259ri v\u0259 a\u011f\u0131z mukozas\u0131n\u0131 qorumaq \u00fc\u00e7\u00fcn t\u00f6vsiy\u0259 olunur.<\/p>\n<ul>\n<li>\u018frpi \u00e7\u0131xar\u0131r v\u0259 di\u015f minas\u0131n\u0131n l\u0259k\u0259l\u0259nmi\u015f sah\u0259l\u0259rini parlaqla\u015fd\u0131r\u0131r<\/li>\n<li>Di\u015fl\u0259ri v\u0259 di\u015f \u0259tl\u0259rini g\u00fccl\u0259ndirm\u0259y\u0259 k\u00f6m\u0259k edir<\/li>\n<li>A\u011f\u0131z bo\u015flu\u011funun selikli qi\u015fas\u0131n\u0131 n\u0259ml\u0259ndirir, qoxunu yox edir<\/li>\n<li>\u00a0Siqaretin a\u011f\u0131z bo\u015flu\u011funda m\u0259nfi t\u0259sirl\u0259rini (qoxu, quruluq, iltihab) neytralla\u015fd\u0131r\u0131r.<\/li>\n<\/ul>\n<p>&nbsp;<\/p>\n<h3>Aktiv komponentl\u0259r:<\/h3>\n<ul>\n<li class=\"translation-block\"><b>Y\u00fcks\u0259k aktiv hamarlama hiss\u0259cikl\u0259ri<\/b> di\u015fl\u0259rin s\u0259thind\u0259n inadkar l\u00f6vh\u0259ni effektiv \u015f\u0259kild\u0259 t\u0259mizl\u0259yir v\u0259 minaya z\u0259r\u0259r verm\u0259d\u0259n parlaql\u0131q verir.<\/li>\n<li>\u00a0<b>\u0420\u0430\u0441\u0442\u0438\u0442\u0435\u043b\u044c\u043d\u044b\u0439 \u0444\u0435\u0440\u043c\u0435\u043d\u0442 \u043f\u0430\u043f\u0430\u0438\u043d<\/b>\u00a0\u0440\u0430\u0441\u0449\u0435\u043f\u043b\u044f\u0435\u0442 \u043c\u0438\u043d\u0435\u0440\u0430\u043b\u044c\u043d\u044b\u0439 \u043c\u0430\u0442\u0440\u0438\u043a\u0441 \u043d\u0430\u0437\u0443\u0431\u043d\u044b\u0445 \u043e\u0442\u043b\u043e\u0436\u0435\u043d\u0438\u0439 \u0438 \u043f\u0440\u0435\u043f\u044f\u0442\u0441\u0442\u0432\u0443\u0435\u0442 \u0438\u0445 \u043f\u043e\u0432\u0442\u043e\u0440\u043d\u043e\u043c\u0443 \u043e\u0431\u0440\u0430\u0437\u043e\u0432\u0430\u043d\u0438\u044e, \u0441\u043e\u0445\u0440\u0430\u043d\u044f\u044f \u0431\u0435\u043b\u0438\u0437\u043d\u0443 \u0437\u0443\u0431\u043e\u0432.<\/li>\n<li class=\"translation-block\"><b>Limon efir ya\u011f\u0131<\/b> a\u011fard\u0131c\u0131 t\u0259sir\u0259 malikdir v\u0259 a\u011f\u0131zdak\u0131 xo\u015fag\u0259lm\u0259z qoxunu neytralla\u015fd\u0131r\u0131r.<\/li>\n<li class=\"translation-block\"><b>Ftorid (1000 ppm)<\/b> di\u015fl\u0259rin remineralizasiya prosesl\u0259rini g\u00fccl\u0259ndirir v\u0259 kariyesin \u0259m\u0259l\u0259 g\u0259lm\u0259sin\u0259 qar\u015f\u0131 m\u00fcqavim\u0259t yarad\u0131r.<\/li>\n<li class=\"translation-block\"><b>Kalamus ekstrakt\u0131 v\u0259 kalium sitrat<\/b> di\u015f \u0259tini g\u00fccl\u0259ndirir, di\u015f \u0259tinin v\u0259 di\u015fl\u0259rin artan h\u0259ssasl\u0131\u011f\u0131n\u0131 azald\u0131r.<\/li>\n<li class=\"translation-block\"><b>Aloe ekstrakt\u0131 v\u0259 betain<\/b> qurulu\u011fu aradan qald\u0131r\u0131r v\u0259 a\u011f\u0131z mukozas\u0131n\u0131n b\u0259rpas\u0131 prosesl\u0259rini s\u00fcr\u0259tl\u0259ndirir.<\/li>\n<\/ul>\n<p><b>\u0130stifad\u0259 \u00fcsulu:<\/b>\u00a0\u0414\u043b\u044f \u0441\u043e\u0445\u0440\u0430\u043d\u0435\u043d\u0438\u044f \u0437\u0434\u043e\u0440\u043e\u0432\u044c\u044f \u0438 \u043a\u0440\u0430\u0441\u043e\u0442\u044b \u0437\u0443\u0431\u043e\u0432 \u0441\u0442\u043e\u043c\u0430\u0442\u043e\u043b\u043e\u0433\u0438 \u0440\u0435\u043a\u043e\u043c\u0435\u043d\u0434\u0443\u044e\u0442 \u043f\u0440\u043e\u0432\u043e\u0434\u0438\u0442\u044c \u0433\u0438\u0433\u0438\u0435\u043d\u0443 \u043f\u043e\u043b\u043e\u0441\u0442\u0438 \u0440\u0442\u0430 2 \u0440\u0430\u0437\u0430 \u0432 \u0434\u0435\u043d\u044c: \u043f\u043e\u0441\u043b\u0435 \u0437\u0430\u0432\u0442\u0440\u0430\u043a\u0430 \u0438 \u043f\u0435\u0440\u0435\u0434 \u0441\u043d\u043e\u043c.<\/p>\n<h3>T\u0259rkibi:<\/h3>\n<p>su, silikon dioksid, sorbitol, qliserin, kokamidopropil betain, ksilitol, kalium sitrat, betain, disodium pirofosfat, kalamus ekstrakt\u0131, aloe ekstrakt\u0131, natrium lauroil sarkosinat, dadland\u0131r\u0131c\u0131 monooksit, sodium natrium karboksimetilsel\u00fcloz, papain , natrium metilparaben, natrium saxarinat, ksantan saqq\u0131z\u0131, limon ya\u011f\u0131, natrium propilparaben. Fl\u00fcorun k\u00fctl\u0259 pay\u0131 - 1000 ppm.<\/p>","protected":false},"featured_media":5376,"comment_status":"open","ping_status":"closed","template":"","meta":{"_eb_attr":"","site-sidebar-layout":"default","site-content-layout":"","ast-site-content-layout":"default","site-content-style":"default","site-sidebar-style":"default","ast-global-header-display":"","ast-banner-title-visibility":"","ast-main-header-display":"","ast-hfb-above-header-display":"","ast-hfb-below-header-display":"","ast-hfb-mobile-header-display":"","site-post-title":"","ast-breadcrumbs-content":"","ast-featured-img":"","footer-sml-layout":"","ast-disable-related-posts":"","theme-transparent-header-meta":"default","adv-header-id-meta":"","stick-header-meta":"","header-above-stick-meta":"","header-main-stick-meta":"","header-below-stick-meta":"","astra-migrate-meta-layouts":"set","ast-page-background-enabled":"default","ast-page-background-meta":{"desktop":{"background-color":"var(--ast-global-color-4)","background-image":"","background-repeat":"repeat","background-position":"center center","background-size":"auto","background-attachment":"scroll","background-type":"","background-media":"","overlay-type":"","overlay-color":"","overlay-opacity":"","overlay-gradient":""},"tablet":{"background-color":"","background-image":"","background-repeat":"repeat","background-position":"center center","background-size":"auto","background-attachment":"scroll","background-type":"","background-media":"","overlay-type":"","overlay-color":"","overlay-opacity":"","overlay-gradient":""},"mobile":{"background-color":"","background-image":"","background-repeat":"repeat","background-position":"center center","background-size":"auto","background-attachment":"scroll","background-type":"","background-media":"","overlay-type":"","overlay-color":"","overlay-opacity":"","overlay-gradient":""}},"ast-content-background-meta":{"desktop":{"background-color":"var(--ast-global-color-5)","background-image":"","background-repeat":"repeat","background-position":"center center","background-size":"auto","background-attachment":"scroll","background-type":"","background-media":"","overlay-type":"","overlay-color":"","overlay-opacity":"","overlay-gradient":""},"tablet":{"background-color":"var(--ast-global-color-5)","background-image":"","background-repeat":"repeat","background-position":"center center","background-size":"auto","background-attachment":"scroll","background-type":"","background-media":"","overlay-type":"","overlay-color":"","overlay-opacity":"","overlay-gradient":""},"mobile":{"background-color":"var(--ast-global-color-5)","background-image":"","background-repeat":"repeat","background-position":"center center","background-size":"auto","background-attachment":"scroll","background-type":"","background-media":"","overlay-type":"","overlay-color":"","overlay-opacity":"","overlay-gradient":""}}},"product_brand":[75],"product_cat":[21,45],"product_tag":[],"class_list":{"0":"post-5375","1":"product","2":"type-product","3":"status-publish","4":"has-post-thumbnail","6":"product_brand-asepta","7":"product_cat-21","8":"product_cat-45","9":"desktop-align-left","10":"tablet-align-left","11":"mobile-align-left","13":"first","14":"instock","15":"shipping-taxable","16":"purchasable","17":"product-type-simple"},"jetpack_sharing_enabled":true,"_links":{"self":[{"href":"https:\/\/zubochistka.az\/az\/wp-json\/wp\/v2\/product\/5375","targetHints":{"allow":["GET"]}}],"collection":[{"href":"https:\/\/zubochistka.az\/az\/wp-json\/wp\/v2\/product"}],"about":[{"href":"https:\/\/zubochistka.az\/az\/wp-json\/wp\/v2\/types\/product"}],"replies":[{"embeddable":true,"href":"https:\/\/zubochistka.az\/az\/wp-json\/wp\/v2\/comments?post=5375"}],"wp:featuredmedia":[{"embeddable":true,"href":"https:\/\/zubochistka.az\/az\/wp-json\/wp\/v2\/media\/5376"}],"wp:attachment":[{"href":"https:\/\/zubochistka.az\/az\/wp-json\/wp\/v2\/media?parent=5375"}],"wp:term":[{"taxonomy":"product_brand","embeddable":true,"href":"https:\/\/zubochistka.az\/az\/wp-json\/wp\/v2\/product_brand?post=5375"},{"taxonomy":"product_cat","embeddable":true,"href":"https:\/\/zubochistka.az\/az\/wp-json\/wp\/v2\/product_cat?post=5375"},{"taxonomy":"product_tag","embeddable":true,"href":"https:\/\/zubochistka.az\/az\/wp-json\/wp\/v2\/product_tag?post=5375"}],"curies":[{"name":"wp","href":"https:\/\/api.w.org\/{rel}","templated":true}]}}