{"id":5507,"date":"2024-09-25T12:22:47","date_gmt":"2024-09-25T08:22:47","guid":{"rendered":"https:\/\/zubochistka.az\/?post_type=product&#038;p=5507"},"modified":"2025-01-28T17:36:44","modified_gmt":"2025-01-28T13:36:44","slug":"%d0%b4%d0%b5%d1%82%d1%81%d0%ba%d0%b0%d1%8f-%d1%8d%d0%bb%d0%b5%d0%ba%d1%82%d1%80%d0%b8%d1%87%d0%b5%d1%81%d0%ba%d0%b0%d1%8f-%d0%b7%d1%83%d0%b1%d0%bd%d0%b0%d1%8f-%d1%89%d0%b5%d1%82%d0%ba%d0%b0-oral-b-fro","status":"publish","type":"product","link":"https:\/\/zubochistka.az\/az\/product\/%d0%b4%d0%b5%d1%82%d1%81%d0%ba%d0%b0%d1%8f-%d1%8d%d0%bb%d0%b5%d0%ba%d1%82%d1%80%d0%b8%d1%87%d0%b5%d1%81%d0%ba%d0%b0%d1%8f-%d0%b7%d1%83%d0%b1%d0%bd%d0%b0%d1%8f-%d1%89%d0%b5%d1%82%d0%ba%d0%b0-oral-b-fro\/","title":{"rendered":"\u0414\u0435\u0442\u0441\u043a\u0430\u044f \u044d\u043b\u0435\u043a\u0442\u0440\u0438\u0447\u0435\u0441\u043a\u0430\u044f \u0437\u0443\u0431\u043d\u0430\u044f \u0449\u0435\u0442\u043a\u0430 Oral B Frozen &#8211; Vitality PRO"},"content":{"rendered":"","protected":false},"excerpt":{"rendered":"<p>Di\u015f h\u0259kiml\u0259ri t\u0259r\u0259find\u0259n 3 ya\u015f v\u0259 daha yuxar\u0131 u\u015faqlar \u00fc\u00e7\u00fcn t\u00f6vsiy\u0259 edil\u0259n Oral-B Pro Kids elektrikli di\u015f f\u0131r\u00e7as\u0131 z\u0259rif v\u0259 effektiv t\u0259mizl\u0259m\u0259 t\u0259min edir. U\u015faqlar \u00fc\u00e7\u00fcn unikal H\u0259ssas rejimi d\u0259 daxil olmaqla 2 f\u0131r\u00e7alama rejimi il\u0259 bu f\u0131r\u00e7a u\u015faqlar\u0131n di\u015fl\u0259rini z\u0259rifc\u0259 t\u0259mizl\u0259yir. Adi manual di\u015f f\u0131r\u00e7as\u0131ndan daha \u00e7ox \u0259rp \u00e7\u0131xar\u0131r. D\u0259st\u0259, q\u0259l\u0259mi f\u0259rdil\u0259\u015fdirm\u0259k \u00fc\u00e7\u00fcn 4 tematik stiker daxildir. Oral-B Pro Kids di\u015f f\u0131r\u00e7as\u0131 ba\u015f\u0131 manual\u0259l di\u015f f\u0131r\u00e7as\u0131 il\u0259 m\u00fcqayis\u0259d\u0259 di\u015fl\u0259ri daha d\u0259rind\u0259n t\u0259mizl\u0259yir, kariesin qar\u015f\u0131s\u0131n\u0131 al\u0131r.<\/p>\n<p><strong>T\u0259mizl\u0259m\u0259 rejiml\u0259ri:<\/strong><\/p>\n<p>Oral-B Pro Kids di\u015f f\u0131r\u00e7as\u0131 iki f\u0131r\u00e7alama rejimin\u0259 malikdir: inan\u0131lmaz d\u0259r\u0259c\u0259d\u0259 yum\u015faq, lakin effektiv t\u0259mizl\u0259m\u0259 \u00fc\u00e7\u00fcn Daily Clean(G\u00fcnd\u0259lik T\u0259miz) v\u0259 Sensitive+ (H\u0259ssas+).<\/p>","protected":false},"featured_media":5508,"comment_status":"open","ping_status":"closed","template":"","meta":{"_eb_attr":"","site-sidebar-layout":"default","site-content-layout":"","ast-site-content-layout":"default","site-content-style":"default","site-sidebar-style":"default","ast-global-header-display":"","ast-banner-title-visibility":"","ast-main-header-display":"","ast-hfb-above-header-display":"","ast-hfb-below-header-display":"","ast-hfb-mobile-header-display":"","site-post-title":"","ast-breadcrumbs-content":"","ast-featured-img":"","footer-sml-layout":"","ast-disable-related-posts":"","theme-transparent-header-meta":"default","adv-header-id-meta":"","stick-header-meta":"","header-above-stick-meta":"","header-main-stick-meta":"","header-below-stick-meta":"","astra-migrate-meta-layouts":"set","ast-page-background-enabled":"default","ast-page-background-meta":{"desktop":{"background-color":"var(--ast-global-color-4)","background-image":"","background-repeat":"repeat","background-position":"center center","background-size":"auto","background-attachment":"scroll","background-type":"","background-media":"","overlay-type":"","overlay-color":"","overlay-opacity":"","overlay-gradient":""},"tablet":{"background-color":"","background-image":"","background-repeat":"repeat","background-position":"center center","background-size":"auto","background-attachment":"scroll","background-type":"","background-media":"","overlay-type":"","overlay-color":"","overlay-opacity":"","overlay-gradient":""},"mobile":{"background-color":"","background-image":"","background-repeat":"repeat","background-position":"center center","background-size":"auto","background-attachment":"scroll","background-type":"","background-media":"","overlay-type":"","overlay-color":"","overlay-opacity":"","overlay-gradient":""}},"ast-content-background-meta":{"desktop":{"background-color":"var(--ast-global-color-5)","background-image":"","background-repeat":"repeat","background-position":"center center","background-size":"auto","background-attachment":"scroll","background-type":"","background-media":"","overlay-type":"","overlay-color":"","overlay-opacity":"","overlay-gradient":""},"tablet":{"background-color":"var(--ast-global-color-5)","background-image":"","background-repeat":"repeat","background-position":"center center","background-size":"auto","background-attachment":"scroll","background-type":"","background-media":"","overlay-type":"","overlay-color":"","overlay-opacity":"","overlay-gradient":""},"mobile":{"background-color":"var(--ast-global-color-5)","background-image":"","background-repeat":"repeat","background-position":"center center","background-size":"auto","background-attachment":"scroll","background-type":"","background-media":"","overlay-type":"","overlay-color":"","overlay-opacity":"","overlay-gradient":""}}},"product_brand":[83],"product_cat":[28,35,64,61],"product_tag":[],"class_list":{"0":"post-5507","1":"product","2":"type-product","3":"status-publish","4":"has-post-thumbnail","6":"product_brand-oral-b","7":"product_cat-28","8":"product_cat-35","9":"product_cat---2","10":"product_cat-61","11":"desktop-align-left","12":"tablet-align-left","13":"mobile-align-left","15":"first","16":"instock","17":"shipping-taxable","18":"purchasable","19":"product-type-simple"},"jetpack_sharing_enabled":true,"_links":{"self":[{"href":"https:\/\/zubochistka.az\/az\/wp-json\/wp\/v2\/product\/5507","targetHints":{"allow":["GET"]}}],"collection":[{"href":"https:\/\/zubochistka.az\/az\/wp-json\/wp\/v2\/product"}],"about":[{"href":"https:\/\/zubochistka.az\/az\/wp-json\/wp\/v2\/types\/product"}],"replies":[{"embeddable":true,"href":"https:\/\/zubochistka.az\/az\/wp-json\/wp\/v2\/comments?post=5507"}],"wp:featuredmedia":[{"embeddable":true,"href":"https:\/\/zubochistka.az\/az\/wp-json\/wp\/v2\/media\/5508"}],"wp:attachment":[{"href":"https:\/\/zubochistka.az\/az\/wp-json\/wp\/v2\/media?parent=5507"}],"wp:term":[{"taxonomy":"product_brand","embeddable":true,"href":"https:\/\/zubochistka.az\/az\/wp-json\/wp\/v2\/product_brand?post=5507"},{"taxonomy":"product_cat","embeddable":true,"href":"https:\/\/zubochistka.az\/az\/wp-json\/wp\/v2\/product_cat?post=5507"},{"taxonomy":"product_tag","embeddable":true,"href":"https:\/\/zubochistka.az\/az\/wp-json\/wp\/v2\/product_tag?post=5507"}],"curies":[{"name":"wp","href":"https:\/\/api.w.org\/{rel}","templated":true}]}}