{"id":5536,"date":"2024-10-22T12:17:13","date_gmt":"2024-10-22T08:17:13","guid":{"rendered":"https:\/\/zubochistka.az\/?post_type=product&#038;p=5536"},"modified":"2025-02-05T12:52:13","modified_gmt":"2025-02-05T08:52:13","slug":"biomed-%d0%bd%d0%b0%d0%b1%d0%be%d1%80-%d0%ba%d0%be%d0%bc%d0%bf%d0%bb%d0%b5%d0%ba%d1%81%d0%bd%d0%b0%d1%8f-%d0%b7%d1%83%d0%b1%d0%bd%d0%b0%d1%8f-%d1%89%d0%b5%d1%82%d0%ba%d0%b0-%d1%81%d1%80%d0%b5%d0%b4","status":"publish","type":"product","link":"https:\/\/zubochistka.az\/az\/product\/biomed-%d0%bd%d0%b0%d0%b1%d0%be%d1%80-%d0%ba%d0%be%d0%bc%d0%bf%d0%bb%d0%b5%d0%ba%d1%81%d0%bd%d0%b0%d1%8f-%d0%b7%d1%83%d0%b1%d0%bd%d0%b0%d1%8f-%d1%89%d0%b5%d1%82%d0%ba%d0%b0-%d1%81%d1%80%d0%b5%d0%b4\/","title":{"rendered":"Biomed \u043d\u0430\u0431\u043e\u0440: \u043a\u043e\u043c\u043f\u043b\u0435\u043a\u0441\u043d\u0430\u044f \u0437\u0443\u0431\u043d\u0430\u044f \u0449\u0435\u0442\u043a\u0430 \u0441\u0440\u0435\u0434\u043d\u0435\u0439 \u0436\u0435\u0441\u0442\u043a\u043e\u0441\u0442\u0438, 3 \u0448\u0442"},"content":{"rendered":"","protected":false},"excerpt":{"rendered":"<p>Biomed Black kompleks di\u015f f\u0131r\u00e7alar\u0131 d\u0259sti 2+1, unikal r\u0259ngd\u0259! \u018fn yax\u015f\u0131 effekt \u00fc\u00e7\u00fcn yeni t\u0259bii v\u0259 effektiv Biomed pastalar\u0131 il\u0259 birlikd\u0259 istifad\u0259 edin.<\/p>\n<ul>\n<li>Biomed Black di\u015f f\u0131r\u00e7as\u0131n\u0131n unikal b\u0259n\u00f6v\u015f\u0259yi r\u0259ngi yaln\u0131z d\u0259std\u0259 m\u00f6vcuddur.<\/li>\n<li>Biz d\u00fcnyaya qay\u011f\u0131 g\u00f6st\u0259ririk v\u0259 3 di\u015f f\u0131r\u00e7as\u0131n\u0131 1 d\u0259st\u0259d\u0259 birl\u0259\u015fdir\u0259r\u0259k plastikd\u0259n 26% az istifad\u0259 edirik.<\/li>\n<li>Karbon \u00f6rt\u00fckl\u00fc v\u0259 yuvarlaq uclu t\u00fckl\u0259r di\u015f \u0259rpinin effektiv v\u0259 t\u0259hl\u00fck\u0259siz \u015f\u0259kild\u0259 t\u0259mizl\u0259nm\u0259sini t\u0259min edir.<\/li>\n<\/ul>","protected":false},"featured_media":5537,"comment_status":"open","ping_status":"closed","template":"","meta":{"_eb_attr":"","site-sidebar-layout":"default","site-content-layout":"","ast-site-content-layout":"default","site-content-style":"default","site-sidebar-style":"default","ast-global-header-display":"","ast-banner-title-visibility":"","ast-main-header-display":"","ast-hfb-above-header-display":"","ast-hfb-below-header-display":"","ast-hfb-mobile-header-display":"","site-post-title":"","ast-breadcrumbs-content":"","ast-featured-img":"","footer-sml-layout":"","theme-transparent-header-meta":"default","adv-header-id-meta":"","stick-header-meta":"","header-above-stick-meta":"","header-main-stick-meta":"","header-below-stick-meta":"","astra-migrate-meta-layouts":"set","ast-page-background-enabled":"default","ast-page-background-meta":{"desktop":{"background-color":"var(--ast-global-color-4)","background-image":"","background-repeat":"repeat","background-position":"center center","background-size":"auto","background-attachment":"scroll","background-type":"","background-media":"","overlay-type":"","overlay-color":"","overlay-opacity":"","overlay-gradient":""},"tablet":{"background-color":"","background-image":"","background-repeat":"repeat","background-position":"center center","background-size":"auto","background-attachment":"scroll","background-type":"","background-media":"","overlay-type":"","overlay-color":"","overlay-opacity":"","overlay-gradient":""},"mobile":{"background-color":"","background-image":"","background-repeat":"repeat","background-position":"center center","background-size":"auto","background-attachment":"scroll","background-type":"","background-media":"","overlay-type":"","overlay-color":"","overlay-opacity":"","overlay-gradient":""}},"ast-content-background-meta":{"desktop":{"background-color":"var(--ast-global-color-5)","background-image":"","background-repeat":"repeat","background-position":"center center","background-size":"auto","background-attachment":"scroll","background-type":"","background-media":"","overlay-type":"","overlay-color":"","overlay-opacity":"","overlay-gradient":""},"tablet":{"background-color":"var(--ast-global-color-5)","background-image":"","background-repeat":"repeat","background-position":"center center","background-size":"auto","background-attachment":"scroll","background-type":"","background-media":"","overlay-type":"","overlay-color":"","overlay-opacity":"","overlay-gradient":""},"mobile":{"background-color":"var(--ast-global-color-5)","background-image":"","background-repeat":"repeat","background-position":"center center","background-size":"auto","background-attachment":"scroll","background-type":"","background-media":"","overlay-type":"","overlay-color":"","overlay-opacity":"","overlay-gradient":""}}},"product_brand":[84],"product_cat":[24,23,60],"product_tag":[],"class_list":{"0":"post-5536","1":"product","2":"type-product","3":"status-publish","4":"has-post-thumbnail","6":"product_brand-biomed","7":"product_cat-24","8":"product_cat-23","9":"product_cat-60","10":"desktop-align-left","11":"tablet-align-left","12":"mobile-align-left","14":"first","15":"instock","16":"shipping-taxable","17":"purchasable","18":"product-type-simple"},"jetpack_sharing_enabled":true,"_links":{"self":[{"href":"https:\/\/zubochistka.az\/az\/wp-json\/wp\/v2\/product\/5536","targetHints":{"allow":["GET"]}}],"collection":[{"href":"https:\/\/zubochistka.az\/az\/wp-json\/wp\/v2\/product"}],"about":[{"href":"https:\/\/zubochistka.az\/az\/wp-json\/wp\/v2\/types\/product"}],"replies":[{"embeddable":true,"href":"https:\/\/zubochistka.az\/az\/wp-json\/wp\/v2\/comments?post=5536"}],"wp:featuredmedia":[{"embeddable":true,"href":"https:\/\/zubochistka.az\/az\/wp-json\/wp\/v2\/media\/5537"}],"wp:attachment":[{"href":"https:\/\/zubochistka.az\/az\/wp-json\/wp\/v2\/media?parent=5536"}],"wp:term":[{"taxonomy":"product_brand","embeddable":true,"href":"https:\/\/zubochistka.az\/az\/wp-json\/wp\/v2\/product_brand?post=5536"},{"taxonomy":"product_cat","embeddable":true,"href":"https:\/\/zubochistka.az\/az\/wp-json\/wp\/v2\/product_cat?post=5536"},{"taxonomy":"product_tag","embeddable":true,"href":"https:\/\/zubochistka.az\/az\/wp-json\/wp\/v2\/product_tag?post=5536"}],"curies":[{"name":"wp","href":"https:\/\/api.w.org\/{rel}","templated":true}]}}