{"id":5874,"date":"2024-11-28T15:14:32","date_gmt":"2024-11-28T11:14:32","guid":{"rendered":"https:\/\/zubochistka.az\/?post_type=product&#038;p=5874"},"modified":"2025-11-06T21:23:28","modified_gmt":"2025-11-06T17:23:28","slug":"curaprox-aligner-foam-%d0%bf%d0%b5%d0%bd%d0%ba%d0%b0-%d0%b4%d0%bb%d1%8f-%d1%8d%d0%bb%d0%b0%d0%b9%d0%bd%d0%b5%d1%80%d0%b0-%d1%81-%d0%b3%d0%b8%d0%b4%d1%80%d0%be%d0%ba%d1%81%d0%b8%d0%b0%d0%bf%d0%b0","status":"publish","type":"product","link":"https:\/\/zubochistka.az\/az\/product\/curaprox-aligner-foam-%d0%bf%d0%b5%d0%bd%d0%ba%d0%b0-%d0%b4%d0%bb%d1%8f-%d1%8d%d0%bb%d0%b0%d0%b9%d0%bd%d0%b5%d1%80%d0%b0-%d1%81-%d0%b3%d0%b8%d0%b4%d1%80%d0%be%d0%ba%d1%81%d0%b8%d0%b0%d0%bf%d0%b0\/","title":{"rendered":"Curaprox Aligner Foam. \u041f\u0435\u043d\u043a\u0430 \u0434\u043b\u044f \u042d\u043b\u0430\u0439\u043d\u0435\u0440\u0430 \u0441 \u0433\u0438\u0434\u0440\u043e\u043a\u0441\u0438\u0430\u043f\u0430\u0442\u0438\u0442\u043e\u043c , 40\u043c\u043b"},"content":{"rendered":"","protected":false},"excerpt":{"rendered":"<p>Di\u015f da\u015flar\u0131n\u0131n yaranmas\u0131n\u0131 dayand\u0131rma\u011fa v\u0259 di\u015fl\u0259rin g\u0259l\u0259c\u0259kd\u0259ki probleml\u0259rini, o c\u00fcml\u0259d\u0259n di\u015f \u0259tl\u0259rinin x\u0259st\u0259likl\u0259rini qar\u015f\u0131s\u0131n\u0131 alma\u011fa k\u00f6m\u0259k edir.<\/p>\n<p>D\u00fczl\u0259\u015fdirici k\u00f6p\u00fck t\u0259bii minerallarla b\u0259rpa edir, qoruyur v\u0259 remineralizasiya edir \u2013 v\u0259 ip\u0259k kimi hamar v\u0259 yum\u015faq g\u00f6r\u00fcn\u0259n n\u0259ml\u0259ndirici qoruyucu t\u0259b\u0259q\u0259 yarad\u0131r. Bu, plastik eleynerl\u0259rin, retenorlar\u0131n v\u0259 ya kapalar\u0131n alt\u0131nda di\u015fl\u0259ri qorumaq \u00fc\u00e7\u00fcn \u0259n yax\u015f\u0131 k\u00f6m\u0259k\u00e7idir. V\u0259 ortodontik x\u0259st\u0259l\u0259r \u00fc\u00e7\u00fcn \u0259n yax\u015f\u0131 k\u00f6m\u0259k\u00e7idir.<\/p>\n<p><strong>Metod 1:<\/strong>\u00a0Di\u015fl\u0259ri f\u0131r\u00e7alayandan sonra h\u0259r bir kapa az miqdarda k\u00f6p\u00fck s\u0131x\u0131n. Kapalar\u0131 tax\u0131n. Haz\u0131rd\u0131r.<\/p>\n<p><strong>Metod 2:<\/strong>\u00a0Di\u015fl\u0259ri f\u0131r\u00e7alayandan sonra a\u011f\u0131za az miqdarda k\u00f6p\u00fck s\u0131x\u0131n. Dili il\u0259 di\u015fl\u0259riniz\u0259 b\u0259rab\u0259r \u015f\u0259kild\u0259 yayd\u0131r\u0131n. T\u00fck\u00fcr\u00fcn.<\/p>\n<p>&nbsp;<\/p>\n<p><strong>Elyner K\u00f6p\u00fcy\u00fcn\u00fcn \u00dcst\u00fcnl\u00fckl\u0259ri:<\/strong><\/p>\n<ul>\n<li>T\u0259bii olaraq di\u015fl\u0259ri remineralizasiya edir v\u0259 qoruyur<\/li>\n<li>Di\u015f da\u015f\u0131na qar\u015f\u0131 m\u00fcbariz\u0259<\/li>\n<li>N\u0259ml\u0259ndirici<\/li>\n<\/ul>\n<p>Di\u015fl\u0259rin remineralizasiyas\u0131 v\u0259 qorunmas\u0131 \u00fc\u00e7\u00fcn haz\u0131rlanm\u0131\u015f d\u00fczl\u0259\u015fdirici k\u00f6p\u00fck a\u015fa\u011f\u0131dak\u0131 t\u0259rkib hiss\u0259l\u0259rind\u0259n ibar\u0259tdir:<\/p>\n<ul>\n<li>Hidroksiapatit: Di\u015fl\u0259ri hamarla\u015fd\u0131r\u0131r, dentini a\u015fkar ed\u0259n d\u0259likl\u0259ri ba\u011flay\u0131r v\u0259 h\u0259ssas di\u015fl\u0259rin a\u011fr\u0131s\u0131n\u0131 azald\u0131r. T\u00fcp\u00fcrc\u0259yin di\u015f minas\u0131n\u0131 remineralizasiya etm\u0259 qabiliyy\u0259tini d\u0259st\u0259kl\u0259yir v\u0259 g\u00fccl\u0259ndirir.<\/li>\n<li>Hialuron tur\u015fusu: B\u0259d\u0259nd\u0259 t\u0259bii \u015f\u0259kild\u0259 yaranan n\u0259ml\u0259ndirici v\u0259 n\u0259ml\u0259ndirici x\u00fcsusiyy\u0259tl\u0259r\u0259 malik bir madd\u0259dir. Di\u015fl\u0259rd\u0259 n\u0259ml\u0259ndirici bir qat \u0259m\u0259l\u0259 g\u0259tirir v\u0259 n\u0259min itirilm\u0259sinin qar\u015f\u0131s\u0131n\u0131 alan qoruyucu baryer yarad\u0131r.<\/li>\n<li>Levulin tur\u015fusu, \u00f6z karamel qoxusu il\u0259 Aligner k\u00f6p\u00fcy\u00fcn\u0259 xo\u015f bir dad verir. Antibakterial v\u0259 g\u00f6b\u0259l\u0259k \u0259leyhin\u0259 x\u00fcsusiyy\u0259tl\u0259ri say\u0259sind\u0259 a\u011f\u0131z bo\u015flu\u011funun toxumalar\u0131na inc\u0259 t\u0259sir edir v\u0259 di\u015f da\u015f\u0131na qar\u015f\u0131 m\u00fcbariz\u0259 apar\u0131r.\nMaqnolol, maqnoliya a\u011fac\u0131n\u0131n qab\u0131\u011f\u0131 v\u0259 yarpaqlar\u0131nda olan bioaktiv birl\u0259\u015fm\u0259dir. Di\u015f da\u015f\u0131na v\u0259 kariyes\u0259 s\u0259b\u0259b olan streptococcus mutans bakteriyas\u0131na qar\u015f\u0131 g\u00fccl\u00fc antibakterial t\u0259sir g\u00f6st\u0259rir.<\/li>\n<li>Magnolol: Maqnoliya a\u011fac\u0131n\u0131n qab\u0131\u011f\u0131 v\u0259 yarpaqlar\u0131nda olan bioaktiv birl\u0259\u015fm\u0259dir.\nDi\u015f da\u015f\u0131na v\u0259 kariyes\u0259 s\u0259b\u0259b olan streptococcus mutans bakteriyas\u0131na qar\u015f\u0131 g\u00fccl\u00fc antibakterial t\u0259sir g\u00f6st\u0259rir.<\/li>\n<li>CCP Citrox\u00ae, Siklodekstrin v\u0259 Polilizin Kombinasiyas\u0131: Citrox\u00ae: Ac\u0131 porta\u011faldan al\u0131nan t\u0259bii bioflavonoidl\u0259r antibakterial, antioksidant v\u0259 iltihab \u0259leyhin\u0259 x\u00fcsusiyy\u0259tl\u0259r\u0259 malikdir.\nPolilizin: A\u011f\u0131z bo\u015flu\u011fundak\u0131 bakteriyalarla m\u00fcbariz\u0259 apar\u0131r v\u0259 di\u015f da\u015f\u0131n\u0131n \u0259m\u0259l\u0259 g\u0259lm\u0259 riskini azald\u0131r. Siklodekstrin: Virusa qar\u015f\u0131 t\u0259sir g\u00f6st\u0259r\u0259r\u0259k \u0259lav\u0259 qoruma t\u0259min edir.<\/li>\n<li>F\u0259rmentativ Sistem: Amilogl\u00fckosidaza v\u0259 ql\u00fckoza oksidaza: A\u011f\u0131z bo\u015flu\u011funun sa\u011flaml\u0131\u011f\u0131n\u0131 d\u0259st\u0259kl\u0259yir, t\u00fcp\u00fcrc\u0259yin istehsal\u0131n\u0131 art\u0131r\u0131r v\u0259 onun t\u0259bii qoruyucu v\u0259 b\u0259rpaedici funksiyalar\u0131n\u0131 g\u00fccl\u0259ndirir. F\u0259rmentl\u0259r bakteriya, g\u00f6b\u0259l\u0259k v\u0259 viruslarla m\u00fcbariz\u0259 apar\u0131r, di\u015f da\u015f\u0131n\u0131 qar\u015f\u0131s\u0131n\u0131 al\u0131r v\u0259 mikroorqanizml\u0259rin \u015f\u0259k\u0259ri tur\u015fuya \u00e7evirm\u0259zd\u0259n \u0259vv\u0259l z\u0259r\u0259rli \u015f\u0259k\u0259ri par\u00e7alay\u0131r.<\/li>\n<\/ul>\n<p>B\u00f6y\u00fckl\u0259r \u00fc\u00e7\u00fcn t\u00f6vsiy\u0259 olunur. U\u015faqlar yaln\u0131z stomatoloqun resepti il\u0259 istifad\u0259 ed\u0259 bil\u0259r.<\/p>\n<p>T\u0259rkibi: su, propilen qlikol, poliqliseril-3-kaprat, kokamidopropil betain, hidroksiapatit, ksilitol, natrium hialuronat, hidroksietilsel\u00fcloz, natrium ql\u00fckonat, levulin tur\u015fusu, l\u0259zz\u0259t, natrium hidroksid, maqliserin sodyum, magliserin olol, trisodium ethylenediamine disuccinate, natrium benzoate, CTRUS AURANTIUM AMARA meyv\u0259 ekstrakt\u0131, sukraloza, amiloqlukozidaza, ql\u00fckoza oksidaz, polilizin, propilqallat, limonen.<\/p>","protected":false},"featured_media":5875,"comment_status":"open","ping_status":"closed","template":"","meta":{"_eb_attr":"","site-sidebar-layout":"default","site-content-layout":"","ast-site-content-layout":"default","site-content-style":"default","site-sidebar-style":"default","ast-global-header-display":"","ast-banner-title-visibility":"","ast-main-header-display":"","ast-hfb-above-header-display":"","ast-hfb-below-header-display":"","ast-hfb-mobile-header-display":"","site-post-title":"","ast-breadcrumbs-content":"","ast-featured-img":"","footer-sml-layout":"","ast-disable-related-posts":"","theme-transparent-header-meta":"default","adv-header-id-meta":"","stick-header-meta":"","header-above-stick-meta":"","header-main-stick-meta":"","header-below-stick-meta":"","astra-migrate-meta-layouts":"set","ast-page-background-enabled":"default","ast-page-background-meta":{"desktop":{"background-color":"var(--ast-global-color-4)","background-image":"","background-repeat":"repeat","background-position":"center center","background-size":"auto","background-attachment":"scroll","background-type":"","background-media":"","overlay-type":"","overlay-color":"","overlay-opacity":"","overlay-gradient":""},"tablet":{"background-color":"","background-image":"","background-repeat":"repeat","background-position":"center center","background-size":"auto","background-attachment":"scroll","background-type":"","background-media":"","overlay-type":"","overlay-color":"","overlay-opacity":"","overlay-gradient":""},"mobile":{"background-color":"","background-image":"","background-repeat":"repeat","background-position":"center center","background-size":"auto","background-attachment":"scroll","background-type":"","background-media":"","overlay-type":"","overlay-color":"","overlay-opacity":"","overlay-gradient":""}},"ast-content-background-meta":{"desktop":{"background-color":"var(--ast-global-color-5)","background-image":"","background-repeat":"repeat","background-position":"center center","background-size":"auto","background-attachment":"scroll","background-type":"","background-media":"","overlay-type":"","overlay-color":"","overlay-opacity":"","overlay-gradient":""},"tablet":{"background-color":"var(--ast-global-color-5)","background-image":"","background-repeat":"repeat","background-position":"center center","background-size":"auto","background-attachment":"scroll","background-type":"","background-media":"","overlay-type":"","overlay-color":"","overlay-opacity":"","overlay-gradient":""},"mobile":{"background-color":"var(--ast-global-color-5)","background-image":"","background-repeat":"repeat","background-position":"center center","background-size":"auto","background-attachment":"scroll","background-type":"","background-media":"","overlay-type":"","overlay-color":"","overlay-opacity":"","overlay-gradient":""}}},"product_brand":[73],"product_cat":[21,59,50,64],"product_tag":[],"class_list":{"0":"post-5874","1":"product","2":"type-product","3":"status-publish","4":"has-post-thumbnail","6":"product_brand-curaprox","7":"product_cat-21","8":"product_cat-59","9":"product_cat-50","10":"product_cat---2","11":"desktop-align-left","12":"tablet-align-left","13":"mobile-align-left","15":"first","16":"instock","17":"shipping-taxable","18":"purchasable","19":"product-type-simple"},"jetpack_sharing_enabled":true,"_links":{"self":[{"href":"https:\/\/zubochistka.az\/az\/wp-json\/wp\/v2\/product\/5874","targetHints":{"allow":["GET"]}}],"collection":[{"href":"https:\/\/zubochistka.az\/az\/wp-json\/wp\/v2\/product"}],"about":[{"href":"https:\/\/zubochistka.az\/az\/wp-json\/wp\/v2\/types\/product"}],"replies":[{"embeddable":true,"href":"https:\/\/zubochistka.az\/az\/wp-json\/wp\/v2\/comments?post=5874"}],"wp:featuredmedia":[{"embeddable":true,"href":"https:\/\/zubochistka.az\/az\/wp-json\/wp\/v2\/media\/5875"}],"wp:attachment":[{"href":"https:\/\/zubochistka.az\/az\/wp-json\/wp\/v2\/media?parent=5874"}],"wp:term":[{"taxonomy":"product_brand","embeddable":true,"href":"https:\/\/zubochistka.az\/az\/wp-json\/wp\/v2\/product_brand?post=5874"},{"taxonomy":"product_cat","embeddable":true,"href":"https:\/\/zubochistka.az\/az\/wp-json\/wp\/v2\/product_cat?post=5874"},{"taxonomy":"product_tag","embeddable":true,"href":"https:\/\/zubochistka.az\/az\/wp-json\/wp\/v2\/product_tag?post=5874"}],"curies":[{"name":"wp","href":"https:\/\/api.w.org\/{rel}","templated":true}]}}