{"id":588,"date":"2022-01-06T08:02:29","date_gmt":"2022-01-06T08:02:29","guid":{"rendered":"http:\/\/localhost:8888\/zubochistka.az\/?post_type=product&#038;p=588"},"modified":"2025-01-23T14:39:55","modified_gmt":"2025-01-23T10:39:55","slug":"cs-5460-duo-the-bathroom-special-2021","status":"publish","type":"product","link":"https:\/\/zubochistka.az\/az\/product\/cs-5460-duo-the-bathroom-special-2021\/","title":{"rendered":"CS 5460 Duo The Bathroom Special 2021"},"content":{"rendered":"","protected":false},"excerpt":{"rendered":"<p>M\u0259hdud sayda burax\u0131lan Duo Bathroom,  iki ultra yum\u015faq CS 5460 Ultra Soft di\u015f f\u0131r\u00e7as\u0131ndan ibar\u0259tdir. Patentli CUREN\u00ae t\u00fckc\u00fckl\u0259ri qeyri -adi qal\u0131n v\u0259 t\u0259sirli bir t\u0259mizl\u0259yici s\u0259th yarad\u0131r. CUREN\u00ae t\u00fckc\u00fckl\u0259ri neylondan daha s\u0131xd\u0131r, daha az n\u0259m \u00e7\u0259kir v\u0259 60% daha \u00e7ox t\u0259mizl\u0259yici x\u00fcsusiyy\u0259tini saxlay\u0131r. Mina qat\u0131n\u0131n s\u0259thini yum\u015faq bir \u015f\u0259kild\u0259 t\u0259mizl\u0259yir, \u0259rpi x\u00fcsusil\u0259 sulkus nahiy\u0259sind\u0259n daha yax\u015f\u0131 \u00e7\u0131xar\u0131r v\u0259 m\u0259hv edir. Di\u015f f\u0131r\u00e7as\u0131n\u0131n ki\u00e7ik v\u0259 y\u0131\u011fcam ba\u015fl\u0131\u011f\u0131 f\u0131r\u00e7an\u0131n boyun nahiy\u0259sind\u0259 d\u00fczg\u00fcn m\u00f6vqe tutmas\u0131n\u0131 t\u0259min edir. Y\u00fcng\u00fcl s\u0259kkizg\u00fc\u015f\u0259li polipropilen tutacaq di\u015fl\u0259ri d\u00fczg\u00fcn bucaq alt\u0131nda f\u0131r\u00e7alama\u011fa k\u00f6m\u0259k edir. \u0130sve\u00e7r\u0259 istehsal\u0131d\u0131r.<\/p>","protected":false},"featured_media":5618,"comment_status":"open","ping_status":"closed","template":"","meta":{"_eb_attr":"","site-sidebar-layout":"default","site-content-layout":"default","ast-site-content-layout":"default","site-content-style":"default","site-sidebar-style":"default","ast-global-header-display":"","ast-banner-title-visibility":"","ast-main-header-display":"","ast-hfb-above-header-display":"","ast-hfb-below-header-display":"","ast-hfb-mobile-header-display":"","site-post-title":"","ast-breadcrumbs-content":"","ast-featured-img":"","footer-sml-layout":"","theme-transparent-header-meta":"default","adv-header-id-meta":"","stick-header-meta":"","header-above-stick-meta":"","header-main-stick-meta":"","header-below-stick-meta":"","astra-migrate-meta-layouts":"set","ast-page-background-enabled":"default","ast-page-background-meta":{"desktop":{"background-color":"var(--ast-global-color-4)","background-image":"","background-repeat":"repeat","background-position":"center center","background-size":"auto","background-attachment":"scroll","background-type":"","background-media":"","overlay-type":"","overlay-color":"","overlay-opacity":"","overlay-gradient":""},"tablet":{"background-color":"","background-image":"","background-repeat":"repeat","background-position":"center center","background-size":"auto","background-attachment":"scroll","background-type":"","background-media":"","overlay-type":"","overlay-color":"","overlay-opacity":"","overlay-gradient":""},"mobile":{"background-color":"","background-image":"","background-repeat":"repeat","background-position":"center center","background-size":"auto","background-attachment":"scroll","background-type":"","background-media":"","overlay-type":"","overlay-color":"","overlay-opacity":"","overlay-gradient":""}},"ast-content-background-meta":{"desktop":{"background-color":"var(--ast-global-color-5)","background-image":"","background-repeat":"repeat","background-position":"center center","background-size":"auto","background-attachment":"scroll","background-type":"","background-media":"","overlay-type":"","overlay-color":"","overlay-opacity":"","overlay-gradient":""},"tablet":{"background-color":"var(--ast-global-color-5)","background-image":"","background-repeat":"repeat","background-position":"center center","background-size":"auto","background-attachment":"scroll","background-type":"","background-media":"","overlay-type":"","overlay-color":"","overlay-opacity":"","overlay-gradient":""},"mobile":{"background-color":"var(--ast-global-color-5)","background-image":"","background-repeat":"repeat","background-position":"center center","background-size":"auto","background-attachment":"scroll","background-type":"","background-media":"","overlay-type":"","overlay-color":"","overlay-opacity":"","overlay-gradient":""}}},"product_brand":[73],"product_cat":[40,23,50],"product_tag":[],"class_list":{"0":"post-588","1":"product","2":"type-product","3":"status-publish","4":"has-post-thumbnail","6":"product_brand-curaprox","7":"product_cat-40","8":"product_cat-23","9":"product_cat-50","10":"desktop-align-left","11":"tablet-align-left","12":"mobile-align-left","14":"first","15":"outofstock","16":"shipping-taxable","17":"purchasable","18":"product-type-simple"},"jetpack_sharing_enabled":true,"_links":{"self":[{"href":"https:\/\/zubochistka.az\/az\/wp-json\/wp\/v2\/product\/588","targetHints":{"allow":["GET"]}}],"collection":[{"href":"https:\/\/zubochistka.az\/az\/wp-json\/wp\/v2\/product"}],"about":[{"href":"https:\/\/zubochistka.az\/az\/wp-json\/wp\/v2\/types\/product"}],"replies":[{"embeddable":true,"href":"https:\/\/zubochistka.az\/az\/wp-json\/wp\/v2\/comments?post=588"}],"wp:featuredmedia":[{"embeddable":true,"href":"https:\/\/zubochistka.az\/az\/wp-json\/wp\/v2\/media\/5618"}],"wp:attachment":[{"href":"https:\/\/zubochistka.az\/az\/wp-json\/wp\/v2\/media?parent=588"}],"wp:term":[{"taxonomy":"product_brand","embeddable":true,"href":"https:\/\/zubochistka.az\/az\/wp-json\/wp\/v2\/product_brand?post=588"},{"taxonomy":"product_cat","embeddable":true,"href":"https:\/\/zubochistka.az\/az\/wp-json\/wp\/v2\/product_cat?post=588"},{"taxonomy":"product_tag","embeddable":true,"href":"https:\/\/zubochistka.az\/az\/wp-json\/wp\/v2\/product_tag?post=588"}],"curies":[{"name":"wp","href":"https:\/\/api.w.org\/{rel}","templated":true}]}}