{"id":5925,"date":"2025-01-22T14:28:19","date_gmt":"2025-01-22T10:28:19","guid":{"rendered":"https:\/\/zubochistka.az\/?post_type=product&#038;p=5925"},"modified":"2025-09-25T16:14:27","modified_gmt":"2025-09-25T12:14:27","slug":"curaprox-5460-winter-edition-2024","status":"publish","type":"product","link":"https:\/\/zubochistka.az\/az\/product\/curaprox-5460-winter-edition-2024\/","title":{"rendered":"Curaprox 5460 Winter Edition 2024"},"content":{"rendered":"","protected":false},"excerpt":{"rendered":"<p>T\u00f6vsiy\u0259 olunur:<br \/>\ng\u00fcnd\u0259lik a\u011f\u0131z bo\u015flu\u011fu gigiyenas\u0131 \u00fc\u00e7\u00fcn<br \/>\n- b\u00f6y\u00fckl\u0259r v\u0259 13 ya\u015fdan yuxar\u0131 yeniyetm\u0259l\u0259r \u00fc\u00e7\u00fcn<br \/>\n- hamil\u0259 v\u0259 s\u00fcd ver\u0259n qad\u0131nlar<br \/>\n- h\u0259ssas di\u015f minas\u0131<br \/>\n- h\u0259ssas di\u015f minas\u0131<br \/>\n- di\u015f \u0259ti iltihab\u0131 il\u0259<br \/>\n- di\u015f \u0259tl\u0259rinin qanaxmas\u0131<br \/>\n\u0259rpin \u0259n effektiv \u015f\u0259kild\u0259 \u00e7\u0131xar\u0131lmas\u0131 \u00fc\u00e7\u00fcn<br \/>\n- di\u015f florozu olan x\u0259st\u0259l\u0259r<br \/>\n- di\u015f minas\u0131n\u0131n z\u0259d\u0259l\u0259nm\u0259si (eroziya, hipoplaziya, hiperplaziya, paz formal\u0131 q\u00fcsur) olan x\u0259st\u0259l\u0259r<\/p>","protected":false},"featured_media":5926,"comment_status":"open","ping_status":"closed","template":"","meta":{"_eb_attr":"","site-sidebar-layout":"default","site-content-layout":"","ast-site-content-layout":"default","site-content-style":"default","site-sidebar-style":"default","ast-global-header-display":"","ast-banner-title-visibility":"","ast-main-header-display":"","ast-hfb-above-header-display":"","ast-hfb-below-header-display":"","ast-hfb-mobile-header-display":"","site-post-title":"","ast-breadcrumbs-content":"","ast-featured-img":"","footer-sml-layout":"","theme-transparent-header-meta":"default","adv-header-id-meta":"","stick-header-meta":"","header-above-stick-meta":"","header-main-stick-meta":"","header-below-stick-meta":"","astra-migrate-meta-layouts":"set","ast-page-background-enabled":"default","ast-page-background-meta":{"desktop":{"background-color":"var(--ast-global-color-4)","background-image":"","background-repeat":"repeat","background-position":"center center","background-size":"auto","background-attachment":"scroll","background-type":"","background-media":"","overlay-type":"","overlay-color":"","overlay-opacity":"","overlay-gradient":""},"tablet":{"background-color":"","background-image":"","background-repeat":"repeat","background-position":"center center","background-size":"auto","background-attachment":"scroll","background-type":"","background-media":"","overlay-type":"","overlay-color":"","overlay-opacity":"","overlay-gradient":""},"mobile":{"background-color":"","background-image":"","background-repeat":"repeat","background-position":"center center","background-size":"auto","background-attachment":"scroll","background-type":"","background-media":"","overlay-type":"","overlay-color":"","overlay-opacity":"","overlay-gradient":""}},"ast-content-background-meta":{"desktop":{"background-color":"var(--ast-global-color-5)","background-image":"","background-repeat":"repeat","background-position":"center center","background-size":"auto","background-attachment":"scroll","background-type":"","background-media":"","overlay-type":"","overlay-color":"","overlay-opacity":"","overlay-gradient":""},"tablet":{"background-color":"var(--ast-global-color-5)","background-image":"","background-repeat":"repeat","background-position":"center center","background-size":"auto","background-attachment":"scroll","background-type":"","background-media":"","overlay-type":"","overlay-color":"","overlay-opacity":"","overlay-gradient":""},"mobile":{"background-color":"var(--ast-global-color-5)","background-image":"","background-repeat":"repeat","background-position":"center center","background-size":"auto","background-attachment":"scroll","background-type":"","background-media":"","overlay-type":"","overlay-color":"","overlay-opacity":"","overlay-gradient":""}}},"product_brand":[73],"product_cat":[40,23,60,64],"product_tag":[],"class_list":{"0":"post-5925","1":"product","2":"type-product","3":"status-publish","4":"has-post-thumbnail","6":"product_brand-curaprox","7":"product_cat-40","8":"product_cat-23","9":"product_cat-60","10":"product_cat---2","11":"desktop-align-left","12":"tablet-align-left","13":"mobile-align-left","15":"first","16":"instock","17":"shipping-taxable","18":"purchasable","19":"product-type-simple"},"jetpack_sharing_enabled":true,"_links":{"self":[{"href":"https:\/\/zubochistka.az\/az\/wp-json\/wp\/v2\/product\/5925","targetHints":{"allow":["GET"]}}],"collection":[{"href":"https:\/\/zubochistka.az\/az\/wp-json\/wp\/v2\/product"}],"about":[{"href":"https:\/\/zubochistka.az\/az\/wp-json\/wp\/v2\/types\/product"}],"replies":[{"embeddable":true,"href":"https:\/\/zubochistka.az\/az\/wp-json\/wp\/v2\/comments?post=5925"}],"wp:featuredmedia":[{"embeddable":true,"href":"https:\/\/zubochistka.az\/az\/wp-json\/wp\/v2\/media\/5926"}],"wp:attachment":[{"href":"https:\/\/zubochistka.az\/az\/wp-json\/wp\/v2\/media?parent=5925"}],"wp:term":[{"taxonomy":"product_brand","embeddable":true,"href":"https:\/\/zubochistka.az\/az\/wp-json\/wp\/v2\/product_brand?post=5925"},{"taxonomy":"product_cat","embeddable":true,"href":"https:\/\/zubochistka.az\/az\/wp-json\/wp\/v2\/product_cat?post=5925"},{"taxonomy":"product_tag","embeddable":true,"href":"https:\/\/zubochistka.az\/az\/wp-json\/wp\/v2\/product_tag?post=5925"}],"curies":[{"name":"wp","href":"https:\/\/api.w.org\/{rel}","templated":true}]}}