{"id":5961,"date":"2025-01-27T14:44:20","date_gmt":"2025-01-27T10:44:20","guid":{"rendered":"https:\/\/zubochistka.az\/?post_type=product&#038;p=5961"},"modified":"2025-05-29T11:12:08","modified_gmt":"2025-05-29T07:12:08","slug":"%d0%b7%d1%83%d0%b1%d0%bd%d0%b0%d1%8f-%d0%bf%d0%b0%d1%81%d1%82%d0%b0-splat-professional-healthy-gums-%d0%b7%d0%b4%d0%be%d1%80%d0%be%d0%b2%d1%8b%d0%b5-%d0%b4%d0%b5%d1%81%d0%bd%d1%8b-100-%d0%b3","status":"publish","type":"product","link":"https:\/\/zubochistka.az\/az\/product\/%d0%b7%d1%83%d0%b1%d0%bd%d0%b0%d1%8f-%d0%bf%d0%b0%d1%81%d1%82%d0%b0-splat-professional-healthy-gums-%d0%b7%d0%b4%d0%be%d1%80%d0%be%d0%b2%d1%8b%d0%b5-%d0%b4%d0%b5%d1%81%d0%bd%d1%8b-100-%d0%b3\/","title":{"rendered":"\u0417\u0443\u0431\u043d\u0430\u044f \u043f\u0430\u0441\u0442\u0430 SPLAT\u00ae Professional HEALTHY GUMS \/ \u0417\u0414\u041e\u0420\u041e\u0412\u042b\u0415 \u0414\u0415\u0421\u041d\u042b, 100 \u0433\u0440"},"content":{"rendered":"","protected":false},"excerpt":{"rendered":"<p>T\u0259rkibin\u0259 g\u00f6r\u0259 unikal olan y\u00fcks\u0259k effektli pasta BIO SPWhite Sistemi say\u0259sind\u0259 a\u011f\u0131z bo\u015flu\u011funun yerli immunitetin\u0259 d\u0259st\u0259k verir. Hibiskus ekstrakt\u0131 olan antioksidantlar, C vitamini v\u0259 klementin efir ya\u011f\u0131 il\u0259 birlikd\u0259 di\u015f \u0259tl\u0259rini g\u00fccl\u0259ndirir. Maqnoliya qab\u0131\u011f\u0131n\u0131n ekstrakt\u0131 v\u0259 bisabolol kariogen bakteriyalar\u0131n (Streptococcus mutans) b\u00f6y\u00fcm\u0259sini v\u0259 inki\u015faf\u0131n\u0131 mane\u0259 t\u00f6r\u0259dir. Aktiv bitki ekstraktlar\u0131: \u0130tburnu, mix\u0259k, hibiskus, ba\u011fayarpa\u011f\u0131 v\u0259 klementin \u00e7i\u00e7\u0259kl\u0259rinin aktiv ekstraktlar\u0131n\u0131 ehtiva ed\u0259n patentl\u0259\u015fdirilmi\u015f kompleks iltihab \u0259leyhin\u0259, antibakterial, hemostatik v\u0259 antioksidant t\u0259sirl\u0259r\u0259 malikdir.<\/p>","protected":false},"featured_media":5962,"comment_status":"open","ping_status":"closed","template":"","meta":{"_eb_attr":"","site-sidebar-layout":"default","site-content-layout":"","ast-site-content-layout":"default","site-content-style":"default","site-sidebar-style":"default","ast-global-header-display":"","ast-banner-title-visibility":"","ast-main-header-display":"","ast-hfb-above-header-display":"","ast-hfb-below-header-display":"","ast-hfb-mobile-header-display":"","site-post-title":"","ast-breadcrumbs-content":"","ast-featured-img":"","footer-sml-layout":"","ast-disable-related-posts":"","theme-transparent-header-meta":"default","adv-header-id-meta":"","stick-header-meta":"","header-above-stick-meta":"","header-main-stick-meta":"","header-below-stick-meta":"","astra-migrate-meta-layouts":"set","ast-page-background-enabled":"default","ast-page-background-meta":{"desktop":{"background-color":"var(--ast-global-color-4)","background-image":"","background-repeat":"repeat","background-position":"center center","background-size":"auto","background-attachment":"scroll","background-type":"","background-media":"","overlay-type":"","overlay-color":"","overlay-opacity":"","overlay-gradient":""},"tablet":{"background-color":"","background-image":"","background-repeat":"repeat","background-position":"center center","background-size":"auto","background-attachment":"scroll","background-type":"","background-media":"","overlay-type":"","overlay-color":"","overlay-opacity":"","overlay-gradient":""},"mobile":{"background-color":"","background-image":"","background-repeat":"repeat","background-position":"center center","background-size":"auto","background-attachment":"scroll","background-type":"","background-media":"","overlay-type":"","overlay-color":"","overlay-opacity":"","overlay-gradient":""}},"ast-content-background-meta":{"desktop":{"background-color":"var(--ast-global-color-5)","background-image":"","background-repeat":"repeat","background-position":"center center","background-size":"auto","background-attachment":"scroll","background-type":"","background-media":"","overlay-type":"","overlay-color":"","overlay-opacity":"","overlay-gradient":""},"tablet":{"background-color":"var(--ast-global-color-5)","background-image":"","background-repeat":"repeat","background-position":"center center","background-size":"auto","background-attachment":"scroll","background-type":"","background-media":"","overlay-type":"","overlay-color":"","overlay-opacity":"","overlay-gradient":""},"mobile":{"background-color":"var(--ast-global-color-5)","background-image":"","background-repeat":"repeat","background-position":"center center","background-size":"auto","background-attachment":"scroll","background-type":"","background-media":"","overlay-type":"","overlay-color":"","overlay-opacity":"","overlay-gradient":""}}},"product_brand":[85],"product_cat":[62,21,59,50,22],"product_tag":[],"class_list":{"0":"post-5961","1":"product","2":"type-product","3":"status-publish","4":"has-post-thumbnail","6":"product_brand-splat","7":"product_cat-62","8":"product_cat-21","9":"product_cat-59","10":"product_cat-50","11":"product_cat-22","12":"desktop-align-left","13":"tablet-align-left","14":"mobile-align-left","16":"first","17":"instock","18":"shipping-taxable","19":"purchasable","20":"product-type-simple"},"jetpack_sharing_enabled":true,"_links":{"self":[{"href":"https:\/\/zubochistka.az\/az\/wp-json\/wp\/v2\/product\/5961","targetHints":{"allow":["GET"]}}],"collection":[{"href":"https:\/\/zubochistka.az\/az\/wp-json\/wp\/v2\/product"}],"about":[{"href":"https:\/\/zubochistka.az\/az\/wp-json\/wp\/v2\/types\/product"}],"replies":[{"embeddable":true,"href":"https:\/\/zubochistka.az\/az\/wp-json\/wp\/v2\/comments?post=5961"}],"wp:featuredmedia":[{"embeddable":true,"href":"https:\/\/zubochistka.az\/az\/wp-json\/wp\/v2\/media\/5962"}],"wp:attachment":[{"href":"https:\/\/zubochistka.az\/az\/wp-json\/wp\/v2\/media?parent=5961"}],"wp:term":[{"taxonomy":"product_brand","embeddable":true,"href":"https:\/\/zubochistka.az\/az\/wp-json\/wp\/v2\/product_brand?post=5961"},{"taxonomy":"product_cat","embeddable":true,"href":"https:\/\/zubochistka.az\/az\/wp-json\/wp\/v2\/product_cat?post=5961"},{"taxonomy":"product_tag","embeddable":true,"href":"https:\/\/zubochistka.az\/az\/wp-json\/wp\/v2\/product_tag?post=5961"}],"curies":[{"name":"wp","href":"https:\/\/api.w.org\/{rel}","templated":true}]}}