{"id":5992,"date":"2025-01-27T17:45:53","date_gmt":"2025-01-27T13:45:53","guid":{"rendered":"https:\/\/zubochistka.az\/?post_type=product&#038;p=5992"},"modified":"2026-01-12T13:11:29","modified_gmt":"2026-01-12T09:11:29","slug":"%d0%b2%d0%be%d1%89%d0%b5%d0%bd%d0%b0%d1%8f-%d0%b7%d1%83%d0%b1%d0%bd%d0%b0%d1%8f-%d0%bd%d0%b8%d1%82%d1%8c-%d0%be%d0%b1%d1%8a%d0%b5%d0%bc%d0%bd%d0%b0%d1%8f-splat-professional-dentalfloss-%d0%b0","status":"publish","type":"product","link":"https:\/\/zubochistka.az\/az\/product\/%d0%b2%d0%be%d1%89%d0%b5%d0%bd%d0%b0%d1%8f-%d0%b7%d1%83%d0%b1%d0%bd%d0%b0%d1%8f-%d0%bd%d0%b8%d1%82%d1%8c-%d0%be%d0%b1%d1%8a%d0%b5%d0%bc%d0%bd%d0%b0%d1%8f-splat-professional-dentalfloss-%d0%b0\/","title":{"rendered":"\u0412\u043e\u0449\u0435\u043d\u0430\u044f \u0437\u0443\u0431\u043d\u0430\u044f \u043d\u0438\u0442\u044c \u043e\u0431\u044a\u0435\u043c\u043d\u0430\u044f SPLAT\u00ae Professional DentalFloss, \u0430\u043f\u0435\u043b\u044c\u0441\u0438\u043d \u0438 \u043a\u043e\u0440\u0438\u0446\u0430, 40 \u043c"},"content":{"rendered":"","protected":false},"excerpt":{"rendered":"<p>Mumlu di\u015f ipi SPLAT Porta\u011fal v\u0259 dar\u00e7\u0131n aromal\u0131 Dental Floss di\u015fl\u0259rin yan s\u0259thl\u0259rini v\u0259 di\u015fl\u0259r aras\u0131ndak\u0131 bo\u015fluqlar\u0131 h\u0259rt\u0259r\u0259fli t\u0259mizl\u0259yir. Antibakterial komponent Biosol di\u015fl\u0259ri bakteriyalardan qoruyur. \u0130stifad\u0259 zaman\u0131 sap lifl\u0259ri \u015fi\u015fir v\u0259 di\u015fin b\u00fct\u00fcn s\u0259thini, h\u0259tta di\u015f \u0259tinin alt\u0131nda gizl\u0259n\u0259n s\u0259thi yum\u015faq bir \u015f\u0259kild\u0259 m\u00fcalic\u0259 edir. Biosol - di\u015fl\u0259ri kariogen bakteriyalardan qoruyur Porta\u011fal v\u0259 dar\u00e7\u0131n aromas\u0131 - sakitl\u0259\u015fdirir, stressi azald\u0131r v\u0259 optimizm verir<\/p>","protected":false},"featured_media":5993,"comment_status":"open","ping_status":"closed","template":"","meta":{"_eb_attr":"","site-sidebar-layout":"default","site-content-layout":"","ast-site-content-layout":"default","site-content-style":"default","site-sidebar-style":"default","ast-global-header-display":"","ast-banner-title-visibility":"","ast-main-header-display":"","ast-hfb-above-header-display":"","ast-hfb-below-header-display":"","ast-hfb-mobile-header-display":"","site-post-title":"","ast-breadcrumbs-content":"","ast-featured-img":"","footer-sml-layout":"","ast-disable-related-posts":"","theme-transparent-header-meta":"default","adv-header-id-meta":"","stick-header-meta":"","header-above-stick-meta":"","header-main-stick-meta":"","header-below-stick-meta":"","astra-migrate-meta-layouts":"set","ast-page-background-enabled":"default","ast-page-background-meta":{"desktop":{"background-color":"var(--ast-global-color-4)","background-image":"","background-repeat":"repeat","background-position":"center center","background-size":"auto","background-attachment":"scroll","background-type":"","background-media":"","overlay-type":"","overlay-color":"","overlay-opacity":"","overlay-gradient":""},"tablet":{"background-color":"","background-image":"","background-repeat":"repeat","background-position":"center center","background-size":"auto","background-attachment":"scroll","background-type":"","background-media":"","overlay-type":"","overlay-color":"","overlay-opacity":"","overlay-gradient":""},"mobile":{"background-color":"","background-image":"","background-repeat":"repeat","background-position":"center center","background-size":"auto","background-attachment":"scroll","background-type":"","background-media":"","overlay-type":"","overlay-color":"","overlay-opacity":"","overlay-gradient":""}},"ast-content-background-meta":{"desktop":{"background-color":"var(--ast-global-color-5)","background-image":"","background-repeat":"repeat","background-position":"center center","background-size":"auto","background-attachment":"scroll","background-type":"","background-media":"","overlay-type":"","overlay-color":"","overlay-opacity":"","overlay-gradient":""},"tablet":{"background-color":"var(--ast-global-color-5)","background-image":"","background-repeat":"repeat","background-position":"center center","background-size":"auto","background-attachment":"scroll","background-type":"","background-media":"","overlay-type":"","overlay-color":"","overlay-opacity":"","overlay-gradient":""},"mobile":{"background-color":"var(--ast-global-color-5)","background-image":"","background-repeat":"repeat","background-position":"center center","background-size":"auto","background-attachment":"scroll","background-type":"","background-media":"","overlay-type":"","overlay-color":"","overlay-opacity":"","overlay-gradient":""}}},"product_brand":[85],"product_cat":[30,50],"product_tag":[],"class_list":{"0":"post-5992","1":"product","2":"type-product","3":"status-publish","4":"has-post-thumbnail","6":"product_brand-splat","7":"product_cat-30","8":"product_cat-50","9":"desktop-align-left","10":"tablet-align-left","11":"mobile-align-left","13":"first","14":"outofstock","15":"shipping-taxable","16":"purchasable","17":"product-type-simple"},"jetpack_sharing_enabled":true,"_links":{"self":[{"href":"https:\/\/zubochistka.az\/az\/wp-json\/wp\/v2\/product\/5992","targetHints":{"allow":["GET"]}}],"collection":[{"href":"https:\/\/zubochistka.az\/az\/wp-json\/wp\/v2\/product"}],"about":[{"href":"https:\/\/zubochistka.az\/az\/wp-json\/wp\/v2\/types\/product"}],"replies":[{"embeddable":true,"href":"https:\/\/zubochistka.az\/az\/wp-json\/wp\/v2\/comments?post=5992"}],"wp:featuredmedia":[{"embeddable":true,"href":"https:\/\/zubochistka.az\/az\/wp-json\/wp\/v2\/media\/5993"}],"wp:attachment":[{"href":"https:\/\/zubochistka.az\/az\/wp-json\/wp\/v2\/media?parent=5992"}],"wp:term":[{"taxonomy":"product_brand","embeddable":true,"href":"https:\/\/zubochistka.az\/az\/wp-json\/wp\/v2\/product_brand?post=5992"},{"taxonomy":"product_cat","embeddable":true,"href":"https:\/\/zubochistka.az\/az\/wp-json\/wp\/v2\/product_cat?post=5992"},{"taxonomy":"product_tag","embeddable":true,"href":"https:\/\/zubochistka.az\/az\/wp-json\/wp\/v2\/product_tag?post=5992"}],"curies":[{"name":"wp","href":"https:\/\/api.w.org\/{rel}","templated":true}]}}