{"id":5995,"date":"2025-01-28T17:45:30","date_gmt":"2025-01-28T13:45:30","guid":{"rendered":"https:\/\/zubochistka.az\/?post_type=product&#038;p=5995"},"modified":"2026-01-12T13:49:33","modified_gmt":"2026-01-12T09:49:33","slug":"oral-b-pro-expert-advanced-%d0%b2%d0%be%d1%89%d0%b5%d0%bd%d0%b0%d1%8f-%d0%b7%d1%83%d0%b1%d0%bd%d0%b0%d1%8f-%d0%bd%d0%b8%d1%82%d1%8c-%d0%b7%d0%b4%d0%be%d1%80%d0%be%d0%b2%d1%8b%d0%b5-%d0%b4%d0%b5","status":"publish","type":"product","link":"https:\/\/zubochistka.az\/az\/product\/oral-b-pro-expert-advanced-%d0%b2%d0%be%d1%89%d0%b5%d0%bd%d0%b0%d1%8f-%d0%b7%d1%83%d0%b1%d0%bd%d0%b0%d1%8f-%d0%bd%d0%b8%d1%82%d1%8c-%d0%b7%d0%b4%d0%be%d1%80%d0%be%d0%b2%d1%8b%d0%b5-%d0%b4%d0%b5\/","title":{"rendered":"Oral-B Pro-Expert Advanced \u0412\u043e\u0449\u0435\u043d\u0430\u044f \u0437\u0443\u0431\u043d\u0430\u044f \u043d\u0438\u0442\u044c &#8211; \u0417\u0434\u043e\u0440\u043e\u0432\u044b\u0435 \u0434\u0435\u0441\u043d\u044b 25m"},"content":{"rendered":"","protected":false},"excerpt":{"rendered":"<ul class=\"a-unordered-list a-vertical a-spacing-mini\">\n<li class=\"a-spacing-mini\"><span class=\"a-list-item\">Sa\u011flam di\u015f \u0259tl\u0259ri \u00fc\u00e7\u00fcn Oral-B Pro-Expert Advanced Waxed Dental Floss<\/span><\/li>\n<li class=\"a-spacing-mini\"><span class=\"a-list-item\">Di\u015fl\u0259r aras\u0131ndak\u0131 \u0259rp v\u0259 qida hiss\u0259cikl\u0259rini t\u0259mizl\u0259yir<\/span><\/li>\n<li class=\"a-spacing-mini\"><span class=\"a-list-item\">Daha h\u0259rt\u0259r\u0259fli t\u0259mizl\u0259m\u0259 \u00fc\u00e7\u00fcn di\u015f \u0259ti x\u0259ttinin alt\u0131ndan t\u0259mizl\u0259yir v\u0259 di\u015f \u0259ti probleml\u0259rinin qar\u015f\u0131s\u0131n\u0131 al\u0131r<\/span><\/li>\n<li class=\"a-spacing-mini\"><span class=\"a-list-item\">Di\u015fl\u0259rin tam t\u0259mizl\u0259nm\u0259si \u00fc\u00e7\u00fcn a\u011f\u0131z bax\u0131m\u0131 laz\u0131md\u0131r<\/span><\/li>\n<li class=\"a-spacing-mini\"><span class=\"a-list-item\">Oral-B b\u00fct\u00fcn d\u00fcnyada stomatoloqlar t\u0259r\u0259find\u0259n \u0259n \u00e7ox t\u00f6vsiy\u0259 edil\u0259n 1 n\u00f6mr\u0259li brenddir* *P&amp;G \u00fc\u00e7\u00fcn d\u00fcnya miqyas\u0131nda di\u015f h\u0259kiml\u0259rinin n\u00fcmay\u0259nd\u0259l\u0259ri aras\u0131nda apar\u0131lan sor\u011fular \u0259sas\u0131nda<\/span><\/li>\n<\/ul>","protected":false},"featured_media":5996,"comment_status":"open","ping_status":"closed","template":"","meta":{"_eb_attr":"","site-sidebar-layout":"default","site-content-layout":"","ast-site-content-layout":"default","site-content-style":"default","site-sidebar-style":"default","ast-global-header-display":"","ast-banner-title-visibility":"","ast-main-header-display":"","ast-hfb-above-header-display":"","ast-hfb-below-header-display":"","ast-hfb-mobile-header-display":"","site-post-title":"","ast-breadcrumbs-content":"","ast-featured-img":"","footer-sml-layout":"","ast-disable-related-posts":"","theme-transparent-header-meta":"default","adv-header-id-meta":"","stick-header-meta":"","header-above-stick-meta":"","header-main-stick-meta":"","header-below-stick-meta":"","astra-migrate-meta-layouts":"set","ast-page-background-enabled":"default","ast-page-background-meta":{"desktop":{"background-color":"var(--ast-global-color-4)","background-image":"","background-repeat":"repeat","background-position":"center center","background-size":"auto","background-attachment":"scroll","background-type":"","background-media":"","overlay-type":"","overlay-color":"","overlay-opacity":"","overlay-gradient":""},"tablet":{"background-color":"","background-image":"","background-repeat":"repeat","background-position":"center center","background-size":"auto","background-attachment":"scroll","background-type":"","background-media":"","overlay-type":"","overlay-color":"","overlay-opacity":"","overlay-gradient":""},"mobile":{"background-color":"","background-image":"","background-repeat":"repeat","background-position":"center center","background-size":"auto","background-attachment":"scroll","background-type":"","background-media":"","overlay-type":"","overlay-color":"","overlay-opacity":"","overlay-gradient":""}},"ast-content-background-meta":{"desktop":{"background-color":"var(--ast-global-color-5)","background-image":"","background-repeat":"repeat","background-position":"center center","background-size":"auto","background-attachment":"scroll","background-type":"","background-media":"","overlay-type":"","overlay-color":"","overlay-opacity":"","overlay-gradient":""},"tablet":{"background-color":"var(--ast-global-color-5)","background-image":"","background-repeat":"repeat","background-position":"center center","background-size":"auto","background-attachment":"scroll","background-type":"","background-media":"","overlay-type":"","overlay-color":"","overlay-opacity":"","overlay-gradient":""},"mobile":{"background-color":"var(--ast-global-color-5)","background-image":"","background-repeat":"repeat","background-position":"center center","background-size":"auto","background-attachment":"scroll","background-type":"","background-media":"","overlay-type":"","overlay-color":"","overlay-opacity":"","overlay-gradient":""}}},"product_brand":[83],"product_cat":[30,50],"product_tag":[],"class_list":{"0":"post-5995","1":"product","2":"type-product","3":"status-publish","4":"has-post-thumbnail","6":"product_brand-oral-b","7":"product_cat-30","8":"product_cat-50","9":"desktop-align-left","10":"tablet-align-left","11":"mobile-align-left","13":"first","14":"outofstock","15":"shipping-taxable","16":"purchasable","17":"product-type-simple"},"jetpack_sharing_enabled":true,"_links":{"self":[{"href":"https:\/\/zubochistka.az\/az\/wp-json\/wp\/v2\/product\/5995","targetHints":{"allow":["GET"]}}],"collection":[{"href":"https:\/\/zubochistka.az\/az\/wp-json\/wp\/v2\/product"}],"about":[{"href":"https:\/\/zubochistka.az\/az\/wp-json\/wp\/v2\/types\/product"}],"replies":[{"embeddable":true,"href":"https:\/\/zubochistka.az\/az\/wp-json\/wp\/v2\/comments?post=5995"}],"wp:featuredmedia":[{"embeddable":true,"href":"https:\/\/zubochistka.az\/az\/wp-json\/wp\/v2\/media\/5996"}],"wp:attachment":[{"href":"https:\/\/zubochistka.az\/az\/wp-json\/wp\/v2\/media?parent=5995"}],"wp:term":[{"taxonomy":"product_brand","embeddable":true,"href":"https:\/\/zubochistka.az\/az\/wp-json\/wp\/v2\/product_brand?post=5995"},{"taxonomy":"product_cat","embeddable":true,"href":"https:\/\/zubochistka.az\/az\/wp-json\/wp\/v2\/product_cat?post=5995"},{"taxonomy":"product_tag","embeddable":true,"href":"https:\/\/zubochistka.az\/az\/wp-json\/wp\/v2\/product_tag?post=5995"}],"curies":[{"name":"wp","href":"https:\/\/api.w.org\/{rel}","templated":true}]}}