{"id":5997,"date":"2025-01-28T17:58:36","date_gmt":"2025-01-28T13:58:36","guid":{"rendered":"https:\/\/zubochistka.az\/?post_type=product&#038;p=5997"},"modified":"2026-02-05T12:21:54","modified_gmt":"2026-02-05T08:21:54","slug":"agiz-yaxalayici-oral-b-pro-expert-professional-protection-fresh-mint-250ml-%d0%be%d0%bf%d0%be%d0%bb%d0%b0%d1%81%d0%ba%d0%b8%d0%b2%d0%b0%d1%82%d0%b5%d0%bb%d1%8c","status":"publish","type":"product","link":"https:\/\/zubochistka.az\/az\/product\/agiz-yaxalayici-oral-b-pro-expert-professional-protection-fresh-mint-250ml-%d0%be%d0%bf%d0%be%d0%bb%d0%b0%d1%81%d0%ba%d0%b8%d0%b2%d0%b0%d1%82%d0%b5%d0%bb%d1%8c\/","title":{"rendered":"\u041e\u043f\u043e\u043b\u0430\u0441\u043a\u0438\u0432\u0430\u0442\u0435\u043b\u044c Oral B Pro Expert Professional Protection Fresh Mint 250ml"},"content":{"rendered":"","protected":false},"excerpt":{"rendered":"<p>Oral-B Pro-Expert Professional Protection Mouthwash g\u00fcnd\u0259 iki d\u0259f\u0259 istifad\u0259 edildikd\u0259 l\u00f6vh\u0259d\u0259n 24 saatl\u0131q uzunm\u00fcdd\u0259tli qorunma t\u0259min ed\u0259r\u0259k, h\u0259r g\u00fcn a\u011f\u0131z bo\u015flu\u011funun effektiv qorunmas\u0131n\u0131 t\u0259min edir. Alkoqol t\u0259rkibli m\u0259hsullar kimi a\u011fz\u0131 yand\u0131rmaz v\u0259 a\u011fz\u0131n\u0131z\u0131 t\u0259rav\u0259tli v\u0259 t\u0259miz hiss etdir\u0259n xo\u015f t\u0259rav\u0259tli nan\u0259 dad\u0131na malikdir. 30 saniy\u0259 \u0259rzind\u0259 a\u011fz\u0131n\u0131z\u0131 yax\u015f\u0131ca yaxalay\u0131n v\u0259 t\u00fcp\u00fcr\u00fcn. G\u00fcnd\u0259 iki d\u0259f\u0259 istifad\u0259 edin.<\/p>","protected":false},"featured_media":5998,"comment_status":"open","ping_status":"closed","template":"","meta":{"_eb_attr":"","site-sidebar-layout":"default","site-content-layout":"","ast-site-content-layout":"default","site-content-style":"default","site-sidebar-style":"default","ast-global-header-display":"","ast-banner-title-visibility":"","ast-main-header-display":"","ast-hfb-above-header-display":"","ast-hfb-below-header-display":"","ast-hfb-mobile-header-display":"","site-post-title":"","ast-breadcrumbs-content":"","ast-featured-img":"","footer-sml-layout":"","ast-disable-related-posts":"","theme-transparent-header-meta":"default","adv-header-id-meta":"","stick-header-meta":"","header-above-stick-meta":"","header-main-stick-meta":"","header-below-stick-meta":"","astra-migrate-meta-layouts":"set","ast-page-background-enabled":"default","ast-page-background-meta":{"desktop":{"background-color":"var(--ast-global-color-4)","background-image":"","background-repeat":"repeat","background-position":"center center","background-size":"auto","background-attachment":"scroll","background-type":"","background-media":"","overlay-type":"","overlay-color":"","overlay-opacity":"","overlay-gradient":""},"tablet":{"background-color":"","background-image":"","background-repeat":"repeat","background-position":"center center","background-size":"auto","background-attachment":"scroll","background-type":"","background-media":"","overlay-type":"","overlay-color":"","overlay-opacity":"","overlay-gradient":""},"mobile":{"background-color":"","background-image":"","background-repeat":"repeat","background-position":"center center","background-size":"auto","background-attachment":"scroll","background-type":"","background-media":"","overlay-type":"","overlay-color":"","overlay-opacity":"","overlay-gradient":""}},"ast-content-background-meta":{"desktop":{"background-color":"var(--ast-global-color-5)","background-image":"","background-repeat":"repeat","background-position":"center center","background-size":"auto","background-attachment":"scroll","background-type":"","background-media":"","overlay-type":"","overlay-color":"","overlay-opacity":"","overlay-gradient":""},"tablet":{"background-color":"var(--ast-global-color-5)","background-image":"","background-repeat":"repeat","background-position":"center center","background-size":"auto","background-attachment":"scroll","background-type":"","background-media":"","overlay-type":"","overlay-color":"","overlay-opacity":"","overlay-gradient":""},"mobile":{"background-color":"var(--ast-global-color-5)","background-image":"","background-repeat":"repeat","background-position":"center center","background-size":"auto","background-attachment":"scroll","background-type":"","background-media":"","overlay-type":"","overlay-color":"","overlay-opacity":"","overlay-gradient":""}}},"product_brand":[83],"product_cat":[43,29,20],"product_tag":[],"class_list":{"0":"post-5997","1":"product","2":"type-product","3":"status-publish","4":"has-post-thumbnail","6":"product_brand-oral-b","7":"product_cat-43","8":"product_cat-29","9":"product_cat-20","10":"desktop-align-left","11":"tablet-align-left","12":"mobile-align-left","14":"first","15":"instock","16":"shipping-taxable","17":"purchasable","18":"product-type-simple"},"jetpack_sharing_enabled":true,"_links":{"self":[{"href":"https:\/\/zubochistka.az\/az\/wp-json\/wp\/v2\/product\/5997","targetHints":{"allow":["GET"]}}],"collection":[{"href":"https:\/\/zubochistka.az\/az\/wp-json\/wp\/v2\/product"}],"about":[{"href":"https:\/\/zubochistka.az\/az\/wp-json\/wp\/v2\/types\/product"}],"replies":[{"embeddable":true,"href":"https:\/\/zubochistka.az\/az\/wp-json\/wp\/v2\/comments?post=5997"}],"wp:featuredmedia":[{"embeddable":true,"href":"https:\/\/zubochistka.az\/az\/wp-json\/wp\/v2\/media\/5998"}],"wp:attachment":[{"href":"https:\/\/zubochistka.az\/az\/wp-json\/wp\/v2\/media?parent=5997"}],"wp:term":[{"taxonomy":"product_brand","embeddable":true,"href":"https:\/\/zubochistka.az\/az\/wp-json\/wp\/v2\/product_brand?post=5997"},{"taxonomy":"product_cat","embeddable":true,"href":"https:\/\/zubochistka.az\/az\/wp-json\/wp\/v2\/product_cat?post=5997"},{"taxonomy":"product_tag","embeddable":true,"href":"https:\/\/zubochistka.az\/az\/wp-json\/wp\/v2\/product_tag?post=5997"}],"curies":[{"name":"wp","href":"https:\/\/api.w.org\/{rel}","templated":true}]}}