{"id":6009,"date":"2025-01-29T16:14:07","date_gmt":"2025-01-29T12:14:07","guid":{"rendered":"https:\/\/zubochistka.az\/?post_type=product&#038;p=6009"},"modified":"2026-01-12T14:27:23","modified_gmt":"2026-01-12T10:27:23","slug":"%d0%bd%d0%b0%d1%81%d0%b0%d0%b4%d0%ba%d0%b0-%d0%b4%d0%bb%d1%8f-%d0%b7%d1%83%d0%b1%d0%bd%d0%be%d0%b9-%d1%89%d0%b5%d1%82%d0%ba%d0%b8-oral-b-crossaction-black-%d1%81-%d1%82%d0%b5%d1%85%d0%bd%d0%be%d0%bb","status":"publish","type":"product","link":"https:\/\/zubochistka.az\/az\/product\/%d0%bd%d0%b0%d1%81%d0%b0%d0%b4%d0%ba%d0%b0-%d0%b4%d0%bb%d1%8f-%d0%b7%d1%83%d0%b1%d0%bd%d0%be%d0%b9-%d1%89%d0%b5%d1%82%d0%ba%d0%b8-oral-b-crossaction-black-%d1%81-%d1%82%d0%b5%d1%85%d0%bd%d0%be%d0%bb\/","title":{"rendered":"\u041d\u0430\u0441\u0430\u0434\u043a\u0430 \u0434\u043b\u044f \u0437\u0443\u0431\u043d\u043e\u0439 \u0449\u0435\u0442\u043a\u0438 Oral-B CrossAction Black \u0441 \u0442\u0435\u0445\u043d\u043e\u043b\u043e\u0433\u0438\u0435\u0439 CleanMaximiser, 4 \u0448\u0442. \u0432 \u0443\u043f\u0430\u043a\u043e\u0432\u043a\u0435"},"content":{"rendered":"","protected":false},"excerpt":{"rendered":"<p class=\"translation-block\">\u2022 CleanMaximiser texnologiyas\u0131 f\u0131r\u00e7a ba\u015fl\u0131\u011f\u0131n\u0131 d\u0259yi\u015fdirm\u0259k vaxt\u0131 \u00e7atd\u0131qda ya\u015f\u0131l t\u00fckl\u0259ri sar\u0131 r\u0259ng\u0259 \u00e7evirir\n\u2022 Adi mexaniki di\u015f f\u0131r\u00e7as\u0131 il\u0259 m\u00fcqayis\u0259d\u0259 100%-\u0259 q\u0259d\u0259r daha \u00e7ox \u0259rp \u00e7\u0131xar\u0131lmas\u0131 v\u0259 daha sa\u011flam di\u015f \u0259tl\u0259ri\n\u2022 B\u00fct\u00fcn a\u011fz\u0131 t\u0259mizl\u0259m\u0259k \u00fc\u00e7\u00fcn \u0259n yax\u015f\u0131 Oral-B f\u0131r\u00e7a ba\u015fl\u0131\u011f\u0131 (Oral-B iO istisna olmaqla)\n\u2022 Di\u015fl\u0259r aras\u0131nda d\u0259rin n\u00fcfuz v\u0259 \u0259rpin \u00e7\u0131xar\u0131lmas\u0131 \u00fc\u00e7\u00fcn ideal 16 d\u0259r\u0259c\u0259 bucaq\n\u2022 Pulsonic v\u0259 iO istisna olmaqla, b\u00fct\u00fcn Oral-B tutacaqlar\u0131 il\u0259 uy\u011fun g\u0259lir\n\u2022 D\u00fcnya \u00fczr\u0259 stomatoloqlar t\u0259r\u0259find\u0259n t\u00f6vsiy\u0259 edil\u0259n \u21161 brendd\u0259n\n\u2022 Bu d\u0259std\u0259ki di\u015f f\u0131r\u00e7as\u0131 ba\u015fl\u0131qlar\u0131n\u0131n say\u0131: 4<\/p>","protected":false},"featured_media":6010,"comment_status":"open","ping_status":"closed","template":"","meta":{"_eb_attr":"","site-sidebar-layout":"default","site-content-layout":"","ast-site-content-layout":"default","site-content-style":"default","site-sidebar-style":"default","ast-global-header-display":"","ast-banner-title-visibility":"","ast-main-header-display":"","ast-hfb-above-header-display":"","ast-hfb-below-header-display":"","ast-hfb-mobile-header-display":"","site-post-title":"","ast-breadcrumbs-content":"","ast-featured-img":"","footer-sml-layout":"","ast-disable-related-posts":"","theme-transparent-header-meta":"default","adv-header-id-meta":"","stick-header-meta":"","header-above-stick-meta":"","header-main-stick-meta":"","header-below-stick-meta":"","astra-migrate-meta-layouts":"set","ast-page-background-enabled":"default","ast-page-background-meta":{"desktop":{"background-color":"var(--ast-global-color-4)","background-image":"","background-repeat":"repeat","background-position":"center center","background-size":"auto","background-attachment":"scroll","background-type":"","background-media":"","overlay-type":"","overlay-color":"","overlay-opacity":"","overlay-gradient":""},"tablet":{"background-color":"","background-image":"","background-repeat":"repeat","background-position":"center center","background-size":"auto","background-attachment":"scroll","background-type":"","background-media":"","overlay-type":"","overlay-color":"","overlay-opacity":"","overlay-gradient":""},"mobile":{"background-color":"","background-image":"","background-repeat":"repeat","background-position":"center center","background-size":"auto","background-attachment":"scroll","background-type":"","background-media":"","overlay-type":"","overlay-color":"","overlay-opacity":"","overlay-gradient":""}},"ast-content-background-meta":{"desktop":{"background-color":"var(--ast-global-color-5)","background-image":"","background-repeat":"repeat","background-position":"center center","background-size":"auto","background-attachment":"scroll","background-type":"","background-media":"","overlay-type":"","overlay-color":"","overlay-opacity":"","overlay-gradient":""},"tablet":{"background-color":"var(--ast-global-color-5)","background-image":"","background-repeat":"repeat","background-position":"center center","background-size":"auto","background-attachment":"scroll","background-type":"","background-media":"","overlay-type":"","overlay-color":"","overlay-opacity":"","overlay-gradient":""},"mobile":{"background-color":"var(--ast-global-color-5)","background-image":"","background-repeat":"repeat","background-position":"center center","background-size":"auto","background-attachment":"scroll","background-type":"","background-media":"","overlay-type":"","overlay-color":"","overlay-opacity":"","overlay-gradient":""}}},"product_brand":[83],"product_cat":[23,72,61],"product_tag":[],"class_list":{"0":"post-6009","1":"product","2":"type-product","3":"status-publish","4":"has-post-thumbnail","6":"product_brand-oral-b","7":"product_cat-23","8":"product_cat-72","9":"product_cat-61","10":"desktop-align-left","11":"tablet-align-left","12":"mobile-align-left","14":"first","15":"outofstock","16":"shipping-taxable","17":"purchasable","18":"product-type-simple"},"jetpack_sharing_enabled":true,"_links":{"self":[{"href":"https:\/\/zubochistka.az\/az\/wp-json\/wp\/v2\/product\/6009","targetHints":{"allow":["GET"]}}],"collection":[{"href":"https:\/\/zubochistka.az\/az\/wp-json\/wp\/v2\/product"}],"about":[{"href":"https:\/\/zubochistka.az\/az\/wp-json\/wp\/v2\/types\/product"}],"replies":[{"embeddable":true,"href":"https:\/\/zubochistka.az\/az\/wp-json\/wp\/v2\/comments?post=6009"}],"wp:featuredmedia":[{"embeddable":true,"href":"https:\/\/zubochistka.az\/az\/wp-json\/wp\/v2\/media\/6010"}],"wp:attachment":[{"href":"https:\/\/zubochistka.az\/az\/wp-json\/wp\/v2\/media?parent=6009"}],"wp:term":[{"taxonomy":"product_brand","embeddable":true,"href":"https:\/\/zubochistka.az\/az\/wp-json\/wp\/v2\/product_brand?post=6009"},{"taxonomy":"product_cat","embeddable":true,"href":"https:\/\/zubochistka.az\/az\/wp-json\/wp\/v2\/product_cat?post=6009"},{"taxonomy":"product_tag","embeddable":true,"href":"https:\/\/zubochistka.az\/az\/wp-json\/wp\/v2\/product_tag?post=6009"}],"curies":[{"name":"wp","href":"https:\/\/api.w.org\/{rel}","templated":true}]}}