{"id":6033,"date":"2025-02-01T18:21:42","date_gmt":"2025-02-01T14:21:42","guid":{"rendered":"https:\/\/zubochistka.az\/?post_type=product&#038;p=6033"},"modified":"2025-09-25T15:00:06","modified_gmt":"2025-09-25T11:00:06","slug":"%d0%b7%d1%83%d0%b1%d0%bd%d0%b0%d1%8f-%d0%bf%d0%b0%d1%81%d1%82%d0%b0-asepta-extra-sensitive-75%d0%bc%d0%bb","status":"publish","type":"product","link":"https:\/\/zubochistka.az\/az\/product\/%d0%b7%d1%83%d0%b1%d0%bd%d0%b0%d1%8f-%d0%bf%d0%b0%d1%81%d1%82%d0%b0-asepta-extra-sensitive-75%d0%bc%d0%bb\/","title":{"rendered":"\u0417\u0443\u0431\u043d\u0430\u044f \u043f\u0430\u0441\u0442\u0430 ASEPTA Extra Sensitive, 75\u043c\u043b"},"content":{"rendered":"","protected":false},"excerpt":{"rendered":"<p class=\"translation-block\">X\u00fcsusil\u0259 h\u0259ssas di\u015fl\u0259rin v\u0259 di\u015f \u0259tl\u0259rinin g\u00fcnd\u0259lik sa\u011flam gigiyenas\u0131 \u00fc\u00e7\u00fcn fluorapatit v\u0259 prebiyotik t\u0259rkibli yenilik\u00e7i di\u015f pastas\u0131. Artan di\u015f h\u0259ssasl\u0131\u011f\u0131n\u0131 tez aradan qald\u0131r\u0131r, mikrofloran\u0131 normalla\u015fd\u0131r\u0131r v\u0259 a\u011f\u0131z mukozas\u0131n\u0131n sa\u011flaml\u0131\u011f\u0131n\u0131 b\u0259rpa edir, kariyesd\u0259n effektiv \u015f\u0259kild\u0259 qoruyur v\u0259 minan\u0131n t\u0259bii a\u011fl\u0131\u011f\u0131n\u0131 b\u0259rpa edir.\nM\u0259rh\u0259l\u0259 1: di\u015fl\u0259rinizi f\u0131r\u00e7alad\u0131qdan sonra t\u00fcp\u00fcrc\u0259kd\u0259 remineralla\u015fd\u0131r\u0131c\u0131 komponentl\u0259rin konsentrasiyas\u0131 art\u0131r v\u0259 minan\u0131n z\u0259d\u0259l\u0259nmi\u015f sah\u0259l\u0259rinin \u201cyenid\u0259n qurulmas\u0131\u201d prosesi ba\u015flay\u0131r, qoruyucu biofilm \u0259m\u0259l\u0259 g\u0259lir.\nM\u0259rh\u0259l\u0259 2: G\u00fcn \u0259rzind\u0259 biofilm t\u00fcp\u00fcrc\u0259kl\u0259 \u0259riyir v\u0259 di\u015fin z\u0259d\u0259l\u0259nmi\u015f sah\u0259l\u0259rini b\u0259rpa ed\u0259n hidroksiapatiti yenid\u0259n burax\u0131r.\nT\u0259rkibind\u0259 stomatologiyada \u0259n son aktiv madd\u0259l\u0259r var:\nFluorapatit (Kalident F\u00ae), prebiotik PreBiulin FOS\u00ae<\/p>","protected":false},"featured_media":6034,"comment_status":"open","ping_status":"closed","template":"","meta":{"_eb_attr":"","site-sidebar-layout":"default","site-content-layout":"","ast-site-content-layout":"default","site-content-style":"default","site-sidebar-style":"default","ast-global-header-display":"","ast-banner-title-visibility":"","ast-main-header-display":"","ast-hfb-above-header-display":"","ast-hfb-below-header-display":"","ast-hfb-mobile-header-display":"","site-post-title":"","ast-breadcrumbs-content":"","ast-featured-img":"","footer-sml-layout":"","ast-disable-related-posts":"","theme-transparent-header-meta":"default","adv-header-id-meta":"","stick-header-meta":"","header-above-stick-meta":"","header-main-stick-meta":"","header-below-stick-meta":"","astra-migrate-meta-layouts":"set","ast-page-background-enabled":"default","ast-page-background-meta":{"desktop":{"background-color":"var(--ast-global-color-4)","background-image":"","background-repeat":"repeat","background-position":"center center","background-size":"auto","background-attachment":"scroll","background-type":"","background-media":"","overlay-type":"","overlay-color":"","overlay-opacity":"","overlay-gradient":""},"tablet":{"background-color":"","background-image":"","background-repeat":"repeat","background-position":"center center","background-size":"auto","background-attachment":"scroll","background-type":"","background-media":"","overlay-type":"","overlay-color":"","overlay-opacity":"","overlay-gradient":""},"mobile":{"background-color":"","background-image":"","background-repeat":"repeat","background-position":"center center","background-size":"auto","background-attachment":"scroll","background-type":"","background-media":"","overlay-type":"","overlay-color":"","overlay-opacity":"","overlay-gradient":""}},"ast-content-background-meta":{"desktop":{"background-color":"var(--ast-global-color-5)","background-image":"","background-repeat":"repeat","background-position":"center center","background-size":"auto","background-attachment":"scroll","background-type":"","background-media":"","overlay-type":"","overlay-color":"","overlay-opacity":"","overlay-gradient":""},"tablet":{"background-color":"var(--ast-global-color-5)","background-image":"","background-repeat":"repeat","background-position":"center center","background-size":"auto","background-attachment":"scroll","background-type":"","background-media":"","overlay-type":"","overlay-color":"","overlay-opacity":"","overlay-gradient":""},"mobile":{"background-color":"var(--ast-global-color-5)","background-image":"","background-repeat":"repeat","background-position":"center center","background-size":"auto","background-attachment":"scroll","background-type":"","background-media":"","overlay-type":"","overlay-color":"","overlay-opacity":"","overlay-gradient":""}}},"product_brand":[75],"product_cat":[21,22],"product_tag":[],"class_list":{"0":"post-6033","1":"product","2":"type-product","3":"status-publish","4":"has-post-thumbnail","6":"product_brand-asepta","7":"product_cat-21","8":"product_cat-22","9":"desktop-align-left","10":"tablet-align-left","11":"mobile-align-left","13":"first","14":"instock","15":"shipping-taxable","16":"purchasable","17":"product-type-simple"},"jetpack_sharing_enabled":true,"_links":{"self":[{"href":"https:\/\/zubochistka.az\/az\/wp-json\/wp\/v2\/product\/6033","targetHints":{"allow":["GET"]}}],"collection":[{"href":"https:\/\/zubochistka.az\/az\/wp-json\/wp\/v2\/product"}],"about":[{"href":"https:\/\/zubochistka.az\/az\/wp-json\/wp\/v2\/types\/product"}],"replies":[{"embeddable":true,"href":"https:\/\/zubochistka.az\/az\/wp-json\/wp\/v2\/comments?post=6033"}],"wp:featuredmedia":[{"embeddable":true,"href":"https:\/\/zubochistka.az\/az\/wp-json\/wp\/v2\/media\/6034"}],"wp:attachment":[{"href":"https:\/\/zubochistka.az\/az\/wp-json\/wp\/v2\/media?parent=6033"}],"wp:term":[{"taxonomy":"product_brand","embeddable":true,"href":"https:\/\/zubochistka.az\/az\/wp-json\/wp\/v2\/product_brand?post=6033"},{"taxonomy":"product_cat","embeddable":true,"href":"https:\/\/zubochistka.az\/az\/wp-json\/wp\/v2\/product_cat?post=6033"},{"taxonomy":"product_tag","embeddable":true,"href":"https:\/\/zubochistka.az\/az\/wp-json\/wp\/v2\/product_tag?post=6033"}],"curies":[{"name":"wp","href":"https:\/\/api.w.org\/{rel}","templated":true}]}}