{"id":6363,"date":"2026-04-20T13:59:37","date_gmt":"2026-04-20T09:59:37","guid":{"rendered":"https:\/\/zubochistka.az\/?post_type=product&#038;p=6363"},"modified":"2026-04-20T14:00:20","modified_gmt":"2026-04-20T10:00:20","slug":"%d0%b7%d1%83%d0%b1%d0%bd%d0%b0%d1%8f-%d0%bf%d0%b0%d1%81%d1%82%d0%b0-r-o-c-s-%d0%b0%d0%ba%d1%82%d0%b8%d0%b2%d0%bd%d1%8b%d0%b9-%d0%ba%d0%b0%d0%bb%d1%8c%d1%86%d0%b8%d0%b9-%d0%be%d1%82%d0%b1%d0%b5%d0%bb","status":"publish","type":"product","link":"https:\/\/zubochistka.az\/az\/product\/%d0%b7%d1%83%d0%b1%d0%bd%d0%b0%d1%8f-%d0%bf%d0%b0%d1%81%d1%82%d0%b0-r-o-c-s-%d0%b0%d0%ba%d1%82%d0%b8%d0%b2%d0%bd%d1%8b%d0%b9-%d0%ba%d0%b0%d0%bb%d1%8c%d1%86%d0%b8%d0%b9-%d0%be%d1%82%d0%b1%d0%b5%d0%bb\/","title":{"rendered":"\u0417\u0443\u0431\u043d\u0430\u044f \u043f\u0430\u0441\u0442\u0430 R.O.C.S. \u0410\u043a\u0442\u0438\u0432\u043d\u044b\u0439 \u043a\u0430\u043b\u044c\u0446\u0438\u0439. \u041e\u0442\u0431\u0435\u043b\u0438\u0432\u0430\u044e\u0449\u0430\u044f,94 \u0433\u0440."},"content":{"rendered":"","protected":false},"excerpt":{"rendered":"<p class=\"translation-block\">R.O.C.S. \u201cAktiv kalsium\u201d a\u011fard\u0131c\u0131 di\u015f m\u0259cunu \u00e7oxminerall\u0131 kompleks \u0259sas\u0131nda haz\u0131rlan\u0131b v\u0259 cilalay\u0131c\u0131 a\u015f\u0131nd\u0131r\u0131c\u0131 komponent\u0259 malikdir: silikon dioksidin mikroz\u0259rr\u0259cikl\u0259ri r\u0259ngl\u0259nmi\u015f \u0259rpi z\u0259rif \u015f\u0259kild\u0259 t\u0259mizl\u0259yir v\u0259 emal\u0131 cilalayaraq ona parlaql\u0131q verir.\n\nEmal art\u0131q ilk istifad\u0259d\u0259n sonra optik olaraq daha a\u00e7\u0131q v\u0259 parlaq g\u00f6r\u00fcn\u00fcr.<\/p>\n<p>M\u0259cunun aktiv komponentl\u0259ri emal\u0131 minerallarla z\u0259nginl\u0259\u015fdirir v\u0259 onu m\u00f6hk\u0259ml\u0259ndirir. Zamanla di\u015fl\u0259r daha a\u00e7\u0131q, t\u0259bii r\u0259ng al\u0131r v\u0259 kariyes\u0259 qar\u015f\u0131 m\u00fcqavim\u0259ti art\u0131r.\n\nM\u0259cun krem r\u0259ngind\u0259dir v\u0259 klassik nan\u0259 aromat\u0131na malikdir.<\/p>","protected":false},"featured_media":6364,"comment_status":"open","ping_status":"closed","template":"","meta":{"_eb_attr":"","site-sidebar-layout":"default","site-content-layout":"","ast-site-content-layout":"default","site-content-style":"default","site-sidebar-style":"default","ast-global-header-display":"","ast-banner-title-visibility":"","ast-main-header-display":"","ast-hfb-above-header-display":"","ast-hfb-below-header-display":"","ast-hfb-mobile-header-display":"","site-post-title":"","ast-breadcrumbs-content":"","ast-featured-img":"","footer-sml-layout":"","ast-disable-related-posts":"","theme-transparent-header-meta":"default","adv-header-id-meta":"","stick-header-meta":"","header-above-stick-meta":"","header-main-stick-meta":"","header-below-stick-meta":"","astra-migrate-meta-layouts":"set","ast-page-background-enabled":"default","ast-page-background-meta":{"desktop":{"background-color":"var(--ast-global-color-4)","background-image":"","background-repeat":"repeat","background-position":"center center","background-size":"auto","background-attachment":"scroll","background-type":"","background-media":"","overlay-type":"","overlay-color":"","overlay-opacity":"","overlay-gradient":""},"tablet":{"background-color":"","background-image":"","background-repeat":"repeat","background-position":"center center","background-size":"auto","background-attachment":"scroll","background-type":"","background-media":"","overlay-type":"","overlay-color":"","overlay-opacity":"","overlay-gradient":""},"mobile":{"background-color":"","background-image":"","background-repeat":"repeat","background-position":"center center","background-size":"auto","background-attachment":"scroll","background-type":"","background-media":"","overlay-type":"","overlay-color":"","overlay-opacity":"","overlay-gradient":""}},"ast-content-background-meta":{"desktop":{"background-color":"var(--ast-global-color-5)","background-image":"","background-repeat":"repeat","background-position":"center center","background-size":"auto","background-attachment":"scroll","background-type":"","background-media":"","overlay-type":"","overlay-color":"","overlay-opacity":"","overlay-gradient":""},"tablet":{"background-color":"var(--ast-global-color-5)","background-image":"","background-repeat":"repeat","background-position":"center center","background-size":"auto","background-attachment":"scroll","background-type":"","background-media":"","overlay-type":"","overlay-color":"","overlay-opacity":"","overlay-gradient":""},"mobile":{"background-color":"var(--ast-global-color-5)","background-image":"","background-repeat":"repeat","background-position":"center center","background-size":"auto","background-attachment":"scroll","background-type":"","background-media":"","overlay-type":"","overlay-color":"","overlay-opacity":"","overlay-gradient":""}}},"product_brand":[87],"product_cat":[47,21,45,34],"product_tag":[],"class_list":{"0":"post-6363","1":"product","2":"type-product","3":"status-publish","4":"has-post-thumbnail","6":"product_brand-r-o-c-s","7":"product_cat-47","8":"product_cat-21","9":"product_cat-45","10":"product_cat-34","11":"desktop-align-left","12":"tablet-align-left","13":"mobile-align-left","15":"first","16":"instock","17":"shipping-taxable","18":"purchasable","19":"product-type-simple"},"jetpack_sharing_enabled":true,"_links":{"self":[{"href":"https:\/\/zubochistka.az\/az\/wp-json\/wp\/v2\/product\/6363","targetHints":{"allow":["GET"]}}],"collection":[{"href":"https:\/\/zubochistka.az\/az\/wp-json\/wp\/v2\/product"}],"about":[{"href":"https:\/\/zubochistka.az\/az\/wp-json\/wp\/v2\/types\/product"}],"replies":[{"embeddable":true,"href":"https:\/\/zubochistka.az\/az\/wp-json\/wp\/v2\/comments?post=6363"}],"wp:featuredmedia":[{"embeddable":true,"href":"https:\/\/zubochistka.az\/az\/wp-json\/wp\/v2\/media\/6364"}],"wp:attachment":[{"href":"https:\/\/zubochistka.az\/az\/wp-json\/wp\/v2\/media?parent=6363"}],"wp:term":[{"taxonomy":"product_brand","embeddable":true,"href":"https:\/\/zubochistka.az\/az\/wp-json\/wp\/v2\/product_brand?post=6363"},{"taxonomy":"product_cat","embeddable":true,"href":"https:\/\/zubochistka.az\/az\/wp-json\/wp\/v2\/product_cat?post=6363"},{"taxonomy":"product_tag","embeddable":true,"href":"https:\/\/zubochistka.az\/az\/wp-json\/wp\/v2\/product_tag?post=6363"}],"curies":[{"name":"wp","href":"https:\/\/api.w.org\/{rel}","templated":true}]}}