{"id":6430,"date":"2026-04-23T12:36:27","date_gmt":"2026-04-23T08:36:27","guid":{"rendered":"https:\/\/zubochistka.az\/?post_type=product&#038;p=6430"},"modified":"2026-04-23T12:56:15","modified_gmt":"2026-04-23T08:56:15","slug":"curaprox-travel-set-kids-purple","status":"publish","type":"product","link":"https:\/\/zubochistka.az\/az\/product\/curaprox-travel-set-kids-purple\/","title":{"rendered":"Curaprox Travel Set Kids Purple\u00a0"},"content":{"rendered":"","protected":false},"excerpt":{"rendered":"<p data-start=\"0\" data-end=\"103\" class=\"translation-block\">Curaprox Travel Set Kids Purple \u2014 u\u015faqlar \u00fc\u00e7\u00fcn a\u011f\u0131z bo\u015flu\u011funa qulluq \u00fczr\u0259 s\u0259yah\u0259t d\u0259stidir, b\u0259n\u00f6v\u015f\u0259yi r\u0259ngd\u0259.<\/p>\n<p data-start=\"105\" data-end=\"402\" data-is-last-node=\"\" data-is-only-node=\"\">S\u0259yah\u0259t zaman\u0131 a\u011f\u0131z bo\u015flu\u011funun gigiyenas\u0131n\u0131 qorumaq \u00fc\u00e7\u00fcn n\u0259z\u0259rd\u0259 tutulub. Ad\u0259t\u0259n u\u015faq di\u015f f\u0131r\u00e7as\u0131, di\u015f m\u0259cunu (fluorlu) v\u0259 di\u015fl\u0259raras\u0131 t\u0259mizl\u0259m\u0259 vasit\u0259l\u0259rini ehtiva edir. Kompakt v\u0259 rahat format\u0131 say\u0259sind\u0259 d\u0259sti asanl\u0131qla \u00f6z\u00fcn\u00fczl\u0259 g\u00f6t\u00fcrm\u0259k olur v\u0259 u\u015faqlarda h\u0259tta yolda olark\u0259n bel\u0259 m\u00fcnt\u0259z\u0259m di\u015f t\u0259mizl\u0259m\u0259 v\u0259rdi\u015fini qoruma\u011fa k\u00f6m\u0259k edir.<\/p>","protected":false},"featured_media":6432,"comment_status":"open","ping_status":"closed","template":"","meta":{"_eb_attr":"","site-sidebar-layout":"default","site-content-layout":"","ast-site-content-layout":"default","site-content-style":"default","site-sidebar-style":"default","ast-global-header-display":"","ast-banner-title-visibility":"","ast-main-header-display":"","ast-hfb-above-header-display":"","ast-hfb-below-header-display":"","ast-hfb-mobile-header-display":"","site-post-title":"","ast-breadcrumbs-content":"","ast-featured-img":"","footer-sml-layout":"","ast-disable-related-posts":"","theme-transparent-header-meta":"default","adv-header-id-meta":"","stick-header-meta":"","header-above-stick-meta":"","header-main-stick-meta":"","header-below-stick-meta":"","astra-migrate-meta-layouts":"set","ast-page-background-enabled":"default","ast-page-background-meta":{"desktop":{"background-color":"var(--ast-global-color-4)","background-image":"","background-repeat":"repeat","background-position":"center center","background-size":"auto","background-attachment":"scroll","background-type":"","background-media":"","overlay-type":"","overlay-color":"","overlay-opacity":"","overlay-gradient":""},"tablet":{"background-color":"","background-image":"","background-repeat":"repeat","background-position":"center center","background-size":"auto","background-attachment":"scroll","background-type":"","background-media":"","overlay-type":"","overlay-color":"","overlay-opacity":"","overlay-gradient":""},"mobile":{"background-color":"","background-image":"","background-repeat":"repeat","background-position":"center center","background-size":"auto","background-attachment":"scroll","background-type":"","background-media":"","overlay-type":"","overlay-color":"","overlay-opacity":"","overlay-gradient":""}},"ast-content-background-meta":{"desktop":{"background-color":"var(--ast-global-color-5)","background-image":"","background-repeat":"repeat","background-position":"center center","background-size":"auto","background-attachment":"scroll","background-type":"","background-media":"","overlay-type":"","overlay-color":"","overlay-opacity":"","overlay-gradient":""},"tablet":{"background-color":"var(--ast-global-color-5)","background-image":"","background-repeat":"repeat","background-position":"center center","background-size":"auto","background-attachment":"scroll","background-type":"","background-media":"","overlay-type":"","overlay-color":"","overlay-opacity":"","overlay-gradient":""},"mobile":{"background-color":"var(--ast-global-color-5)","background-image":"","background-repeat":"repeat","background-position":"center center","background-size":"auto","background-attachment":"scroll","background-type":"","background-media":"","overlay-type":"","overlay-color":"","overlay-opacity":"","overlay-gradient":""}}},"product_brand":[73],"product_cat":[28,19],"product_tag":[],"class_list":{"0":"post-6430","1":"product","2":"type-product","3":"status-publish","4":"has-post-thumbnail","6":"product_brand-curaprox","7":"product_cat-28","8":"product_cat-19","9":"desktop-align-left","10":"tablet-align-left","11":"mobile-align-left","13":"first","14":"instock","15":"shipping-taxable","16":"purchasable","17":"product-type-simple"},"jetpack_sharing_enabled":true,"_links":{"self":[{"href":"https:\/\/zubochistka.az\/az\/wp-json\/wp\/v2\/product\/6430","targetHints":{"allow":["GET"]}}],"collection":[{"href":"https:\/\/zubochistka.az\/az\/wp-json\/wp\/v2\/product"}],"about":[{"href":"https:\/\/zubochistka.az\/az\/wp-json\/wp\/v2\/types\/product"}],"replies":[{"embeddable":true,"href":"https:\/\/zubochistka.az\/az\/wp-json\/wp\/v2\/comments?post=6430"}],"wp:featuredmedia":[{"embeddable":true,"href":"https:\/\/zubochistka.az\/az\/wp-json\/wp\/v2\/media\/6432"}],"wp:attachment":[{"href":"https:\/\/zubochistka.az\/az\/wp-json\/wp\/v2\/media?parent=6430"}],"wp:term":[{"taxonomy":"product_brand","embeddable":true,"href":"https:\/\/zubochistka.az\/az\/wp-json\/wp\/v2\/product_brand?post=6430"},{"taxonomy":"product_cat","embeddable":true,"href":"https:\/\/zubochistka.az\/az\/wp-json\/wp\/v2\/product_cat?post=6430"},{"taxonomy":"product_tag","embeddable":true,"href":"https:\/\/zubochistka.az\/az\/wp-json\/wp\/v2\/product_tag?post=6430"}],"curies":[{"name":"wp","href":"https:\/\/api.w.org\/{rel}","templated":true}]}}