{"id":776,"date":"2022-01-08T22:01:26","date_gmt":"2022-01-08T22:01:26","guid":{"rendered":"http:\/\/localhost:8888\/zubochistka.az\/?post_type=product&#038;p=776"},"modified":"2025-01-23T14:55:28","modified_gmt":"2025-01-23T10:55:28","slug":"%d0%b7%d1%83%d0%b1%d0%bd%d0%b0%d1%8f-%d0%bf%d0%b0%d1%81%d1%82%d0%b0-be-you-%d1%81%d0%be-%d0%b2%d0%ba%d1%83%d1%81%d0%be%d0%bc-%d1%8f%d0%b3%d0%be%d0%b4-%d0%bc%d0%be%d0%b6%d0%b6%d0%b5%d0%b2%d0%b5%d0%bb","status":"publish","type":"product","link":"https:\/\/zubochistka.az\/az\/product\/%d0%b7%d1%83%d0%b1%d0%bd%d0%b0%d1%8f-%d0%bf%d0%b0%d1%81%d1%82%d0%b0-be-you-%d1%81%d0%be-%d0%b2%d0%ba%d1%83%d1%81%d0%be%d0%bc-%d1%8f%d0%b3%d0%be%d0%b4-%d0%bc%d0%be%d0%b6%d0%b6%d0%b5%d0%b2%d0%b5%d0%bb\/","title":{"rendered":"Be You di\u015f m\u0259cunu 60 ml ard\u0131c gil\u0259meyv\u0259 v\u0259 xurma dadl\u0131."},"content":{"rendered":"","protected":false},"excerpt":{"rendered":"<p>Ard\u0131c gil\u0259meyv\u0259 v\u0259 xurma dad\u0131na malik olan di\u015f m\u0259cunu a\u011fard\u0131c\u0131 x\u00fcsusiyy\u0259tl\u0259r\u0259 malikdir. B\u00fct\u00fcn ail\u0259 \u00fczvl\u0259ri, el\u0259c\u0259 d\u0259 3 ya\u015fdan b\u00f6y\u00fck u\u015faqlar \u00fc\u00e7\u00fcn uy\u011fundur.<br \/>\nT\u0259rkibind\u0259 SLS yoxdur. Laktoperoksidaza ferment sistemi t\u0259rkiblidir. 60 ml.<\/p>\n<p>T\u0259rkibi:<\/p>\n<ul>\n<li style=\"list-style-type: none;\">\n<ul>\n<li>Kariyesin qar\u015f\u0131s\u0131n\u0131n al\u0131nmas\u0131 \u00fc\u00e7\u00fcn natrium monofluorofosfat 950 ppm s\u00fcr\u0259tli t\u0259sirli florid<\/li>\n<li>NANO Hydroxylapatite di\u015fl\u0259ri remineralize edir, kanal\u0131n dentini a\u00e7\u0131r v\u0259 a\u011fr\u0131 h\u0259ssasl\u0131\u011f\u0131n\u0131 azald\u0131r<\/li>\n<li>Ql\u00fckoza oksidaz, a\u011f\u0131z bo\u015flu\u011funda \u00f6z enzimatik prosesini d\u0259st\u0259kl\u0259y\u0259n, z\u0259r\u0259rli bakteriyalarla m\u00fcbariz\u0259 aparan v\u0259 t\u00fcp\u00fcrc\u0259k istehsal\u0131n\u0131 stimulla\u015fd\u0131ran, \u00f6z n\u00f6vb\u0259sind\u0259 b\u00fct\u00fcn a\u011f\u0131z bo\u015flu\u011funun floras\u0131n\u0131 uy\u011funla\u015fd\u0131ran t\u0259bii t\u00fcp\u00fcrc\u0259k fermentidir.<\/li>\n<li>Ksilitol, bo\u015fluq yaradan bakteriyalar\u0131n \u00e7oxalmas\u0131na man\u0259 t\u00f6r\u0259dir, \u00e7\u00fcr\u00fckl\u0259rin qar\u015f\u0131s\u0131n\u0131 al\u0131r. \u018fsas\u0259n a\u011fcaqay\u0131n a\u011fac\u0131ndan \u00e7\u0131xar\u0131l\u0131r v\u0259 \u015f\u0259k\u0259r  dad\u0131na b\u0259nz\u0259yir. Ksilitol h\u0259tta antibakteriald\u0131r v\u0259 di\u015f minas\u0131n\u0131 g\u00fccl\u0259ndirir.<\/li>\n<li>Echinacea, Harpagophytum (\u015feytan pen\u00e7\u0259si) v\u0259 Centella asiatica (pennyot) ekstraktlar\u0131 di\u015f \u0259tl\u0259rini v\u0259 a\u011f\u0131z mukozas\u0131n\u0131 sakitl\u0259\u015fdirir v\u0259 b\u0259rpa edir, iltihab \u0259leyhin\u0259 t\u0259sir g\u00f6st\u0259rir.<\/li>\n<li>Ac\u0131 porta\u011fal ekstrakt\u0131 a\u011f\u0131z bo\u015flu\u011funda patogen bakteriyalarla birba\u015fa m\u00fcbariz\u0259 apar\u0131r.<\/li>\n<li>\u041f\u0430\u043d\u0442\u0435\u043d\u043e\u043b &#8211; \u043f\u0440\u043e\u0432\u0438\u0442\u0430\u043c\u0438\u043d B5, \u0443\u0434\u0435\u0440\u0436\u0438\u0432\u0430\u0435\u0442 \u0441\u043b\u0438\u0437\u0438\u0441\u0442\u044b\u0435 \u043e\u0431\u043e\u043b\u043e\u0447\u043a\u0438 \u0432\u043e \u0432\u043b\u0430\u0436\u043d\u043e\u043c \u0441\u043e\u0441\u0442\u043e\u044f\u043d\u0438\u0438, \u043f\u043e\u0434\u0434\u0435\u0440\u0436\u0438\u0432\u0430\u0435\u0442 \u0437\u0430\u0436\u0438\u0432\u043b\u0435\u043d\u0438\u0435 \u0438 \u0440\u0435\u0433\u0435\u043d\u0435\u0440\u0430\u0446\u0438\u044e \u0442\u043a\u0430\u043d\u0435\u0439, \u0443\u043c\u0435\u043d\u044c\u0448\u0430\u0435\u0442 \u0432\u043e\u0441\u043f\u0430\u043b\u0435\u043d\u0438\u0435.<\/li>\n<li>\u041d\u0438\u0437\u043a\u0438\u0439 \u0438\u043d\u0434\u0435\u043a\u0441 \u0430\u0431\u0440\u0430\u0437\u0438\u0432\u043d\u043e\u0441\u0442\u0438 RDA 50 &#8211; \u043e\u0447\u0435\u043d\u044c \u0431\u0435\u0440\u0435\u0436\u043d\u043e\u0435 \u043e\u0447\u0438\u0449\u0435\u043d\u0438\u0435 \u044d\u043c\u0430\u043b\u0438.<\/li>\n<li>SLS yoxdur<\/li>\n<\/ul>\n<\/li>\n<\/ul>","protected":false},"featured_media":5626,"comment_status":"open","ping_status":"closed","template":"","meta":{"_eb_attr":"","site-sidebar-layout":"default","site-content-layout":"default","ast-site-content-layout":"default","site-content-style":"default","site-sidebar-style":"default","ast-global-header-display":"","ast-banner-title-visibility":"","ast-main-header-display":"","ast-hfb-above-header-display":"","ast-hfb-below-header-display":"","ast-hfb-mobile-header-display":"","site-post-title":"","ast-breadcrumbs-content":"","ast-featured-img":"","footer-sml-layout":"","ast-disable-related-posts":"","theme-transparent-header-meta":"default","adv-header-id-meta":"","stick-header-meta":"","header-above-stick-meta":"","header-main-stick-meta":"","header-below-stick-meta":"","astra-migrate-meta-layouts":"set","ast-page-background-enabled":"default","ast-page-background-meta":{"desktop":{"background-color":"var(--ast-global-color-4)","background-image":"","background-repeat":"repeat","background-position":"center center","background-size":"auto","background-attachment":"scroll","background-type":"","background-media":"","overlay-type":"","overlay-color":"","overlay-opacity":"","overlay-gradient":""},"tablet":{"background-color":"","background-image":"","background-repeat":"repeat","background-position":"center center","background-size":"auto","background-attachment":"scroll","background-type":"","background-media":"","overlay-type":"","overlay-color":"","overlay-opacity":"","overlay-gradient":""},"mobile":{"background-color":"","background-image":"","background-repeat":"repeat","background-position":"center center","background-size":"auto","background-attachment":"scroll","background-type":"","background-media":"","overlay-type":"","overlay-color":"","overlay-opacity":"","overlay-gradient":""}},"ast-content-background-meta":{"desktop":{"background-color":"var(--ast-global-color-5)","background-image":"","background-repeat":"repeat","background-position":"center center","background-size":"auto","background-attachment":"scroll","background-type":"","background-media":"","overlay-type":"","overlay-color":"","overlay-opacity":"","overlay-gradient":""},"tablet":{"background-color":"var(--ast-global-color-5)","background-image":"","background-repeat":"repeat","background-position":"center center","background-size":"auto","background-attachment":"scroll","background-type":"","background-media":"","overlay-type":"","overlay-color":"","overlay-opacity":"","overlay-gradient":""},"mobile":{"background-color":"var(--ast-global-color-5)","background-image":"","background-repeat":"repeat","background-position":"center center","background-size":"auto","background-attachment":"scroll","background-type":"","background-media":"","overlay-type":"","overlay-color":"","overlay-opacity":"","overlay-gradient":""}}},"product_brand":[73],"product_cat":[47,21,50,45,34,22],"product_tag":[],"class_list":{"0":"post-776","1":"product","2":"type-product","3":"status-publish","4":"has-post-thumbnail","6":"product_brand-curaprox","7":"product_cat-47","8":"product_cat-21","9":"product_cat-50","10":"product_cat-45","11":"product_cat-34","12":"product_cat-22","13":"desktop-align-left","14":"tablet-align-left","15":"mobile-align-left","17":"first","18":"instock","19":"shipping-taxable","20":"purchasable","21":"product-type-simple"},"jetpack_sharing_enabled":true,"_links":{"self":[{"href":"https:\/\/zubochistka.az\/az\/wp-json\/wp\/v2\/product\/776","targetHints":{"allow":["GET"]}}],"collection":[{"href":"https:\/\/zubochistka.az\/az\/wp-json\/wp\/v2\/product"}],"about":[{"href":"https:\/\/zubochistka.az\/az\/wp-json\/wp\/v2\/types\/product"}],"replies":[{"embeddable":true,"href":"https:\/\/zubochistka.az\/az\/wp-json\/wp\/v2\/comments?post=776"}],"wp:featuredmedia":[{"embeddable":true,"href":"https:\/\/zubochistka.az\/az\/wp-json\/wp\/v2\/media\/5626"}],"wp:attachment":[{"href":"https:\/\/zubochistka.az\/az\/wp-json\/wp\/v2\/media?parent=776"}],"wp:term":[{"taxonomy":"product_brand","embeddable":true,"href":"https:\/\/zubochistka.az\/az\/wp-json\/wp\/v2\/product_brand?post=776"},{"taxonomy":"product_cat","embeddable":true,"href":"https:\/\/zubochistka.az\/az\/wp-json\/wp\/v2\/product_cat?post=776"},{"taxonomy":"product_tag","embeddable":true,"href":"https:\/\/zubochistka.az\/az\/wp-json\/wp\/v2\/product_tag?post=776"}],"curies":[{"name":"wp","href":"https:\/\/api.w.org\/{rel}","templated":true}]}}