{"id":864,"date":"2022-01-09T00:52:32","date_gmt":"2022-01-09T00:52:32","guid":{"rendered":"http:\/\/localhost:8888\/zubochistka.az\/?post_type=product&#038;p=864"},"modified":"2025-01-23T15:09:27","modified_gmt":"2025-01-23T11:09:27","slug":"%d0%b4%d0%b5%d1%82%d1%81%d0%ba%d0%b0%d1%8f-%d0%b7%d1%83%d0%b1%d0%bd%d0%b0%d1%8f-%d1%89%d0%b5%d1%82%d0%ba%d0%b0-%d1%81s-baby-%d0%be%d1%82-0-%d0%b4%d0%be-4-%d0%bb%d0%b5%d1%82","status":"publish","type":"product","link":"https:\/\/zubochistka.az\/az\/product\/%d0%b4%d0%b5%d1%82%d1%81%d0%ba%d0%b0%d1%8f-%d0%b7%d1%83%d0%b1%d0%bd%d0%b0%d1%8f-%d1%89%d0%b5%d1%82%d0%ba%d0%b0-%d1%81s-baby-%d0%be%d1%82-0-%d0%b4%d0%be-4-%d0%bb%d0%b5%d1%82\/","title":{"rendered":"U\u015faq di\u015f f\u0131r\u00e7as\u0131 CURAkid CK4260 super soft"},"content":{"rendered":"","protected":false},"excerpt":{"rendered":"<p>CS U\u015faq Di\u015f F\u0131r\u00e7as\u0131 4260 ultra nazik v\u0259 ultra yum\u015faq t\u00fckc\u00fckl\u0259r\u0259 malikdir v\u0259 k\u00f6rp\u0259nin ilk di\u015fl\u0259ri v\u0259 di\u015f \u0259tl\u0259ri \u00fc\u00e7\u00fcn olduqca yum\u015faqd\u0131r. U\u015faq di\u015f f\u0131r\u00e7as\u0131n\u0131n qal\u0131n rezinl\u0259\u015fdirilmi\u015f tutaca\u011f\u0131 u\u015fa\u011f\u0131n inc\u0259 di\u015f \u0259tl\u0259rini z\u0259d\u0259l\u0259m\u0259m\u0259y\u0259 v\u0259 u\u015faqlar \u00fc\u00e7\u00fcn a\u011f\u0131z gigiyenas\u0131n\u0131 t\u0259kba\u015f\u0131na h\u0259yata ke\u00e7irm\u0259y\u0259 imkan verir v\u0259 h\u0259m\u00e7inin valideynl\u0259r\u0259 k\u00f6rp\u0259nin di\u015fl\u0259rini f\u0131r\u00e7alama\u011f\u0131nda k\u00f6m\u0259klik edir. \u0130lk di\u015fin g\u00f6r\u00fcnm\u0259si il\u0259 bu f\u0131r\u00e7an\u0131 istifad\u0259 ed\u0259 bil\u0259rsiniz. 4 ya\u015fa q\u0259d\u0259r u\u015faqlar \u00fc\u00e7\u00fcn uy\u011fundur. B\u00fct\u00fcn CURAPROX u\u015faq m\u0259hsullar\u0131 m\u00fct\u0259x\u0259ssisl\u0259rin v\u0259 u\u015faq stomatoloqlar\u0131n\u0131n k\u00f6m\u0259yi il\u0259 haz\u0131rlan\u0131r. U\u015faqlar \u00fc\u00e7\u00fcn m\u0259hsullar yaradan zamazn \u0259yl\u0259nc\u0259li yana\u015fma u\u015faqlar\u0131n q\u0259lbini ilk g\u00f6r\u00fc\u015fd\u0259n f\u0259th edir. CURAPROXun u\u015faq m\u0259hsullar\u0131 valideynl\u0259rin v\u0259 pe\u015f\u0259karlar\u0131n g\u00f6zl\u0259ntil\u0259rin\u0259 tam cavab verir.<\/p>","protected":false},"featured_media":5400,"comment_status":"open","ping_status":"closed","template":"","meta":{"_eb_attr":"","site-sidebar-layout":"default","site-content-layout":"default","ast-site-content-layout":"default","site-content-style":"default","site-sidebar-style":"default","ast-global-header-display":"","ast-banner-title-visibility":"","ast-main-header-display":"","ast-hfb-above-header-display":"","ast-hfb-below-header-display":"","ast-hfb-mobile-header-display":"","site-post-title":"","ast-breadcrumbs-content":"","ast-featured-img":"","footer-sml-layout":"","theme-transparent-header-meta":"default","adv-header-id-meta":"","stick-header-meta":"","header-above-stick-meta":"","header-main-stick-meta":"","header-below-stick-meta":"","astra-migrate-meta-layouts":"set","ast-page-background-enabled":"default","ast-page-background-meta":{"desktop":{"background-color":"var(--ast-global-color-4)","background-image":"","background-repeat":"repeat","background-position":"center center","background-size":"auto","background-attachment":"scroll","background-type":"","background-media":"","overlay-type":"","overlay-color":"","overlay-opacity":"","overlay-gradient":""},"tablet":{"background-color":"","background-image":"","background-repeat":"repeat","background-position":"center center","background-size":"auto","background-attachment":"scroll","background-type":"","background-media":"","overlay-type":"","overlay-color":"","overlay-opacity":"","overlay-gradient":""},"mobile":{"background-color":"","background-image":"","background-repeat":"repeat","background-position":"center center","background-size":"auto","background-attachment":"scroll","background-type":"","background-media":"","overlay-type":"","overlay-color":"","overlay-opacity":"","overlay-gradient":""}},"ast-content-background-meta":{"desktop":{"background-color":"var(--ast-global-color-5)","background-image":"","background-repeat":"repeat","background-position":"center center","background-size":"auto","background-attachment":"scroll","background-type":"","background-media":"","overlay-type":"","overlay-color":"","overlay-opacity":"","overlay-gradient":""},"tablet":{"background-color":"var(--ast-global-color-5)","background-image":"","background-repeat":"repeat","background-position":"center center","background-size":"auto","background-attachment":"scroll","background-type":"","background-media":"","overlay-type":"","overlay-color":"","overlay-opacity":"","overlay-gradient":""},"mobile":{"background-color":"var(--ast-global-color-5)","background-image":"","background-repeat":"repeat","background-position":"center center","background-size":"auto","background-attachment":"scroll","background-type":"","background-media":"","overlay-type":"","overlay-color":"","overlay-opacity":"","overlay-gradient":""}}},"product_brand":[73],"product_cat":[28,35],"product_tag":[],"class_list":{"0":"post-864","1":"product","2":"type-product","3":"status-publish","4":"has-post-thumbnail","6":"product_brand-curaprox","7":"product_cat-28","8":"product_cat-35","9":"desktop-align-left","10":"tablet-align-left","11":"mobile-align-left","13":"first","14":"instock","15":"shipping-taxable","16":"purchasable","17":"product-type-variable"},"jetpack_sharing_enabled":true,"_links":{"self":[{"href":"https:\/\/zubochistka.az\/az\/wp-json\/wp\/v2\/product\/864","targetHints":{"allow":["GET"]}}],"collection":[{"href":"https:\/\/zubochistka.az\/az\/wp-json\/wp\/v2\/product"}],"about":[{"href":"https:\/\/zubochistka.az\/az\/wp-json\/wp\/v2\/types\/product"}],"replies":[{"embeddable":true,"href":"https:\/\/zubochistka.az\/az\/wp-json\/wp\/v2\/comments?post=864"}],"wp:featuredmedia":[{"embeddable":true,"href":"https:\/\/zubochistka.az\/az\/wp-json\/wp\/v2\/media\/5400"}],"wp:attachment":[{"href":"https:\/\/zubochistka.az\/az\/wp-json\/wp\/v2\/media?parent=864"}],"wp:term":[{"taxonomy":"product_brand","embeddable":true,"href":"https:\/\/zubochistka.az\/az\/wp-json\/wp\/v2\/product_brand?post=864"},{"taxonomy":"product_cat","embeddable":true,"href":"https:\/\/zubochistka.az\/az\/wp-json\/wp\/v2\/product_cat?post=864"},{"taxonomy":"product_tag","embeddable":true,"href":"https:\/\/zubochistka.az\/az\/wp-json\/wp\/v2\/product_tag?post=864"}],"curies":[{"name":"wp","href":"https:\/\/api.w.org\/{rel}","templated":true}]}}