{"id":935,"date":"2022-01-09T02:51:30","date_gmt":"2022-01-08T22:51:30","guid":{"rendered":"http:\/\/localhost:8888\/zubochistka.az\/?post_type=product&#038;p=935"},"modified":"2025-01-23T15:20:21","modified_gmt":"2025-01-23T11:20:21","slug":"cs-kids-mint-60-%d0%bc%d0%bb","status":"publish","type":"product","link":"https:\/\/zubochistka.az\/az\/product\/cs-kids-mint-60-%d0%bc%d0%bb\/","title":{"rendered":"CS KIDS MINT, 60 ML"},"content":{"rendered":"","protected":false},"excerpt":{"rendered":"<p>T\u0259rav\u0259tli v\u0259 \u015firin nan\u0259 dadl\u0131 u\u015faq di\u015f m\u0259cunu.<\/p>\n<p>Di\u015f pastas\u0131 t\u0259rav\u0259tl\u0259ndirici bir nan\u0259 dad\u0131na sahib olduqda, f\u0131r\u00e7alamaq daha z\u00f6vql\u00fc olur. Di\u015f m\u0259cunundak\u0131 florid, s\u00fcd di\u015fl\u0259rini tur\u015f qidalar v\u0259 di\u015f \u00e7\u00fcr\u00fcm\u0259l\u0259rin\u0259 qar\u015f\u0131 etibarl\u0131, davaml\u0131 qoruma il\u0259 t\u0259min edir. 1450 ppm fl\u00fcorid t\u0259rkibli bu di\u015f macunu, ya\u015f\u0131 nisb\u0259t\u0259n b\u00f6y\u00fck u\u015faqlar \u00fc\u00e7\u00fcn (alt\u0131 ya\u015f v\u0259 yuxar\u0131) uy\u011fundur.<\/p>\n<p>U\u015faqlar sa\u011flam di\u015fl\u0259ri tez dadacaqlar: bu di\u015f pastas\u0131 di\u015f v\u0259 di\u015f \u0259tini qoruyur v\u0259 g\u00fccl\u0259ndirir. \u015eirin meyv\u0259li l\u0259zz\u0259ti say\u0259sind\u0259 k\u00f6rp\u0259l\u0259rinizin \u00fcz\u00fcn\u0259 sa\u011flam bir t\u0259b\u0259ss\u00fcm b\u0259x\u015f edir.<\/p>\n<p>Bu di\u015f pastas\u0131n\u0131n t\u0259rkibind\u0259 SLS, triklosan v\u0259 ya mikroplastik kimi z\u0259r\u0259rli madd\u0259l\u0259r yoxdur. CS kids m\u0259cunun t\u0259rkibind\u0259 n\u0259 var? Yaln\u0131z yax\u015f\u0131 \u015feyl\u0259r:<\/p>\n<p>Di\u015fl\u0259ri g\u00fccl\u0259ndir\u0259n florid, 1450 ppm m\u0259zmuna malikdir v\u0259 alt\u0131 ya\u015fdan yuxar\u0131 u\u015faqlar \u00fc\u00e7\u00fcn ideald\u0131r.<\/p>\n<p>Fermentl\u0259r ba\u015fqa bir t\u0259rkib hiss\u0259sidir. Onlar di\u015f minas\u0131n\u0131n remineralizasiyas\u0131nda h\u0259r\u0259k\u0259t ed\u0259 bilm\u0259k \u00fc\u00e7\u00fcn t\u00fcp\u00fcrc\u0259yin t\u0259bii qoruyucu rolunu d\u0259st\u0259kl\u0259yir.<\/p>\n<p>Di\u015f m\u0259cununun qurumas\u0131n\u0131n qar\u015f\u0131s\u0131n\u0131 alan sorbitol.<\/p>\n<p>Bakteriyalardan qoruyan v\u0259 di\u015fl\u0259ri g\u00fccl\u0259ndir\u0259n ksilitol (AKA a\u011fcaqay\u0131n \u015f\u0259k\u0259ri)<\/p>\n<p>\u00dcmid edirik ki, u\u015faqlar\u0131n\u0131z bu meyv\u0259li l\u0259zz\u0259tl\u0259 di\u015fl\u0259rini f\u0131r\u00e7alamaqdan z\u00f6vq alacaqlar!<\/p>","protected":false},"featured_media":5635,"comment_status":"open","ping_status":"closed","template":"","meta":{"_eb_attr":"","site-sidebar-layout":"default","site-content-layout":"default","ast-site-content-layout":"default","site-content-style":"default","site-sidebar-style":"default","ast-global-header-display":"","ast-banner-title-visibility":"","ast-main-header-display":"","ast-hfb-above-header-display":"","ast-hfb-below-header-display":"","ast-hfb-mobile-header-display":"","site-post-title":"","ast-breadcrumbs-content":"","ast-featured-img":"","footer-sml-layout":"","theme-transparent-header-meta":"default","adv-header-id-meta":"","stick-header-meta":"","header-above-stick-meta":"","header-main-stick-meta":"","header-below-stick-meta":"","astra-migrate-meta-layouts":"set","ast-page-background-enabled":"default","ast-page-background-meta":{"desktop":{"background-color":"var(--ast-global-color-4)","background-image":"","background-repeat":"repeat","background-position":"center center","background-size":"auto","background-attachment":"scroll","background-type":"","background-media":"","overlay-type":"","overlay-color":"","overlay-opacity":"","overlay-gradient":""},"tablet":{"background-color":"","background-image":"","background-repeat":"repeat","background-position":"center center","background-size":"auto","background-attachment":"scroll","background-type":"","background-media":"","overlay-type":"","overlay-color":"","overlay-opacity":"","overlay-gradient":""},"mobile":{"background-color":"","background-image":"","background-repeat":"repeat","background-position":"center center","background-size":"auto","background-attachment":"scroll","background-type":"","background-media":"","overlay-type":"","overlay-color":"","overlay-opacity":"","overlay-gradient":""}},"ast-content-background-meta":{"desktop":{"background-color":"var(--ast-global-color-5)","background-image":"","background-repeat":"repeat","background-position":"center center","background-size":"auto","background-attachment":"scroll","background-type":"","background-media":"","overlay-type":"","overlay-color":"","overlay-opacity":"","overlay-gradient":""},"tablet":{"background-color":"var(--ast-global-color-5)","background-image":"","background-repeat":"repeat","background-position":"center center","background-size":"auto","background-attachment":"scroll","background-type":"","background-media":"","overlay-type":"","overlay-color":"","overlay-opacity":"","overlay-gradient":""},"mobile":{"background-color":"var(--ast-global-color-5)","background-image":"","background-repeat":"repeat","background-position":"center center","background-size":"auto","background-attachment":"scroll","background-type":"","background-media":"","overlay-type":"","overlay-color":"","overlay-opacity":"","overlay-gradient":""}}},"product_brand":[73],"product_cat":[28,36],"product_tag":[],"class_list":{"0":"post-935","1":"product","2":"type-product","3":"status-publish","4":"has-post-thumbnail","6":"product_brand-curaprox","7":"product_cat-28","8":"product_cat-36","9":"desktop-align-left","10":"tablet-align-left","11":"mobile-align-left","13":"first","14":"instock","15":"shipping-taxable","16":"purchasable","17":"product-type-simple"},"jetpack_sharing_enabled":true,"_links":{"self":[{"href":"https:\/\/zubochistka.az\/az\/wp-json\/wp\/v2\/product\/935","targetHints":{"allow":["GET"]}}],"collection":[{"href":"https:\/\/zubochistka.az\/az\/wp-json\/wp\/v2\/product"}],"about":[{"href":"https:\/\/zubochistka.az\/az\/wp-json\/wp\/v2\/types\/product"}],"replies":[{"embeddable":true,"href":"https:\/\/zubochistka.az\/az\/wp-json\/wp\/v2\/comments?post=935"}],"wp:featuredmedia":[{"embeddable":true,"href":"https:\/\/zubochistka.az\/az\/wp-json\/wp\/v2\/media\/5635"}],"wp:attachment":[{"href":"https:\/\/zubochistka.az\/az\/wp-json\/wp\/v2\/media?parent=935"}],"wp:term":[{"taxonomy":"product_brand","embeddable":true,"href":"https:\/\/zubochistka.az\/az\/wp-json\/wp\/v2\/product_brand?post=935"},{"taxonomy":"product_cat","embeddable":true,"href":"https:\/\/zubochistka.az\/az\/wp-json\/wp\/v2\/product_cat?post=935"},{"taxonomy":"product_tag","embeddable":true,"href":"https:\/\/zubochistka.az\/az\/wp-json\/wp\/v2\/product_tag?post=935"}],"curies":[{"name":"wp","href":"https:\/\/api.w.org\/{rel}","templated":true}]}}